{"id":1124,"date":"2026-04-19T20:40:00","date_gmt":"2026-04-19T20:40:00","guid":{"rendered":"https:\/\/kettukallio-testi.fi\/?page_id=1124"},"modified":"2026-04-27T19:49:15","modified_gmt":"2026-04-27T19:49:15","slug":"unityynyri","status":"publish","type":"page","link":"https:\/\/kettukallio-testi.fi\/en\/majoitus\/unityynyri\/","title":{"rendered":"Sleep barrel"},"content":{"rendered":"<div class=\"wp-block-cover alignfull is-light\"><img loading=\"lazy\" decoding=\"async\" width=\"590\" height=\"442\" class=\"wp-block-cover__image-background wp-image-1138 size-full\" alt=\"\" src=\"https:\/\/kettukallio-testi.fi\/wp-content\/uploads\/2026\/04\/Unitynnyri1_Kettukallion_Elmystila_Lohja_590x.jpg\" data-object-fit=\"cover\" srcset=\"https:\/\/kettukallio-testi.fi\/wp-content\/uploads\/2026\/04\/Unitynnyri1_Kettukallion_Elmystila_Lohja_590x.jpg 590w, https:\/\/kettukallio-testi.fi\/wp-content\/uploads\/2026\/04\/Unitynnyri1_Kettukallion_Elmystila_Lohja_590x-300x225.jpg 300w, https:\/\/kettukallio-testi.fi\/wp-content\/uploads\/2026\/04\/Unitynnyri1_Kettukallion_Elmystila_Lohja_590x-16x12.jpg 16w\" sizes=\"auto, (max-width: 590px) 100vw, 590px\" \/><span aria-hidden=\"true\" class=\"wp-block-cover__background has-background-dim-0 has-background-dim\" style=\"background-color:#8d8a7d\"><\/span><div class=\"wp-block-cover__inner-container is-layout-constrained wp-block-cover-is-layout-constrained\">\n<p><\/p>\n<\/div><\/div>\n\n\n\n<div class=\"wp-block-uagb-container uagb-block-eto48ksr alignfull uagb-is-root-container\"><div class=\"uagb-container-inner-blocks-wrap\">\n<div class=\"wp-block-uagb-container uagb-block-7xyftvta\">\n<div class=\"wp-block-uagb-image alignleft uagb-block-dygw63gk wp-block-uagb-image--layout-default wp-block-uagb-image--effect-static wp-block-uagb-image--align-left\"><figure class=\"wp-block-uagb-image__figure\"><img decoding=\"async\" srcset=\"https:\/\/kettukallio-testi.fi\/wp-content\/uploads\/2026\/04\/Unitynnyri1_Kettukallion_Elmystila_Lohja_590x.jpg ,https:\/\/kettukallio-testi.fi\/wp-content\/uploads\/2026\/04\/Unitynnyri1_Kettukallion_Elmystila_Lohja_590x.jpg 780w, https:\/\/kettukallio-testi.fi\/wp-content\/uploads\/2026\/04\/Unitynnyri1_Kettukallion_Elmystila_Lohja_590x.jpg 360w\" sizes=\"auto, (max-width: 480px) 150px\" src=\"https:\/\/kettukallio-testi.fi\/wp-content\/uploads\/2026\/04\/Unitynnyri1_Kettukallion_Elmystila_Lohja_590x.jpg\" alt=\"\" class=\"uag-image-1138\" width=\"467\" height=\"400\" title=\"Unitynnyri1_Kettukallion_Elmystila_Lohja_590x\" loading=\"lazy\" role=\"img\"\/><\/figure><\/div>\n\n\n\n<div class=\"wp-block-uagb-info-box uagb-block-l4mp1vf6 uagb-infobox__content-wrap  uagb-infobox-icon-above-title uagb-infobox-image-valign-top\"><div class=\"uagb-ifb-content\"><div class=\"uagb-ifb-title-wrap\"><h3 class=\"uagb-ifb-title\">unityynyri<\/h3><\/div><p class=\"uagb-ifb-desc\">Vanha saunatynnyri koki muodonmuutoksen ja palvelee majoittujia kes\u00e4aikaan vieh\u00e4tt\u00e4v\u00e4n\u00e4 unitynnyrin\u00e4.<br>Unitynnyri sijaitsee luhtiaitan naapurissa, mets\u00e4n laidassa.<br>Majoitustilassa on 180cm leve\u00e4 s\u00e4nky petivaatteineen.<br>Unitynnyriss\u00e4 on s\u00e4hk\u00f6l\u00e4mmitys ja -valaistus ja se on k\u00e4yt\u00f6ss\u00e4 ns. sulan maan aikana.<br>Unitynnyrin varanneilla on k\u00e4yt\u00f6ss\u00e4\u00e4n l\u00e4heiset ulkohuussit. Huussille tulee l\u00e4mmin juokseva vesi ja toisessa kopissa on vauvanhoitop\u00f6yt\u00e4, potta ja s\u00e4hk\u00f6pistoke. Lis\u00e4ksi huussissa on s\u00e4hk\u00f6valaistus ja ramppi liikuntarajoitteisia varten.<\/p><\/div><\/div>\n<\/div>\n\n\n\n<hr class=\"wp-block-separator has-text-color has-ast-global-color-0-color has-alpha-channel-opacity has-ast-global-color-0-background-color has-background is-style-default\"\/>\n\n\n\n<div class=\"wp-block-uagb-container uagb-block-vokjcevh\">\n<div class=\"wp-block-uagb-info-box uagb-block-y4mk5hug uagb-infobox__content-wrap  uagb-infobox-icon-above-title uagb-infobox-image-valign-top\"><div class=\"uagb-ifb-content\"><div class=\"uagb-ifb-title-wrap\"><h3 class=\"uagb-ifb-title\">Peti ja Patonki arkip\u00e4ivisin kes\u00e4aikaan<\/h3><\/div><p class=\"uagb-ifb-desc\">Unitynnyrin voi varata kes\u00e4aikaan arkip\u00e4iville bed and breakfast -periaatteella.<br>T\u00e4ll\u00f6in teill\u00e4 on k\u00e4yt\u00f6ss\u00e4nne unitynnyri, isot piha-alueet grillipaikkoineen sek\u00e4 savusaunan tupa keitti\u00f6tilaksi. Halutessanne voitte l\u00e4mmitt\u00e4\u00e4 puul\u00e4mmitteisen k\u00e4rrysaunan ja pulahtaa mets\u00e4lampeen virkist\u00e4v\u00e4lle uinnille.<br>Lakanat ja aamupala sis\u00e4ltyv\u00e4t hintaan. Voitte tilata meilt\u00e4 etuk\u00e4teen nuotiolettusetin, grillimakkaraa tai tarvikkeet nokipannukahvien keittoon, jotta illanvietto olisi viel\u00e4 mukavampaa.&nbsp;<br>Omien ruokien ja juomien tuominen on my\u00f6s ok.<br>B&amp;B-majoitus on varattavissa verkkokaupastamme. Voit my\u00f6s ottaa yhteytt\u00e4 vaikkapa puhelimitse tai s\u00e4hk\u00f6postilla, jos jokin seikka askarruttaa mielt\u00e4.<\/p><\/div><\/div>\n\n\n\n<div class=\"wp-block-uagb-image alignleft uagb-block-n509nbhd wp-block-uagb-image--layout-default wp-block-uagb-image--effect-static wp-block-uagb-image--align-left\"><figure class=\"wp-block-uagb-image__figure\"><img decoding=\"async\" srcset=\"https:\/\/kettukallio-testi.fi\/wp-content\/uploads\/2026\/04\/Unitynnyri2_Kettukallion_Elmystila_Lohja_590x.jpg ,https:\/\/kettukallio-testi.fi\/wp-content\/uploads\/2026\/04\/Unitynnyri2_Kettukallion_Elmystila_Lohja_590x.jpg 780w, https:\/\/kettukallio-testi.fi\/wp-content\/uploads\/2026\/04\/Unitynnyri2_Kettukallion_Elmystila_Lohja_590x.jpg 360w\" sizes=\"auto, (max-width: 480px) 150px\" src=\"https:\/\/kettukallio-testi.fi\/wp-content\/uploads\/2026\/04\/Unitynnyri2_Kettukallion_Elmystila_Lohja_590x.jpg\" alt=\"\" class=\"uag-image-1517\" width=\"432\" height=\"400\" title=\"Unitynnyri2_Kettukallion_Elmystila_Lohja_590x\" loading=\"lazy\" role=\"img\"\/><\/figure><\/div>\n<\/div>\n\n\n\n<hr class=\"wp-block-separator has-text-color has-ast-global-color-1-color has-alpha-channel-opacity has-ast-global-color-1-background-color has-background\"\/>\n\n\n\n<div class=\"inherit-container-width wp-block-group alignfull is-style-ext-preset--group--natural-1--section ext-animate--on has-background-background-color has-background is-layout-constrained wp-container-core-group-is-layout-e955bbaf wp-block-group-is-layout-constrained\" style=\"margin-top:0;margin-bottom:0;padding-top:var(--wp--preset--spacing--70);padding-bottom:var(--wp--preset--spacing--70)\">\n<div class=\"wp-block-media-text alignwide has-media-on-the-right is-stacked-on-mobile is-image-fill-element is-style-ext-preset--media-text--natural-1--card-1 ext-animate--on has-tertiary-background-color has-background\"><div class=\"wp-block-media-text__content\">\n<div class=\"wp-block-group alignwide ext-animate--on is-vertical is-layout-flex wp-container-core-group-is-layout-53474e87 wp-block-group-is-layout-flex\" style=\"padding-top:var(--wp--preset--spacing--60);padding-bottom:var(--wp--preset--spacing--60)\">\n<div class=\"wp-block-group ext-animate--on is-layout-constrained wp-container-core-group-is-layout-812d5580 wp-block-group-is-layout-constrained\" style=\"padding-top:0;padding-right:0;padding-bottom:0;padding-left:0\">\n<h2 class=\"wp-block-heading ext-animate--on\">varaa nyt<\/h2>\n\n\n\n<p class=\"ext-animate--on\"><\/p>\n<\/div>\n\n\n\n<div class=\"wp-block-buttons ext-animate--on is-layout-flex wp-block-buttons-is-layout-flex\">\n<div class=\"wp-block-button is-style-ext-preset--button--natural-1--button-1 ext-animate--on\"><a class=\"wp-block-button__link wp-element-button\" href=\"#\">Webshop<\/a><\/div>\n\n\n\n<div class=\"wp-block-button is-style-ext-preset--button--natural-1--button-1 ext-animate--on\"><a class=\"wp-block-button__link wp-element-button\" href=\"#\">varauskalenteri<\/a><\/div>\n\n\n\n<div class=\"wp-block-button is-style-ext-preset--button--natural-1--button-1 ext-animate--on\"><a class=\"wp-block-button__link wp-element-button\" href=\"#\">Contact us<\/a><\/div>\n<\/div>\n<\/div>\n<\/div><figure class=\"wp-block-media-text__media\"><img loading=\"lazy\" decoding=\"async\" width=\"1440\" height=\"1080\" src=\"https:\/\/kettukallio-testi.fi\/wp-content\/uploads\/2026\/03\/e04aee2becb956ec848e33bbce3d4b089c4c319b.jpg\" alt=\"\" class=\"wp-image-282 size-full\" style=\"object-position:50% 50%\" srcset=\"https:\/\/kettukallio-testi.fi\/wp-content\/uploads\/2026\/03\/e04aee2becb956ec848e33bbce3d4b089c4c319b.jpg 1440w, https:\/\/kettukallio-testi.fi\/wp-content\/uploads\/2026\/03\/e04aee2becb956ec848e33bbce3d4b089c4c319b-300x225.jpg 300w, https:\/\/kettukallio-testi.fi\/wp-content\/uploads\/2026\/03\/e04aee2becb956ec848e33bbce3d4b089c4c319b-1024x768.jpg 1024w, https:\/\/kettukallio-testi.fi\/wp-content\/uploads\/2026\/03\/e04aee2becb956ec848e33bbce3d4b089c4c319b-768x576.jpg 768w, https:\/\/kettukallio-testi.fi\/wp-content\/uploads\/2026\/03\/e04aee2becb956ec848e33bbce3d4b089c4c319b-16x12.jpg 16w\" sizes=\"auto, (max-width: 1440px) 100vw, 1440px\" \/><\/figure><\/div>\n<\/div>\n<\/div><\/div>","protected":false},"excerpt":{"rendered":"<p>varaa nyt<\/p>","protected":false},"author":1,"featured_media":0,"parent":190,"menu_order":0,"comment_status":"closed","ping_status":"closed","template":"","meta":{"_uag_custom_page_level_css":"","_monsterinsights_skip_tracking":false,"_monsterinsights_sitenote_active":false,"_monsterinsights_sitenote_note":"","_monsterinsights_sitenote_category":0,"site-sidebar-layout":"default","site-content-layout":"","ast-site-content-layout":"default","site-content-style":"default","site-sidebar-style":"default","ast-global-header-display":"","ast-banner-title-visibility":"","ast-main-header-display":"","ast-hfb-above-header-display":"","ast-hfb-below-header-display":"","ast-hfb-mobile-header-display":"","site-post-title":"disabled","ast-breadcrumbs-content":"","ast-featured-img":"","footer-sml-layout":"","ast-disable-related-posts":"","theme-transparent-header-meta":"","adv-header-id-meta":"","stick-header-meta":"","header-above-stick-meta":"","header-main-stick-meta":"","header-below-stick-meta":"","astra-migrate-meta-layouts":"set","ast-page-background-enabled":"default","ast-page-background-meta":{"desktop":{"background-color":"var(--ast-global-color-4)","background-image":"","background-repeat":"repeat","background-position":"center center","background-size":"auto","background-attachment":"scroll","background-type":"","background-media":"","overlay-type":"","overlay-color":"","overlay-opacity":"","overlay-gradient":""},"tablet":{"background-color":"","background-image":"","background-repeat":"repeat","background-position":"center center","background-size":"auto","background-attachment":"scroll","background-type":"","background-media":"","overlay-type":"","overlay-color":"","overlay-opacity":"","overlay-gradient":""},"mobile":{"background-color":"","background-image":"","background-repeat":"repeat","background-position":"center center","background-size":"auto","background-attachment":"scroll","background-type":"","background-media":"","overlay-type":"","overlay-color":"","overlay-opacity":"","overlay-gradient":""}},"ast-content-background-meta":{"desktop":{"background-color":"var(--ast-global-color-5)","background-image":"","background-repeat":"repeat","background-position":"center center","background-size":"auto","background-attachment":"scroll","background-type":"","background-media":"","overlay-type":"","overlay-color":"","overlay-opacity":"","overlay-gradient":""},"tablet":{"background-color":"var(--ast-global-color-5)","background-image":"","background-repeat":"repeat","background-position":"center center","background-size":"auto","background-attachment":"scroll","background-type":"","background-media":"","overlay-type":"","overlay-color":"","overlay-opacity":"","overlay-gradient":""},"mobile":{"background-color":"var(--ast-global-color-5)","background-image":"","background-repeat":"repeat","background-position":"center center","background-size":"auto","background-attachment":"scroll","background-type":"","background-media":"","overlay-type":"","overlay-color":"","overlay-opacity":"","overlay-gradient":""}},"footnotes":""},"class_list":["post-1124","page","type-page","status-publish","hentry"],"uagb_featured_image_src":{"full":false,"thumbnail":false,"medium":false,"medium_large":false,"large":false,"1536x1536":false,"2048x2048":false,"trp-custom-language-flag":false},"uagb_author_info":{"display_name":"admin","author_link":"https:\/\/kettukallio-testi.fi\/en\/author\/admin\/"},"uagb_comment_info":0,"uagb_excerpt":"varaa nyt","_links":{"self":[{"href":"https:\/\/kettukallio-testi.fi\/en\/wp-json\/wp\/v2\/pages\/1124","targetHints":{"allow":["GET"]}}],"collection":[{"href":"https:\/\/kettukallio-testi.fi\/en\/wp-json\/wp\/v2\/pages"}],"about":[{"href":"https:\/\/kettukallio-testi.fi\/en\/wp-json\/wp\/v2\/types\/page"}],"author":[{"embeddable":true,"href":"https:\/\/kettukallio-testi.fi\/en\/wp-json\/wp\/v2\/users\/1"}],"replies":[{"embeddable":true,"href":"https:\/\/kettukallio-testi.fi\/en\/wp-json\/wp\/v2\/comments?post=1124"}],"version-history":[{"count":4,"href":"https:\/\/kettukallio-testi.fi\/en\/wp-json\/wp\/v2\/pages\/1124\/revisions"}],"predecessor-version":[{"id":1521,"href":"https:\/\/kettukallio-testi.fi\/en\/wp-json\/wp\/v2\/pages\/1124\/revisions\/1521"}],"up":[{"embeddable":true,"href":"https:\/\/kettukallio-testi.fi\/en\/wp-json\/wp\/v2\/pages\/190"}],"wp:attachment":[{"href":"https:\/\/kettukallio-testi.fi\/en\/wp-json\/wp\/v2\/media?parent=1124"}],"curies":[{"name":"wp","href":"https:\/\/api.w.org\/{rel}","templated":true}]}}