{"id":1141,"date":"2026-04-19T20:42:36","date_gmt":"2026-04-19T20:42:36","guid":{"rendered":"https:\/\/kettukallio-testi.fi\/?page_id=1141"},"modified":"2026-04-28T14:25:02","modified_gmt":"2026-04-28T14:25:02","slug":"ohjelmapalvelut","status":"publish","type":"page","link":"https:\/\/kettukallio-testi.fi\/en\/elamykset\/ohjelmapalvelut\/","title":{"rendered":"Activities"},"content":{"rendered":"<div class=\"wp-block-cover alignfull\"><img loading=\"lazy\" decoding=\"async\" width=\"1024\" height=\"682\" class=\"wp-block-cover__image-background wp-image-1312 size-large\" alt=\"brick wall, chairs, furniture, interior design, lights, restaurant, table, rustic, interior decoration, restaurant, restaurant, restaurant, restaurant, restaurant, table\" src=\"https:\/\/kettukallio-testi.fi\/wp-content\/uploads\/2026\/04\/g80d3124c7a77bb8f9d2c5598734ed72e31d7b6c8689be352715e8ea887d445512b2b82b2a3c48dc707827c5b351b8311a81949db08f946ba9d3f5afc5f8e3387_1280-1834784-1024x682.jpg\" data-object-fit=\"cover\" srcset=\"https:\/\/kettukallio-testi.fi\/wp-content\/uploads\/2026\/04\/g80d3124c7a77bb8f9d2c5598734ed72e31d7b6c8689be352715e8ea887d445512b2b82b2a3c48dc707827c5b351b8311a81949db08f946ba9d3f5afc5f8e3387_1280-1834784-1024x682.jpg 1024w, https:\/\/kettukallio-testi.fi\/wp-content\/uploads\/2026\/04\/g80d3124c7a77bb8f9d2c5598734ed72e31d7b6c8689be352715e8ea887d445512b2b82b2a3c48dc707827c5b351b8311a81949db08f946ba9d3f5afc5f8e3387_1280-1834784-300x200.jpg 300w, https:\/\/kettukallio-testi.fi\/wp-content\/uploads\/2026\/04\/g80d3124c7a77bb8f9d2c5598734ed72e31d7b6c8689be352715e8ea887d445512b2b82b2a3c48dc707827c5b351b8311a81949db08f946ba9d3f5afc5f8e3387_1280-1834784-768x512.jpg 768w, https:\/\/kettukallio-testi.fi\/wp-content\/uploads\/2026\/04\/g80d3124c7a77bb8f9d2c5598734ed72e31d7b6c8689be352715e8ea887d445512b2b82b2a3c48dc707827c5b351b8311a81949db08f946ba9d3f5afc5f8e3387_1280-1834784-18x12.jpg 18w, https:\/\/kettukallio-testi.fi\/wp-content\/uploads\/2026\/04\/g80d3124c7a77bb8f9d2c5598734ed72e31d7b6c8689be352715e8ea887d445512b2b82b2a3c48dc707827c5b351b8311a81949db08f946ba9d3f5afc5f8e3387_1280-1834784.jpg 1280w\" sizes=\"auto, (max-width: 1024px) 100vw, 1024px\" \/><span aria-hidden=\"true\" class=\"wp-block-cover__background has-background-dim-10 has-background-dim\" style=\"background-color:#866a60\"><\/span><div class=\"wp-block-cover__inner-container is-layout-constrained wp-block-cover-is-layout-constrained\">\n<p class=\"has-text-align-center has-large-font-size\"><\/p>\n<\/div><\/div>\n\n\n\n<div class=\"wp-block-uagb-container uagb-block-uf94xogd alignfull uagb-is-root-container\"><div class=\"uagb-container-inner-blocks-wrap\">\n<div class=\"wp-block-uagb-info-box uagb-block-s52xnktb uagb-infobox__content-wrap  uagb-infobox-icon-above-title uagb-infobox-image-valign-top\"><div class=\"uagb-ifb-content\"><div class=\"uagb-ifb-title-wrap\"><h2 class=\"uagb-ifb-title\">ohjelmapalvelut aikuisille ja lapsille<\/h2><\/div><p class=\"uagb-ifb-desc\">teksti, esittely<\/p><\/div><\/div>\n\n\n\n<div class=\"wp-block-uagb-container uagb-block-lslcojax\">\n<div class=\"wp-block-uagb-container uagb-block-ykkpnbiv\">\n<div class=\"wp-block-uagb-image alignleft uagb-block-nhvimmgg wp-block-uagb-image--layout-default wp-block-uagb-image--effect-static wp-block-uagb-image--align-left\"><figure class=\"wp-block-uagb-image__figure\"><img decoding=\"async\" srcset=\"https:\/\/kettukallio-testi.fi\/wp-content\/uploads\/2026\/04\/koululaiset_590x.jpg ,https:\/\/kettukallio-testi.fi\/wp-content\/uploads\/2026\/04\/koululaiset_590x.jpg 780w, https:\/\/kettukallio-testi.fi\/wp-content\/uploads\/2026\/04\/koululaiset_590x.jpg 360w\" sizes=\"auto, (max-width: 480px) 150px\" src=\"https:\/\/kettukallio-testi.fi\/wp-content\/uploads\/2026\/04\/koululaiset_590x.jpg\" alt=\"\" class=\"uag-image-1490\" width=\"352\" height=\"260\" title=\"koululaiset_590x\" loading=\"lazy\" role=\"img\"\/><\/figure><\/div>\n\n\n\n<div class=\"wp-block-uagb-info-box uagb-block-43lbaa4f uagb-infobox__content-wrap  uagb-infobox-icon-above-title uagb-infobox-image-valign-top\"><div class=\"uagb-ifb-content\"><div class=\"uagb-ifb-title-wrap\"><h4 class=\"uagb-ifb-title\">Tiimiteht\u00e4vi\u00e4 sis\u00e4lt\u00e4v\u00e4t ohjelmat<\/h4><\/div><p class=\"uagb-ifb-desc\">This is a flexible section where you can share anything you want. It could be details or some information about your service one.<\/p><\/div><\/div>\n\n\n\n<div class=\"wp-block-uagb-buttons uagb-buttons__outer-wrap uagb-btn__default-btn uagb-btn-tablet__default-btn uagb-btn-mobile__default-btn uagb-block-fzfnbocp\"><div class=\"uagb-buttons__wrap uagb-buttons-layout-wrap\">\n<div class=\"wp-block-uagb-buttons-child uagb-buttons__outer-wrap uagb-block-fm7sljqd wp-block-button\"><div class=\"uagb-button__wrapper\"><a class=\"uagb-buttons-repeater wp-block-button__link\" aria-label=\"\" href=\"\/en\/yrityksille\/virkistyspaivat\/tiimitehtavat\/\" rel=\"follow noopener\" target=\"_self\" role=\"button\"><div class=\"uagb-button__link\">lue lis\u00e4\u00e4<\/div><span class=\"uagb-button__icon uagb-button__icon-position-after\"><svg xmlns=\"https:\/\/www.w3.org\/2000\/svg\" viewbox=\"0 0 320 512\" aria-hidden=\"true\" focussable=\"false\"><path d=\"M96 480c-8.188 0-16.38-3.125-22.62-9.375c-12.5-12.5-12.5-32.75 0-45.25L242.8 256L73.38 86.63c-12.5-12.5-12.5-32.75 0-45.25s32.75-12.5 45.25 0l192 192c12.5 12.5 12.5 32.75 0 45.25l-192 192C112.4 476.9 104.2 480 96 480z\"><\/path><\/svg><\/span><\/a><\/div><\/div>\n<\/div><\/div>\n<\/div>\n\n\n\n<div class=\"wp-block-uagb-container uagb-block-ydfmfh00\">\n<div class=\"wp-block-uagb-image alignleft uagb-block-os4oazod wp-block-uagb-image--layout-default wp-block-uagb-image--effect-static wp-block-uagb-image--align-left\"><figure class=\"wp-block-uagb-image__figure\"><img decoding=\"async\" srcset=\"https:\/\/kettukallio-testi.fi\/wp-content\/uploads\/2026\/04\/JousitaisteluKettukallionElmystila2_590x.jpg ,https:\/\/kettukallio-testi.fi\/wp-content\/uploads\/2026\/04\/JousitaisteluKettukallionElmystila2_590x.jpg 780w, https:\/\/kettukallio-testi.fi\/wp-content\/uploads\/2026\/04\/JousitaisteluKettukallionElmystila2_590x.jpg 360w\" sizes=\"auto, (max-width: 480px) 150px\" src=\"https:\/\/kettukallio-testi.fi\/wp-content\/uploads\/2026\/04\/JousitaisteluKettukallionElmystila2_590x.jpg\" alt=\"\" class=\"uag-image-1489\" width=\"352\" height=\"260\" title=\"JousitaisteluKettukallionElmystila2_590x\" loading=\"lazy\" role=\"img\"\/><\/figure><\/div>\n\n\n\n<div class=\"wp-block-uagb-info-box uagb-block-hixphilh uagb-infobox__content-wrap  uagb-infobox-icon-above-title uagb-infobox-image-valign-top\"><div class=\"uagb-ifb-content\"><div class=\"uagb-ifb-title-wrap\"><h4 class=\"uagb-ifb-title\">jousitaistelu ja pakopelit<\/h4><\/div><p class=\"uagb-ifb-desc\">This is a flexible section where you can share anything you want. It could be details or some information about your service two.<\/p><\/div><\/div>\n\n\n\n<div class=\"wp-block-uagb-buttons uagb-buttons__outer-wrap uagb-btn__default-btn uagb-btn-tablet__default-btn uagb-btn-mobile__default-btn uagb-block-cfqs60qe\"><div class=\"uagb-buttons__wrap uagb-buttons-layout-wrap\">\n<div class=\"wp-block-uagb-buttons-child uagb-buttons__outer-wrap uagb-block-mtskk8wf wp-block-button\"><div class=\"uagb-button__wrapper\"><a class=\"uagb-buttons-repeater wp-block-button__link\" aria-label=\"\" href=\"#\" rel=\"follow noopener\" target=\"_self\" role=\"button\"><div class=\"uagb-button__link\">Read More<\/div><span class=\"uagb-button__icon uagb-button__icon-position-after\"><svg xmlns=\"https:\/\/www.w3.org\/2000\/svg\" viewbox=\"0 0 320 512\" aria-hidden=\"true\" focussable=\"false\"><path d=\"M96 480c-8.188 0-16.38-3.125-22.62-9.375c-12.5-12.5-12.5-32.75 0-45.25L242.8 256L73.38 86.63c-12.5-12.5-12.5-32.75 0-45.25s32.75-12.5 45.25 0l192 192c12.5 12.5 12.5 32.75 0 45.25l-192 192C112.4 476.9 104.2 480 96 480z\"><\/path><\/svg><\/span><\/a><\/div><\/div>\n<\/div><\/div>\n<\/div>\n\n\n\n<div class=\"wp-block-uagb-container uagb-block-kmu5jzmt\">\n<div class=\"wp-block-uagb-image alignleft uagb-block-ma3u9kkc wp-block-uagb-image--layout-default wp-block-uagb-image--effect-static wp-block-uagb-image--align-left\"><figure class=\"wp-block-uagb-image__figure\"><img decoding=\"async\" srcset=\"https:\/\/websitedemos.net\/wp-content\/uploads\/2023\/10\/snow-mountains-01-1024x683.jpg ,https:\/\/websitedemos.net\/wp-content\/uploads\/2023\/10\/snow-mountains-01-1024x683.jpg 780w\" sizes=\"auto, (max-width: 480px) 150px\" src=\"https:\/\/websitedemos.net\/wp-content\/uploads\/2023\/10\/snow-mountains-01-1024x683.jpg\" alt=\"\" class=\"uag-image-80577\" width=\"352\" height=\"260\" title=\"\" loading=\"lazy\" role=\"img\"\/><\/figure><\/div>\n\n\n\n<div class=\"wp-block-uagb-info-box uagb-block-6pg5466g uagb-infobox__content-wrap  uagb-infobox-icon-above-title uagb-infobox-image-valign-top\"><div class=\"uagb-ifb-content\"><div class=\"uagb-ifb-title-wrap\"><h4 class=\"uagb-ifb-title\">py\u00f6r\u00e4matkailijat ja luontokohteet<\/h4><\/div><p class=\"uagb-ifb-desc\">This is a flexible section where you can share anything you want. It could be details or some information about your service three.<\/p><\/div><\/div>\n\n\n\n<div class=\"wp-block-uagb-buttons uagb-buttons__outer-wrap uagb-btn__default-btn uagb-btn-tablet__default-btn uagb-btn-mobile__default-btn uagb-block-cbla4iiv\"><div class=\"uagb-buttons__wrap uagb-buttons-layout-wrap\">\n<div class=\"wp-block-uagb-buttons-child uagb-buttons__outer-wrap uagb-block-moijvjcg wp-block-button\"><div class=\"uagb-button__wrapper\"><a class=\"uagb-buttons-repeater wp-block-button__link\" aria-label=\"\" href=\"#\" rel=\"follow noopener\" target=\"_self\" role=\"button\"><div class=\"uagb-button__link\">Read More<\/div><span class=\"uagb-button__icon uagb-button__icon-position-after\"><svg xmlns=\"https:\/\/www.w3.org\/2000\/svg\" viewbox=\"0 0 320 512\" aria-hidden=\"true\" focussable=\"false\"><path d=\"M96 480c-8.188 0-16.38-3.125-22.62-9.375c-12.5-12.5-12.5-32.75 0-45.25L242.8 256L73.38 86.63c-12.5-12.5-12.5-32.75 0-45.25s32.75-12.5 45.25 0l192 192c12.5 12.5 12.5 32.75 0 45.25l-192 192C112.4 476.9 104.2 480 96 480z\"><\/path><\/svg><\/span><\/a><\/div><\/div>\n<\/div><\/div>\n<\/div>\n<\/div>\n<\/div><\/div>\n\n\n\n<div style=\"height:100px\" aria-hidden=\"true\" class=\"wp-block-spacer\"><\/div>\n\n\n\n<h2 class=\"wp-block-heading has-ast-global-color-5-background-color has-background has-x-large-font-size\" style=\"padding-top:var(--wp--preset--spacing--30);padding-bottom:var(--wp--preset--spacing--30)\">tulevat tapahtumat toukokuussa<\/h2>\n\n\n\n<div class=\"wp-block-media-text is-stacked-on-mobile has-ast-global-color-5-background-color has-background\"><figure class=\"wp-block-media-text__media\"><img loading=\"lazy\" decoding=\"async\" width=\"590\" height=\"443\" src=\"https:\/\/kettukallio-testi.fi\/wp-content\/uploads\/2026\/04\/juhlatarvikkeet_pikkumaljakot_590x.jpg\" alt=\"\" class=\"wp-image-1420 size-full\" srcset=\"https:\/\/kettukallio-testi.fi\/wp-content\/uploads\/2026\/04\/juhlatarvikkeet_pikkumaljakot_590x.jpg 590w, https:\/\/kettukallio-testi.fi\/wp-content\/uploads\/2026\/04\/juhlatarvikkeet_pikkumaljakot_590x-300x225.jpg 300w, https:\/\/kettukallio-testi.fi\/wp-content\/uploads\/2026\/04\/juhlatarvikkeet_pikkumaljakot_590x-16x12.jpg 16w\" sizes=\"auto, (max-width: 590px) 100vw, 590px\" \/><\/figure><div class=\"wp-block-media-text__content\">\n<h1 class=\"wp-block-heading has-medium-font-size\" id=\"madpages_element_title_1_1\">Parit puntarissa ja savusauna 9.5.26<\/h1>\n\n\n\n<p>Tapahtumalipuilla p\u00e4\u00e4sette osallistumaan Parit puntarissa -ohjelmakokonaisuuteen, nauttimaan herkullisista tarjoiluista sek\u00e4 nautiskelemaan savusaunan lempeist\u00e4 l\u00f6ylyist\u00e4 Kettukallion El\u00e4mystilalle.<br>Tapahtuma j\u00e4rjestet\u00e4\u00e4n 9.5.2026 klo 11.30-19 Kettukallion El\u00e4mystilalla<br>Tapahtuma toteutuu, mik\u00e4li saamme 10 osallistujaa.<br>Klo 12 starttaa Parit puntarissa ohjelma, joka on saanut innoituksensa Amazing race -tv-formaatista. Kisassa tehd\u00e4\u00e4n teht\u00e4vi\u00e4 pareittain piha-alueella ja l\u00e4himets\u00e4ss\u00e4. V\u00e4lietapeilla nautitaan maukasta lohikeittoa ja nokipannukahvit. Ohjelmaosuus kest\u00e4\u00e4 n. 3 tuntia.<br>Ohjelman j\u00e4lkeen p\u00e4\u00e4sette savusaunomaan omaan tahtiinne n. klo 16 ja 19 v\u00e4lill\u00e4. Saunominen tapahtuu sekasaunassa uimapuvuissa. Pakkaattehan siis omat pyyhkeet ja uima-asut mukaan. T\u00e4m\u00e4n lis\u00e4ksi p\u00e4\u00e4sette tutustumaan tilaan ja sen toimintoihin.<br>Lipun hintaan sis\u00e4ltyy keittoruoka ja p\u00e4iv\u00e4kahvit.<br>Saatte tarkemmat osoite- ym. tiedot s\u00e4hk\u00f6postiin tulevan varausvahvistuksen yhteydess\u00e4.<a href=\"https:\/\/kettukallio.johku.com\/fi_FI\/ajankohtaista\/parit-puntarissa-ja-savusauna\" target=\"_blank\" rel=\"noreferrer noopener\">Osta liput<\/a><a href=\"https:\/\/kettukallio.johku.com\/fi_FI\/ajankohtaista\/parit-puntarissa-ja-savusauna\">&nbsp;<\/a>kisaparille hintaan 130\u20ac<\/p>\n<\/div><\/div>\n\n\n\n<div class=\"inherit-container-width wp-block-group alignfull is-style-ext-preset--group--natural-1--section has-background-background-color has-background is-layout-constrained wp-block-group-is-layout-constrained\" style=\"margin-top:0;margin-bottom:0;padding-top:var(--wp--preset--spacing--70);padding-bottom:var(--wp--preset--spacing--70);background-image:url(&apos;https:\/\/kettukallio-testi.fi\/wp-content\/uploads\/2026\/04\/g5f76ebcc52a6068a0360b84606b28bb5fb6fce4d72bcffe0394cfbbe11b9d4b45259720fa14ae4246dc7d475a5efadba0cbc5bc633c0e1704f6705a353c81434_1280-2706118.jpg&apos;);background-size:cover;\">\n<div class=\"wp-block-columns alignwide are-vertically-aligned-center is-layout-flex wp-container-core-columns-is-layout-174606dc wp-block-columns-is-layout-flex\">\n<div class=\"wp-block-column is-vertically-aligned-center is-layout-flow wp-block-column-is-layout-flow\">\n<h2 class=\"wp-block-heading ext-animate--on has-white-color has-text-color has-link-color wp-elements-4787f23dc9e3ad9641ee7b98ea24ffe2\">kysy lis\u00e4\u00e4<\/h2>\n\n\n\n<p class=\"ext-animate--on has-ast-global-color-5-color has-text-color has-link-color wp-elements-c22fc22577ac222d725c0651b034ace8\" style=\"margin-top:1.5rem\">This section encourages visitors to take action, such as signing up, subscribing, or learning more about your services. It highlights the benefits of taking the next step and offers clear instructions for engagement.<\/p>\n\n\n\n<div class=\"wp-block-buttons ext-animate--on is-layout-flex wp-block-buttons-is-layout-flex\">\n<div class=\"wp-block-button is-style-ext-preset--button--natural-1--button-1\"><a class=\"wp-block-button__link wp-element-button\" href=\"#extendify-cta\">Contact us<\/a><\/div>\n<\/div>\n<\/div>\n\n\n\n<div class=\"wp-block-column is-vertically-aligned-center is-layout-flow wp-block-column-is-layout-flow\"><\/div>\n<\/div>\n<\/div>\n\n\n\n<p><\/p>","protected":false},"excerpt":{"rendered":"<p>tulevat tapahtumat toukokuussa Parit puntarissa ja savusauna 9.5.26 Tapahtumalipuilla p\u00e4\u00e4sette osallistumaan Parit puntarissa -ohjelmakokonaisuuteen, nauttimaan herkullisista tarjoiluista sek\u00e4 nautiskelemaan savusaunan [&hellip;]<\/p>\n","protected":false},"author":1,"featured_media":0,"parent":134,"menu_order":0,"comment_status":"closed","ping_status":"closed","template":"","meta":{"_uag_custom_page_level_css":"","_monsterinsights_skip_tracking":false,"_monsterinsights_sitenote_active":false,"_monsterinsights_sitenote_note":"","_monsterinsights_sitenote_category":0,"site-sidebar-layout":"default","site-content-layout":"","ast-site-content-layout":"default","site-content-style":"default","site-sidebar-style":"default","ast-global-header-display":"","ast-banner-title-visibility":"","ast-main-header-display":"","ast-hfb-above-header-display":"","ast-hfb-below-header-display":"","ast-hfb-mobile-header-display":"","site-post-title":"disabled","ast-breadcrumbs-content":"","ast-featured-img":"","footer-sml-layout":"","ast-disable-related-posts":"","theme-transparent-header-meta":"","adv-header-id-meta":"","stick-header-meta":"","header-above-stick-meta":"","header-main-stick-meta":"","header-below-stick-meta":"","astra-migrate-meta-layouts":"set","ast-page-background-enabled":"default","ast-page-background-meta":{"desktop":{"background-color":"var(--ast-global-color-4)","background-image":"","background-repeat":"repeat","background-position":"center center","background-size":"auto","background-attachment":"scroll","background-type":"","background-media":"","overlay-type":"","overlay-color":"","overlay-opacity":"","overlay-gradient":""},"tablet":{"background-color":"","background-image":"","background-repeat":"repeat","background-position":"center center","background-size":"auto","background-attachment":"scroll","background-type":"","background-media":"","overlay-type":"","overlay-color":"","overlay-opacity":"","overlay-gradient":""},"mobile":{"background-color":"","background-image":"","background-repeat":"repeat","background-position":"center center","background-size":"auto","background-attachment":"scroll","background-type":"","background-media":"","overlay-type":"","overlay-color":"","overlay-opacity":"","overlay-gradient":""}},"ast-content-background-meta":{"desktop":{"background-color":"var(--ast-global-color-5)","background-image":"","background-repeat":"repeat","background-position":"center center","background-size":"auto","background-attachment":"scroll","background-type":"","background-media":"","overlay-type":"","overlay-color":"","overlay-opacity":"","overlay-gradient":""},"tablet":{"background-color":"var(--ast-global-color-5)","background-image":"","background-repeat":"repeat","background-position":"center center","background-size":"auto","background-attachment":"scroll","background-type":"","background-media":"","overlay-type":"","overlay-color":"","overlay-opacity":"","overlay-gradient":""},"mobile":{"background-color":"var(--ast-global-color-5)","background-image":"","background-repeat":"repeat","background-position":"center center","background-size":"auto","background-attachment":"scroll","background-type":"","background-media":"","overlay-type":"","overlay-color":"","overlay-opacity":"","overlay-gradient":""}},"footnotes":""},"class_list":["post-1141","page","type-page","status-publish","hentry"],"uagb_featured_image_src":{"full":false,"thumbnail":false,"medium":false,"medium_large":false,"large":false,"1536x1536":false,"2048x2048":false,"trp-custom-language-flag":false},"uagb_author_info":{"display_name":"admin","author_link":"https:\/\/kettukallio-testi.fi\/en\/author\/admin\/"},"uagb_comment_info":0,"uagb_excerpt":"tulevat tapahtumat toukokuussa Parit puntarissa ja savusauna 9.5.26 Tapahtumalipuilla p\u00e4\u00e4sette osallistumaan Parit puntarissa -ohjelmakokonaisuuteen, nauttimaan herkullisista tarjoiluista sek\u00e4 nautiskelemaan savusaunan [&hellip;]","_links":{"self":[{"href":"https:\/\/kettukallio-testi.fi\/en\/wp-json\/wp\/v2\/pages\/1141","targetHints":{"allow":["GET"]}}],"collection":[{"href":"https:\/\/kettukallio-testi.fi\/en\/wp-json\/wp\/v2\/pages"}],"about":[{"href":"https:\/\/kettukallio-testi.fi\/en\/wp-json\/wp\/v2\/types\/page"}],"author":[{"embeddable":true,"href":"https:\/\/kettukallio-testi.fi\/en\/wp-json\/wp\/v2\/users\/1"}],"replies":[{"embeddable":true,"href":"https:\/\/kettukallio-testi.fi\/en\/wp-json\/wp\/v2\/comments?post=1141"}],"version-history":[{"count":6,"href":"https:\/\/kettukallio-testi.fi\/en\/wp-json\/wp\/v2\/pages\/1141\/revisions"}],"predecessor-version":[{"id":1650,"href":"https:\/\/kettukallio-testi.fi\/en\/wp-json\/wp\/v2\/pages\/1141\/revisions\/1650"}],"up":[{"embeddable":true,"href":"https:\/\/kettukallio-testi.fi\/en\/wp-json\/wp\/v2\/pages\/134"}],"wp:attachment":[{"href":"https:\/\/kettukallio-testi.fi\/en\/wp-json\/wp\/v2\/media?parent=1141"}],"curies":[{"name":"wp","href":"https:\/\/api.w.org\/{rel}","templated":true}]}}