{"id":1143,"date":"2026-04-19T20:43:16","date_gmt":"2026-04-19T20:43:16","guid":{"rendered":"https:\/\/kettukallio-testi.fi\/?page_id=1143"},"modified":"2026-04-27T21:02:40","modified_gmt":"2026-04-27T21:02:40","slug":"savusauna-ja-palju","status":"publish","type":"page","link":"https:\/\/kettukallio-testi.fi\/en\/elamykset\/savusauna-ja-palju\/","title":{"rendered":"Smoke sauna &amp; hot tub"},"content":{"rendered":"<div class=\"wp-block-cover alignfull\"><img loading=\"lazy\" decoding=\"async\" width=\"2560\" height=\"1707\" class=\"wp-block-cover__image-background wp-image-1049 size-full\" alt=\"High-quality rustic wooden wall texture, perfect for backgrounds.\" src=\"https:\/\/kettukallio-testi.fi\/wp-content\/uploads\/2026\/04\/pexels-photo-326311-326311-scaled.jpg\" data-object-fit=\"cover\" srcset=\"https:\/\/kettukallio-testi.fi\/wp-content\/uploads\/2026\/04\/pexels-photo-326311-326311-scaled.jpg 2560w, https:\/\/kettukallio-testi.fi\/wp-content\/uploads\/2026\/04\/pexels-photo-326311-326311-300x200.jpg 300w, https:\/\/kettukallio-testi.fi\/wp-content\/uploads\/2026\/04\/pexels-photo-326311-326311-1024x683.jpg 1024w, https:\/\/kettukallio-testi.fi\/wp-content\/uploads\/2026\/04\/pexels-photo-326311-326311-768x512.jpg 768w, https:\/\/kettukallio-testi.fi\/wp-content\/uploads\/2026\/04\/pexels-photo-326311-326311-1536x1024.jpg 1536w, https:\/\/kettukallio-testi.fi\/wp-content\/uploads\/2026\/04\/pexels-photo-326311-326311-2048x1365.jpg 2048w, https:\/\/kettukallio-testi.fi\/wp-content\/uploads\/2026\/04\/pexels-photo-326311-326311-18x12.jpg 18w\" sizes=\"auto, (max-width: 2560px) 100vw, 2560px\" \/><span aria-hidden=\"true\" class=\"wp-block-cover__background has-background-dim-20 has-background-dim\" style=\"background-color:#503427\"><\/span><div class=\"wp-block-cover__inner-container is-layout-constrained wp-block-cover-is-layout-constrained\">\n<p class=\"has-text-align-center has-large-font-size\"><\/p>\n<\/div><\/div>\n\n\n\n<div class=\"wp-block-uagb-container uagb-block-0cscgcrl alignfull uagb-is-root-container\"><div class=\"uagb-container-inner-blocks-wrap\">\n<div class=\"wp-block-uagb-container uagb-block-mzjk71lr\">\n<div class=\"wp-block-uagb-info-box uagb-block-lzbxxpfx uagb-infobox__content-wrap  uagb-infobox-icon-above-title uagb-infobox-image-valign-top\"><div class=\"uagb-ifb-content\"><div class=\"uagb-ifb-title-wrap\"><h3 class=\"uagb-ifb-title\">savusauna ja palju<\/h3><\/div><\/div><\/div>\n\n\n\n<div class=\"wp-block-uagb-info-box uagb-block-3gxpg3nt uagb-infobox__content-wrap  uagb-infobox-icon-left uagb-infobox-left uagb-infobox-image-valign-top\"><div class=\"uagb-ifb-content\"><div class=\"uagb-ifb-title-wrap\"><\/div><p class=\"uagb-ifb-desc\">El\u00e4myskyl\u00e4ss\u00e4 on savusauna, jossa voi saunoa yhdell\u00e4 l\u00e4mmityskerralla 20 henkil\u00f6\u00e4.<br>Saunarakennuksen yhteydess\u00e4 on l\u00e4mmitett\u00e4v\u00e4 savusaunatupa. Tuvassa on keitti\u00f6, takka sek\u00e4 pitk\u00e4 p\u00f6yt\u00e4, jonka \u00e4\u00e4reen mahtuu istumaan mukavasti enint\u00e4\u00e4n 16 henkil\u00f6\u00e4.<br>Keitti\u00f6n varusteluun kuuluu tiskikone, liesi, mikro, kahvin- ja vedenkeitin, kaksi t\u00e4yskorkeaa j\u00e4\u00e4viile\u00e4kaappia sek\u00e4 monipuoliset astiat (30 hl\u00f6:lle) ja ruuanlaittov\u00e4lineet.<br>Aivan savusaunan vieress\u00e4, mets\u00e4lammen rannalla on palju, jonka l\u00e4mpim\u00e4ss\u00e4 vedess\u00e4 on ihana nauttia Karstun kauniista luonnosta. Paljuun mahtuu kerrallaan 8-10 henkil\u00f6\u00e4.<br>Savusaunaillat on ostettavissa verkkokaupastamme. Samassa yhteydess\u00e4 voitte ostaa kokous-, ohjelma- ja majoituspalveluita.<\/p><div class=\"uagb-ifb-separator\"><\/div><\/div><\/div>\n\n\n\n<div class=\"wp-block-uagb-info-box uagb-block-ur6efq3d uagb-infobox__content-wrap  uagb-infobox-icon-left uagb-infobox-left uagb-infobox-image-valign-top\"><div class=\"uagb-ifb-content\"><div class=\"uagb-ifb-title-wrap\"><h4 class=\"uagb-ifb-title\">savusaunan pukuhuoneet<\/h4><\/div><p class=\"uagb-ifb-desc\">Pukuhuoneita on kaksi, joista molemmista on kulku ulos<br>Savusaunan yhteydess\u00e4 on l\u00e4mmitett\u00e4v\u00e4t pukuhuoneet. Varusteluihin kuuluu paljon naulakoita, isot peilit ja laskutasoa sek\u00e4 saunasandaaleja ja paljuhattuja lainattavaksi. Halutessaan voit napata oman hiustenkuivaajan tms. matkaan, koska vastaavia ei paikalla ole.<\/p><div class=\"uagb-ifb-separator\"><\/div><\/div><\/div>\n<\/div>\n\n\n\n<div class=\"wp-block-uagb-container uagb-layout-grid uagb-block-ym45crsd\">\n<div class=\"wp-block-uagb-image alignleft uagb-block-6i3ztirb wp-block-uagb-image--layout-default wp-block-uagb-image--effect-static wp-block-uagb-image--align-left\"><figure class=\"wp-block-uagb-image__figure\"><img decoding=\"async\" srcset=\"\" sizes=\"auto, (max-width: 480px) 150px\" src=\"smoke-sauna-picture\" alt=\"\" class=\"uag-image-1105\" width=\"270\" height=\"330\" title=\"Savusauna_siskuva_Kettukallion_Elmystila_269x\" loading=\"lazy\" role=\"img\" data-srcset=\"\"\/><\/figure><\/div>\n\n\n\n<div class=\"wp-block-uagb-image alignleft uagb-block-5je90pux wp-block-uagb-image--layout-default wp-block-uagb-image--effect-static wp-block-uagb-image--align-left\"><figure class=\"wp-block-uagb-image__figure\"><img decoding=\"async\" srcset=\"https:\/\/kettukallio-testi.fi\/wp-content\/uploads\/2026\/04\/6dda6f5780dbfafa41e58480b43aac12df7009d1-683x1024.jpg ,https:\/\/kettukallio-testi.fi\/wp-content\/uploads\/2026\/04\/6dda6f5780dbfafa41e58480b43aac12df7009d1.jpg 780w, https:\/\/kettukallio-testi.fi\/wp-content\/uploads\/2026\/04\/6dda6f5780dbfafa41e58480b43aac12df7009d1.jpg 360w\" sizes=\"auto, (max-width: 480px) 150px\" src=\"https:\/\/kettukallio-testi.fi\/wp-content\/uploads\/2026\/04\/6dda6f5780dbfafa41e58480b43aac12df7009d1-683x1024.jpg\" alt=\"\" class=\"uag-image-1195\" width=\"270\" height=\"270\" title=\"6dda6f5780dbfafa41e58480b43aac12df7009d1\" loading=\"lazy\" role=\"img\"\/><\/figure><\/div>\n\n\n\n<div class=\"wp-block-uagb-image uagb-block-cunfnbvp wp-block-uagb-image--layout-default wp-block-uagb-image--effect-static wp-block-uagb-image--align-none\"><figure class=\"wp-block-uagb-image__figure\"><img decoding=\"async\" srcset=\"https:\/\/kettukallio-testi.fi\/wp-content\/uploads\/2026\/04\/30be583d4e71c9fc8ee8d1ca27a167f1903ac3db-683x1024.jpg ,https:\/\/kettukallio-testi.fi\/wp-content\/uploads\/2026\/04\/30be583d4e71c9fc8ee8d1ca27a167f1903ac3db.jpg 780w, https:\/\/kettukallio-testi.fi\/wp-content\/uploads\/2026\/04\/30be583d4e71c9fc8ee8d1ca27a167f1903ac3db.jpg 360w\" sizes=\"auto, (max-width: 480px) 150px\" src=\"https:\/\/kettukallio-testi.fi\/wp-content\/uploads\/2026\/04\/30be583d4e71c9fc8ee8d1ca27a167f1903ac3db-683x1024.jpg\" alt=\"\" class=\"uag-image-1126\" width=\"270\" height=\"270\" title=\"30be583d4e71c9fc8ee8d1ca27a167f1903ac3db\" loading=\"lazy\" role=\"img\"\/><\/figure><\/div>\n\n\n\n<div class=\"wp-block-uagb-image uagb-block-kyiwl2mj wp-block-uagb-image--layout-default wp-block-uagb-image--effect-static wp-block-uagb-image--align-none\"><figure class=\"wp-block-uagb-image__figure\"><img decoding=\"async\" srcset=\"https:\/\/kettukallio-testi.fi\/wp-content\/uploads\/2026\/04\/90803e38d75e86219797b3d465412e91e463c93a-1024x683.jpg ,https:\/\/kettukallio-testi.fi\/wp-content\/uploads\/2026\/04\/90803e38d75e86219797b3d465412e91e463c93a.jpg 780w, https:\/\/kettukallio-testi.fi\/wp-content\/uploads\/2026\/04\/90803e38d75e86219797b3d465412e91e463c93a.jpg 360w\" sizes=\"auto, (max-width: 480px) 150px\" src=\"https:\/\/kettukallio-testi.fi\/wp-content\/uploads\/2026\/04\/90803e38d75e86219797b3d465412e91e463c93a-1024x683.jpg\" alt=\"\" class=\"uag-image-1120\" width=\"270\" height=\"330\" title=\"90803e38d75e86219797b3d465412e91e463c93a\" loading=\"lazy\" role=\"img\"\/><\/figure><\/div>\n<\/div>\n<\/div><\/div>\n\n\n\n<div class=\"inherit-container-width wp-block-group alignfull is-style-ext-preset--group--natural-1--section ext-animate--on has-background-background-color has-background is-layout-constrained wp-block-group-is-layout-constrained\" style=\"margin-top:0;margin-bottom:0;padding-top:var(--wp--preset--spacing--70);padding-bottom:var(--wp--preset--spacing--70)\">\n<div class=\"wp-block-columns alignwide are-vertically-aligned-center ext-animate--on is-layout-flex wp-container-core-columns-is-layout-174606dc wp-block-columns-is-layout-flex\">\n<div class=\"wp-block-column is-vertically-aligned-center ext-animate--on is-layout-flow wp-block-column-is-layout-flow\">\n<h2 class=\"wp-block-heading ext-animate--on has-large-font-size\">Tervetuloa  nauttimaan <\/h2>\n\n\n\n<p class=\"ext-animate--on\" style=\"margin-top:1.5rem\">Varaa m\u00f6kkisi helposti verkkokaupastamme ja valmistaudu unohtumattomaan kes\u00e4kokemukseen yst\u00e4vien ja perheen kanssa.<\/p>\n\n\n\n<div class=\"wp-block-buttons ext-animate--on is-layout-flex wp-block-buttons-is-layout-flex\">\n<div class=\"wp-block-button is-style-ext-preset--button--natural-1--button-1 ext-animate--on is-style-fill\"><a class=\"wp-block-button__link wp-element-button\" href=\"#\">osta verkokaupasta<\/a><\/div>\n<\/div>\n<\/div>\n\n\n\n<div class=\"wp-block-column is-vertically-aligned-center ext-animate--on is-layout-flow wp-block-column-is-layout-flow\">\n<figure class=\"wp-block-image is-style-ext-preset--image--natural-1--image-1--content-right ext-animate--on\"><img loading=\"lazy\" decoding=\"async\" width=\"1440\" height=\"1440\" src=\"https:\/\/kettukallio-testi.fi\/wp-content\/uploads\/2026\/03\/a915c6be5df4d859208c5de6553c9458df3fda4a.jpg\" alt=\"\" class=\"wp-image-279\" style=\"aspect-ratio:4\/3;object-fit:cover\" srcset=\"https:\/\/kettukallio-testi.fi\/wp-content\/uploads\/2026\/03\/a915c6be5df4d859208c5de6553c9458df3fda4a.jpg 1440w, https:\/\/kettukallio-testi.fi\/wp-content\/uploads\/2026\/03\/a915c6be5df4d859208c5de6553c9458df3fda4a-300x300.jpg 300w, https:\/\/kettukallio-testi.fi\/wp-content\/uploads\/2026\/03\/a915c6be5df4d859208c5de6553c9458df3fda4a-1024x1024.jpg 1024w, https:\/\/kettukallio-testi.fi\/wp-content\/uploads\/2026\/03\/a915c6be5df4d859208c5de6553c9458df3fda4a-150x150.jpg 150w, https:\/\/kettukallio-testi.fi\/wp-content\/uploads\/2026\/03\/a915c6be5df4d859208c5de6553c9458df3fda4a-768x768.jpg 768w, https:\/\/kettukallio-testi.fi\/wp-content\/uploads\/2026\/03\/a915c6be5df4d859208c5de6553c9458df3fda4a-12x12.jpg 12w\" sizes=\"auto, (max-width: 1440px) 100vw, 1440px\" \/><\/figure>\n<\/div>\n<\/div>\n<\/div>","protected":false},"excerpt":{"rendered":"<p>Tervetuloa nauttimaan Varaa m\u00f6kkisi helposti verkkokaupastamme ja valmistaudu unohtumattomaan kes\u00e4kokemukseen yst\u00e4vien ja perheen kanssa.<\/p>","protected":false},"author":1,"featured_media":0,"parent":134,"menu_order":0,"comment_status":"closed","ping_status":"closed","template":"","meta":{"_uag_custom_page_level_css":"","_monsterinsights_skip_tracking":false,"_monsterinsights_sitenote_active":false,"_monsterinsights_sitenote_note":"","_monsterinsights_sitenote_category":0,"site-sidebar-layout":"default","site-content-layout":"","ast-site-content-layout":"default","site-content-style":"default","site-sidebar-style":"default","ast-global-header-display":"","ast-banner-title-visibility":"","ast-main-header-display":"","ast-hfb-above-header-display":"","ast-hfb-below-header-display":"","ast-hfb-mobile-header-display":"","site-post-title":"disabled","ast-breadcrumbs-content":"","ast-featured-img":"","footer-sml-layout":"","ast-disable-related-posts":"","theme-transparent-header-meta":"","adv-header-id-meta":"","stick-header-meta":"","header-above-stick-meta":"","header-main-stick-meta":"","header-below-stick-meta":"","astra-migrate-meta-layouts":"set","ast-page-background-enabled":"default","ast-page-background-meta":{"desktop":{"background-color":"var(--ast-global-color-4)","background-image":"","background-repeat":"repeat","background-position":"center center","background-size":"auto","background-attachment":"scroll","background-type":"","background-media":"","overlay-type":"","overlay-color":"","overlay-opacity":"","overlay-gradient":""},"tablet":{"background-color":"","background-image":"","background-repeat":"repeat","background-position":"center center","background-size":"auto","background-attachment":"scroll","background-type":"","background-media":"","overlay-type":"","overlay-color":"","overlay-opacity":"","overlay-gradient":""},"mobile":{"background-color":"","background-image":"","background-repeat":"repeat","background-position":"center center","background-size":"auto","background-attachment":"scroll","background-type":"","background-media":"","overlay-type":"","overlay-color":"","overlay-opacity":"","overlay-gradient":""}},"ast-content-background-meta":{"desktop":{"background-color":"var(--ast-global-color-5)","background-image":"","background-repeat":"repeat","background-position":"center center","background-size":"auto","background-attachment":"scroll","background-type":"","background-media":"","overlay-type":"","overlay-color":"","overlay-opacity":"","overlay-gradient":""},"tablet":{"background-color":"var(--ast-global-color-5)","background-image":"","background-repeat":"repeat","background-position":"center center","background-size":"auto","background-attachment":"scroll","background-type":"","background-media":"","overlay-type":"","overlay-color":"","overlay-opacity":"","overlay-gradient":""},"mobile":{"background-color":"var(--ast-global-color-5)","background-image":"","background-repeat":"repeat","background-position":"center center","background-size":"auto","background-attachment":"scroll","background-type":"","background-media":"","overlay-type":"","overlay-color":"","overlay-opacity":"","overlay-gradient":""}},"footnotes":""},"class_list":["post-1143","page","type-page","status-publish","hentry"],"uagb_featured_image_src":{"full":false,"thumbnail":false,"medium":false,"medium_large":false,"large":false,"1536x1536":false,"2048x2048":false,"trp-custom-language-flag":false},"uagb_author_info":{"display_name":"admin","author_link":"https:\/\/kettukallio-testi.fi\/en\/author\/admin\/"},"uagb_comment_info":0,"uagb_excerpt":"Tervetuloa nauttimaan Varaa m\u00f6kkisi helposti verkkokaupastamme ja valmistaudu unohtumattomaan kes\u00e4kokemukseen yst\u00e4vien ja perheen kanssa.","_links":{"self":[{"href":"https:\/\/kettukallio-testi.fi\/en\/wp-json\/wp\/v2\/pages\/1143","targetHints":{"allow":["GET"]}}],"collection":[{"href":"https:\/\/kettukallio-testi.fi\/en\/wp-json\/wp\/v2\/pages"}],"about":[{"href":"https:\/\/kettukallio-testi.fi\/en\/wp-json\/wp\/v2\/types\/page"}],"author":[{"embeddable":true,"href":"https:\/\/kettukallio-testi.fi\/en\/wp-json\/wp\/v2\/users\/1"}],"replies":[{"embeddable":true,"href":"https:\/\/kettukallio-testi.fi\/en\/wp-json\/wp\/v2\/comments?post=1143"}],"version-history":[{"count":4,"href":"https:\/\/kettukallio-testi.fi\/en\/wp-json\/wp\/v2\/pages\/1143\/revisions"}],"predecessor-version":[{"id":1547,"href":"https:\/\/kettukallio-testi.fi\/en\/wp-json\/wp\/v2\/pages\/1143\/revisions\/1547"}],"up":[{"embeddable":true,"href":"https:\/\/kettukallio-testi.fi\/en\/wp-json\/wp\/v2\/pages\/134"}],"wp:attachment":[{"href":"https:\/\/kettukallio-testi.fi\/en\/wp-json\/wp\/v2\/media?parent=1143"}],"curies":[{"name":"wp","href":"https:\/\/api.w.org\/{rel}","templated":true}]}}