{"id":1243,"date":"2026-04-25T09:42:20","date_gmt":"2026-04-25T09:42:20","guid":{"rendered":"https:\/\/kettukallio-testi.fi\/?page_id=1243"},"modified":"2026-05-13T11:31:32","modified_gmt":"2026-05-13T09:31:32","slug":"tietosuojaseloste","status":"publish","type":"page","link":"https:\/\/kettukallio-testi.fi\/en\/tietosuojaseloste\/","title":{"rendered":"Tietosuojaseloste"},"content":{"rendered":"<div class=\"wp-block-cover alignfull\"><img loading=\"lazy\" decoding=\"async\" width=\"1024\" height=\"575\" class=\"wp-block-cover__image-background wp-image-1341 size-large\" alt=\"background, windows wallpaper, rust, laptop wallpaper, free wallpaper, wallpaper hd, rusted, orange, texture, cool backgrounds, surface, rough, grunge, material, wallpaper 4k, desktop backgrounds, full hd wallpaper, pattern, 4k wallpaper 1920x1080, rustic, free background, brown texture, hd wallpaper, beautiful wallpaper, mac wallpaper, 4k wallpaper, brown pattern\" src=\"https:\/\/kettukallio-testi.fi\/wp-content\/uploads\/2026\/04\/g5f76ebcc52a6068a0360b84606b28bb5fb6fce4d72bcffe0394cfbbe11b9d4b45259720fa14ae4246dc7d475a5efadba0cbc5bc633c0e1704f6705a353c81434_1280-2706118-1024x575.jpg\" data-object-fit=\"cover\" srcset=\"https:\/\/kettukallio-testi.fi\/wp-content\/uploads\/2026\/04\/g5f76ebcc52a6068a0360b84606b28bb5fb6fce4d72bcffe0394cfbbe11b9d4b45259720fa14ae4246dc7d475a5efadba0cbc5bc633c0e1704f6705a353c81434_1280-2706118-1024x575.jpg 1024w, https:\/\/kettukallio-testi.fi\/wp-content\/uploads\/2026\/04\/g5f76ebcc52a6068a0360b84606b28bb5fb6fce4d72bcffe0394cfbbe11b9d4b45259720fa14ae4246dc7d475a5efadba0cbc5bc633c0e1704f6705a353c81434_1280-2706118-300x169.jpg 300w, https:\/\/kettukallio-testi.fi\/wp-content\/uploads\/2026\/04\/g5f76ebcc52a6068a0360b84606b28bb5fb6fce4d72bcffe0394cfbbe11b9d4b45259720fa14ae4246dc7d475a5efadba0cbc5bc633c0e1704f6705a353c81434_1280-2706118-768x431.jpg 768w, https:\/\/kettukallio-testi.fi\/wp-content\/uploads\/2026\/04\/g5f76ebcc52a6068a0360b84606b28bb5fb6fce4d72bcffe0394cfbbe11b9d4b45259720fa14ae4246dc7d475a5efadba0cbc5bc633c0e1704f6705a353c81434_1280-2706118-18x10.jpg 18w, https:\/\/kettukallio-testi.fi\/wp-content\/uploads\/2026\/04\/g5f76ebcc52a6068a0360b84606b28bb5fb6fce4d72bcffe0394cfbbe11b9d4b45259720fa14ae4246dc7d475a5efadba0cbc5bc633c0e1704f6705a353c81434_1280-2706118.jpg 1280w\" sizes=\"auto, (max-width: 1024px) 100vw, 1024px\" \/><span aria-hidden=\"true\" class=\"wp-block-cover__background has-background-dim\" style=\"background-color:#913f1e\"><\/span><div class=\"wp-block-cover__inner-container is-layout-constrained wp-block-cover-is-layout-constrained\">\n<p class=\"has-text-align-center has-large-font-size\"><\/p>\n<\/div><\/div>\n\n\n\n<div class=\"wp-block-uagb-container uagb-block-e7osmecr alignfull uagb-is-root-container\"><div class=\"uagb-container-inner-blocks-wrap\">\n<div class=\"wp-block-uagb-info-box uagb-block-j4w25aub uagb-infobox__content-wrap  uagb-infobox-icon-above-title uagb-infobox-image-valign-top\"><div class=\"uagb-ifb-content\"><div class=\"uagb-ifb-title-wrap\"><h1 class=\"uagb-ifb-title\"><strong>Kettukallion El\u00e4mystilan tietosuojaseloste<\/strong><\/h1><\/div><\/div><\/div>\n\n\n\n<div class=\"wp-block-uagb-info-box uagb-block-h2xngoqj uagb-infobox__content-wrap  uagb-infobox-icon-above-title uagb-infobox-image-valign-top wp-block-uagb-info-box--has-margin\"><div class=\"uagb-infobox-margin-wrapper\"><div class=\"uagb-ifb-content\"><div class=\"uagb-ifb-title-wrap\"><p class=\"uagb-ifb-title-prefix\"><strong>1. Rekisterinpit\u00e4j\u00e4<\/strong><\/p><\/div><p class=\"uagb-ifb-desc\"><strong>Kettukallio Experience Village<br><\/strong><br><strong>Y-tunnus: <\/strong>1810921-5<br><br><strong>Postiosoite:<\/strong><br>Moisionkatu 14<br>08100 Lohja<br><br><strong>K\u00e4yntiosoite:<\/strong><br>Joenpellontie 145<br>08480 Lohja<br><br><strong>Yhteystiedot rekisteri\u00e4 koskevissa asioissa:<br><\/strong>Kettukallio Experience Village<br>Terhi Korpijaakko<br>kettukallio.korpijaakko@gmail.com<br>p. 044 9885760<\/p><\/div><\/div><\/div>\n<\/div><\/div>\n\n\n\n<div class=\"wp-block-uagb-container uagb-block-c6108129 alignfull uagb-is-root-container\"><div class=\"uagb-container-inner-blocks-wrap\">\n<div class=\"wp-block-uagb-info-box uagb-block-a3e63905 uagb-infobox__content-wrap  uagb-infobox-icon-above-title uagb-infobox-image-valign-top wp-block-uagb-info-box--has-margin\"><div class=\"uagb-infobox-margin-wrapper\"><div class=\"uagb-ifb-content\"><div class=\"uagb-ifb-title-wrap\"><\/div><p class=\"uagb-ifb-desc\"><strong>2. Rekister\u00f6idyt<br><\/strong>Kettukallion El\u00e4mystilan rekisteriss\u00e4 talletetaan palveluja ostaneiden asiakkaiden antamia tietoja ja<br>potentiaalisia yritysasiakkaita<br><br><strong>3. Henkil\u00f6tietojen k\u00e4ytt\u00f6tarkoitus<br><\/strong>Henkil\u00f6tietoja k\u00e4sitell\u00e4\u00e4n asiakkuuksien yll\u00e4pitoon liittyviss\u00e4 asioissa.<br>Henkil\u00f6tietoja k\u00e4sitell\u00e4\u00e4n vain ennalta m\u00e4\u00e4riteltyihin tarkoituksiin, jotka ovat seuraavat:<br>\u2022 S\u00e4hk\u00f6inen ja muu viestint\u00e4 asiakkaalle<br>\u2022 Laskutus<br>\u2022 Analysointi ja tilastointi<br><br><strong>4. Rekisteriin tallennettavat tiedot<br><\/strong>Rekisteri sis\u00e4lt\u00e4\u00e4 seuraavat tiedot:<br>Yritystiedot<br>yrityksen yhteystiedot<br>\u2022 yhteyshenkil\u00f6n nimi<br>\u2022 k\u00e4ynti-, postitus- ja laskutusosoite<br>\u2022 puhelinnumero<br>\u2022 s\u00e4hk\u00f6posti<br>Henkil\u00f6tiedot<br>\u2022 nimi<br>\u2022 osoitetiedot tarvittaessa<br>\u2022 puhelinnumero<br>\u2022 s\u00e4hk\u00f6posti<br>Asiakastiedot<br>Tiedot ostetuista tuotteista\/ palveluista<br><br><strong>5. Rekister\u00f6idyn oikeudet<\/strong><br>Sinulla on seuraavat oikeudet, joiden k\u00e4ytt\u00e4mist\u00e4 koskevat pyynn\u00f6t tulee tehd\u00e4 osoitteeseen:<br>kettukallio.korpijaakko@gmail.com\u00a0\/ Terhi Korpijaakko<br><strong>Tarkastusoikeus<\/strong><br>Sinulla on oikeus tarkistaa sinusta tallentamamme henkil\u00f6tiedot. Mik\u00e4li havaitset tiedoissasi<br>virheellisyyksi\u00e4 tai puutteita, voit pyyt\u00e4\u00e4 meit\u00e4 korjaamaan tai t\u00e4ydent\u00e4m\u00e4\u00e4n tiedot oikeiksi.<br><strong>Vastustamisoikeus<\/strong><br>Sinulla on oikeus koska tahansa vastustaa henkil\u00f6tietojesi k\u00e4sittely\u00e4, mik\u00e4li koet, ett\u00e4 olemme<br>k\u00e4sitelleet henkil\u00f6tietojasi lainvastaisesti tai ett\u00e4 meill\u00e4 ei ole oikeutta k\u00e4sitell\u00e4 joitain<br>henkil\u00f6tietojasi.<br><strong>Poisto-oikeus<\/strong><br>Mik\u00e4li koet, ett\u00e4 joidenkin sinua koskevien tietojen k\u00e4sittely ei ole tarpeen teht\u00e4viemme kannalta,<br>sinulla on oikeus pyyt\u00e4\u00e4 meit\u00e4 poistamaan kyseiset tiedot. K\u00e4sittelemme pyynt\u00f6si, jonka j\u00e4lkeen<br>joko poistamme tietosi tai ilmoitamme sinulle perustellun syyn, miksi tietoja ei voida poistaa.<br>Mik\u00e4li olet eri mielt\u00e4 ratkaisustamme, sinulla on oikeus tehd\u00e4 valitus tietosuojavaltuutetulle (ohjeet<br>valituksen tekemiseen). Sinulla on my\u00f6s oikeus vaatia, ett\u00e4 rajoitamme kiistanalaisten tietojen<br>k\u00e4sittely\u00e4 siksi aikaa, kunnes asia saadaan ratkaistua.<br><strong>Valitusoikeus<\/strong><br>Sinulla on oikeus tehd\u00e4 valitus tietosuojavaltuutetulle, jos koet, ett\u00e4 rikomme henkil\u00f6tietojasi<br>k\u00e4sitelless\u00e4mme voimassa olevaa tietosuojalains\u00e4\u00e4d\u00e4nt\u00f6\u00e4 (ohjeet valituksen tekemiseen).<br><br><strong>6. S\u00e4\u00e4nn\u00f6nmukaiset tietol\u00e4hteet<\/strong><br>J\u00e4sent\u00e4 koskevat tiedot saadaan s\u00e4\u00e4nn\u00f6nmukaisesti:<br>\u2022\u00a0palvelutilanteessa tai ostotapahtuman yhteydess\u00e4<br>\u2022\u00a0asiakassuhteen syntyess\u00e4<br>\u2022\u00a0markkinointitapahtuman yhteydess\u00e4<br>\u2022\u00a0asiakkaalta itselt\u00e4\u00e4n verkossa teht\u00e4v\u00e4n yhteydenottolomakkeen kautta<br>\u2022\u00a0asiakkaalta itselt\u00e4\u00e4n sosiaalisen median kautta<br><br><strong>7. S\u00e4\u00e4nn\u00f6nmukaiset tietojen luovutukset<\/strong><br>Tietoja ei p\u00e4\u00e4s\u00e4\u00e4nt\u00f6isesti luovuteta markkinointitarkoituksiin Kettukallion El\u00e4mystilan<br>ulkopuolelle. Olemme varmistaneet, ett\u00e4 sopimuksissamme palveluntarjoajien kanssa on huomioitu<br>tietosuoja-asetus.<br>Olemme varmistaneet, ett\u00e4 kaikki palveluntarjoajamme noudattavat tietosuojalains\u00e4\u00e4d\u00e4nt\u00f6\u00e4.<br>K\u00e4yt\u00e4mme s\u00e4\u00e4nn\u00f6nmukaisesti seuraavia palvelutarjoajia:\u2022\u00a0Google Inc., Facebook, WhatsApp, LinkedIn, Instagram<br><br><strong>8. K\u00e4sittelyn kesto<\/strong><br>Henkil\u00f6tietoja k\u00e4sitell\u00e4\u00e4n niin kauan kuin asiakkuus on voimassa.<br><br><strong>9. Henkil\u00f6tietojen k\u00e4sittelij\u00e4t<\/strong><br>\u2022\u00a0Asiakasrekisterin tietoja k\u00e4sittelev\u00e4t Kettukallion El\u00e4mystilan yritt\u00e4j\u00e4t.<br>\u2022\u00a0Voimme my\u00f6s ulkoistaa henkil\u00f6tietojen k\u00e4sittelyn osittain kolmannelle osapuolelle, jolloin<br>takaamme sopimusj\u00e4rjestelyin, ett\u00e4 henkil\u00f6tietoja k\u00e4sitell\u00e4\u00e4n voimassa olevan<br>tietosuojalains\u00e4\u00e4d\u00e4nn\u00f6n mukaisesti ja muutoin asianmukaisesti.<br><br><strong>10. Tietojen siirto EU:n ulkopuolelle<\/strong><br>Henkil\u00f6tietoja ei siirret\u00e4 EU:n tai Euroopan talousalueen ulkopuolelle.<br><br><strong>11. Ev\u00e4steet ja selailun seuranta<\/strong><br>Voimme ker\u00e4t\u00e4 k\u00e4ytt\u00e4j\u00e4n p\u00e4\u00e4telaitetta koskevia tietoja ev\u00e4steiden (&#8221;cookies&#8221;) ja muiden vastaavien<br>tekniikoiden, kuten selaimen paikallisen tietovaraston, avulla. Ev\u00e4ste on pieni tekstitiedosto, jonka<br>selain tallentaa k\u00e4ytt\u00e4j\u00e4n p\u00e4\u00e4telaitteelle. Ev\u00e4steet sis\u00e4lt\u00e4v\u00e4t usein nimett\u00f6m\u00e4n, yksil\u00f6llisen<br>tunnisteen, jonka avulla voimme tunnistaa ja laskea sivustollamme vierailevat selaimet.<br>Kolmannet osapuolet voivat asettaa ev\u00e4steit\u00e4 k\u00e4ytt\u00e4j\u00e4n p\u00e4\u00e4telaitteelle k\u00e4ytt\u00e4j\u00e4n vieraillessa<br>palveluissamme tilastoidakseen eri sivustojen k\u00e4vij\u00e4m\u00e4\u00e4ri\u00e4. Kolmansilla osapuolilla tarkoitetaan<br>yrityksen ulkopuolisia tahoja, kuten mittaus- ja seurantapalveluiden tarjoajia.<br>Palvelumme voivat my\u00f6s sis\u00e4lt\u00e4\u00e4 linkkej\u00e4 muihin sivustoihin ja yhteis\u00f6palveluihin, mutta emme<br>vastaa n\u00e4iden ulkopuolisten sivustojen yksityisyydensuojak\u00e4yt\u00e4nn\u00f6ist\u00e4 tai sis\u00e4ll\u00f6ist\u00e4.<br>Suosittelemme tutustumaan n\u00e4iden palveluiden yksityisyydensuojaa koskeviin ehtoihin.<br><br><strong>12. Automaattinen p\u00e4\u00e4t\u00f6ksenteko ja profilointi<\/strong><br>Emme k\u00e4yt\u00e4 tietoja automaattiseen p\u00e4\u00e4t\u00f6ksentekoon tai profilointiin.<br><br><br><em>P\u00e4ivitetty 1\/2020<\/em><\/p><\/div><\/div><\/div>\n<\/div><\/div>\n\n\n\n<p><\/p>","protected":false},"excerpt":{"rendered":"","protected":false},"author":1,"featured_media":0,"parent":0,"menu_order":0,"comment_status":"closed","ping_status":"closed","template":"","meta":{"_uag_custom_page_level_css":"","_monsterinsights_skip_tracking":false,"_monsterinsights_sitenote_active":false,"_monsterinsights_sitenote_note":"","_monsterinsights_sitenote_category":0,"site-sidebar-layout":"default","site-content-layout":"","ast-site-content-layout":"default","site-content-style":"default","site-sidebar-style":"default","ast-global-header-display":"","ast-banner-title-visibility":"","ast-main-header-display":"","ast-hfb-above-header-display":"","ast-hfb-below-header-display":"","ast-hfb-mobile-header-display":"","site-post-title":"disabled","ast-breadcrumbs-content":"","ast-featured-img":"","footer-sml-layout":"","ast-disable-related-posts":"","theme-transparent-header-meta":"","adv-header-id-meta":"","stick-header-meta":"","header-above-stick-meta":"","header-main-stick-meta":"","header-below-stick-meta":"","astra-migrate-meta-layouts":"set","ast-page-background-enabled":"default","ast-page-background-meta":{"desktop":{"background-color":"var(--ast-global-color-4)","background-image":"","background-repeat":"repeat","background-position":"center center","background-size":"auto","background-attachment":"scroll","background-type":"","background-media":"","overlay-type":"","overlay-color":"","overlay-opacity":"","overlay-gradient":""},"tablet":{"background-color":"","background-image":"","background-repeat":"repeat","background-position":"center center","background-size":"auto","background-attachment":"scroll","background-type":"","background-media":"","overlay-type":"","overlay-color":"","overlay-opacity":"","overlay-gradient":""},"mobile":{"background-color":"","background-image":"","background-repeat":"repeat","background-position":"center center","background-size":"auto","background-attachment":"scroll","background-type":"","background-media":"","overlay-type":"","overlay-color":"","overlay-opacity":"","overlay-gradient":""}},"ast-content-background-meta":{"desktop":{"background-color":"var(--ast-global-color-5)","background-image":"","background-repeat":"repeat","background-position":"center center","background-size":"auto","background-attachment":"scroll","background-type":"","background-media":"","overlay-type":"","overlay-color":"","overlay-opacity":"","overlay-gradient":""},"tablet":{"background-color":"var(--ast-global-color-5)","background-image":"","background-repeat":"repeat","background-position":"center center","background-size":"auto","background-attachment":"scroll","background-type":"","background-media":"","overlay-type":"","overlay-color":"","overlay-opacity":"","overlay-gradient":""},"mobile":{"background-color":"var(--ast-global-color-5)","background-image":"","background-repeat":"repeat","background-position":"center center","background-size":"auto","background-attachment":"scroll","background-type":"","background-media":"","overlay-type":"","overlay-color":"","overlay-opacity":"","overlay-gradient":""}},"footnotes":""},"class_list":["post-1243","page","type-page","status-publish","hentry"],"uagb_featured_image_src":{"full":false,"thumbnail":false,"medium":false,"medium_large":false,"large":false,"1536x1536":false,"2048x2048":false,"trp-custom-language-flag":false},"uagb_author_info":{"display_name":"admin","author_link":"https:\/\/kettukallio-testi.fi\/en\/author\/admin\/"},"uagb_comment_info":0,"uagb_excerpt":null,"_links":{"self":[{"href":"https:\/\/kettukallio-testi.fi\/en\/wp-json\/wp\/v2\/pages\/1243","targetHints":{"allow":["GET"]}}],"collection":[{"href":"https:\/\/kettukallio-testi.fi\/en\/wp-json\/wp\/v2\/pages"}],"about":[{"href":"https:\/\/kettukallio-testi.fi\/en\/wp-json\/wp\/v2\/types\/page"}],"author":[{"embeddable":true,"href":"https:\/\/kettukallio-testi.fi\/en\/wp-json\/wp\/v2\/users\/1"}],"replies":[{"embeddable":true,"href":"https:\/\/kettukallio-testi.fi\/en\/wp-json\/wp\/v2\/comments?post=1243"}],"version-history":[{"count":9,"href":"https:\/\/kettukallio-testi.fi\/en\/wp-json\/wp\/v2\/pages\/1243\/revisions"}],"predecessor-version":[{"id":1726,"href":"https:\/\/kettukallio-testi.fi\/en\/wp-json\/wp\/v2\/pages\/1243\/revisions\/1726"}],"wp:attachment":[{"href":"https:\/\/kettukallio-testi.fi\/en\/wp-json\/wp\/v2\/media?parent=1243"}],"curies":[{"name":"wp","href":"https:\/\/api.w.org\/{rel}","templated":true}]}}