{"id":1340,"date":"2026-04-25T17:58:15","date_gmt":"2026-04-25T17:58:15","guid":{"rendered":"https:\/\/kettukallio-testi.fi\/?page_id=1340"},"modified":"2026-05-15T20:34:11","modified_gmt":"2026-05-15T18:34:11","slug":"tiimitehtavat","status":"publish","type":"page","link":"https:\/\/kettukallio-testi.fi\/en\/yrityksille\/tiimitehtavat\/","title":{"rendered":"Tiimiteht\u00e4v\u00e4t"},"content":{"rendered":"<div class=\"wp-block-cover alignfull\"><img loading=\"lazy\" decoding=\"async\" width=\"1024\" height=\"575\" class=\"wp-block-cover__image-background wp-image-1341 size-large\" alt=\"background, windows wallpaper, rust, laptop wallpaper, free wallpaper, wallpaper hd, rusted, orange, texture, cool backgrounds, surface, rough, grunge, material, wallpaper 4k, desktop backgrounds, full hd wallpaper, pattern, 4k wallpaper 1920x1080, rustic, free background, brown texture, hd wallpaper, beautiful wallpaper, mac wallpaper, 4k wallpaper, brown pattern\" src=\"https:\/\/kettukallio-testi.fi\/wp-content\/uploads\/2026\/04\/g5f76ebcc52a6068a0360b84606b28bb5fb6fce4d72bcffe0394cfbbe11b9d4b45259720fa14ae4246dc7d475a5efadba0cbc5bc633c0e1704f6705a353c81434_1280-2706118-1024x575.jpg\" data-object-fit=\"cover\" srcset=\"https:\/\/kettukallio-testi.fi\/wp-content\/uploads\/2026\/04\/g5f76ebcc52a6068a0360b84606b28bb5fb6fce4d72bcffe0394cfbbe11b9d4b45259720fa14ae4246dc7d475a5efadba0cbc5bc633c0e1704f6705a353c81434_1280-2706118-1024x575.jpg 1024w, https:\/\/kettukallio-testi.fi\/wp-content\/uploads\/2026\/04\/g5f76ebcc52a6068a0360b84606b28bb5fb6fce4d72bcffe0394cfbbe11b9d4b45259720fa14ae4246dc7d475a5efadba0cbc5bc633c0e1704f6705a353c81434_1280-2706118-300x169.jpg 300w, https:\/\/kettukallio-testi.fi\/wp-content\/uploads\/2026\/04\/g5f76ebcc52a6068a0360b84606b28bb5fb6fce4d72bcffe0394cfbbe11b9d4b45259720fa14ae4246dc7d475a5efadba0cbc5bc633c0e1704f6705a353c81434_1280-2706118-768x431.jpg 768w, https:\/\/kettukallio-testi.fi\/wp-content\/uploads\/2026\/04\/g5f76ebcc52a6068a0360b84606b28bb5fb6fce4d72bcffe0394cfbbe11b9d4b45259720fa14ae4246dc7d475a5efadba0cbc5bc633c0e1704f6705a353c81434_1280-2706118-18x10.jpg 18w, https:\/\/kettukallio-testi.fi\/wp-content\/uploads\/2026\/04\/g5f76ebcc52a6068a0360b84606b28bb5fb6fce4d72bcffe0394cfbbe11b9d4b45259720fa14ae4246dc7d475a5efadba0cbc5bc633c0e1704f6705a353c81434_1280-2706118.jpg 1280w\" sizes=\"auto, (max-width: 1024px) 100vw, 1024px\" \/><span aria-hidden=\"true\" class=\"wp-block-cover__background has-ast-global-color-4-background-color has-background-dim\"><\/span><div class=\"wp-block-cover__inner-container is-layout-constrained wp-block-cover-is-layout-constrained\">\n<p class=\"has-text-align-center has-large-font-size\"><\/p>\n<\/div><\/div>\n\n\n\n<div class=\"wp-block-uagb-container uagb-block-sn3krgi5 alignfull uagb-is-root-container\"><div class=\"uagb-container-inner-blocks-wrap\">\n<h1 class=\"wp-block-heading\">Tiimiteht\u00e4vi\u00e4 sis\u00e4lt\u00e4v\u00e4t ohjelmat<\/h1>\n\n\n\n<div class=\"wp-block-uagb-container uagb-block-astjovxk\">\n<div class=\"wp-block-uagb-image alignleft uagb-block-iq1tgvud wp-block-uagb-image--layout-default wp-block-uagb-image--effect-static wp-block-uagb-image--align-left\"><figure class=\"wp-block-uagb-image__figure\"><img decoding=\"async\" srcset=\"https:\/\/kettukallio-testi.fi\/wp-content\/uploads\/2026\/04\/pexels-photo-8878865-8878865-1024x683.jpg ,https:\/\/kettukallio-testi.fi\/wp-content\/uploads\/2026\/04\/pexels-photo-8878865-8878865-scaled.jpg 780w, https:\/\/kettukallio-testi.fi\/wp-content\/uploads\/2026\/04\/pexels-photo-8878865-8878865-scaled.jpg 360w\" sizes=\"auto, (max-width: 480px) 150px\" src=\"https:\/\/kettukallio-testi.fi\/wp-content\/uploads\/2026\/04\/pexels-photo-8878865-8878865-1024x683.jpg\" alt=\"Captivating close-up of a red fox peering through foliage, showcasing its natural habitat.\" class=\"uag-image-1350\" width=\"480\" height=\"400\" title=\"pexels-photo-8878865-8878865\" loading=\"lazy\" role=\"img\"\/><\/figure><\/div>\n\n\n\n<div class=\"wp-block-uagb-info-box uagb-block-p85z8rxj uagb-infobox__content-wrap  uagb-infobox-icon-above-title uagb-infobox-image-valign-top\"><div class=\"uagb-ifb-content\"><div class=\"uagb-ifb-title-wrap\"><h2 class=\"uagb-ifb-title\">Ketut myyr\u00e4jahdissa<\/h2><\/div><p class=\"uagb-ifb-desc\">Uusi ohjelmamme on saanut innokkeensa sohvaperunoille tutuista tv-ohjelmista Myyr\u00e4 ja Petolliset.&nbsp;<br>T\u00e4ss\u00e4 hieman roolipelim\u00e4isess\u00e4 ohjelmassa joukkueet kilpailevat toisiaan vastaan nelj\u00e4ss\u00e4 lajissa. Jokaisessa joukkueessa on kuitenkin kettujen joukossa 1-2 myyr\u00e4\u00e4, jotka koittavat vaivihkaa sabotoida joukkueensa suorituksia&#8230; Lajit ovat fyysisesti kevyit\u00e4, mutta vaativat ohjeiden lukemista ja hyv\u00e4\u00e4 suomen kielen taitoa.<br><br>T\u00e4m\u00e4 ohjelma toteutetaan kokonaisuudessaan katon alla sis\u00e4tiloissa, joten se sopii erinomaisesti my\u00f6s syksyn ep\u00e4vakaisiin olosuhteisiin tai toimii jonkun muun ohjelman varaohjelmana.&nbsp;<br><br><strong>Ohjelmapaketti kest\u00e4\u00e4 noin 2h.<br>Hintatiedot: 20\u20ac\/ hl\u00f6 + alv tai minimihinta 200\u20ac + alv<br><br>Sopiva ryhm\u00e4n koko 8-21 hl\u00f6.&nbsp;<\/strong><\/p><\/div><\/div>\n<\/div>\n\n\n\n<hr class=\"wp-block-separator has-text-color has-ast-global-color-1-color has-alpha-channel-opacity has-ast-global-color-1-background-color has-background\"\/>\n\n\n\n<div class=\"wp-block-uagb-container uagb-block-uo1pcdbx\">\n<div class=\"wp-block-uagb-info-box uagb-block-0gdknvhb uagb-infobox__content-wrap  uagb-infobox-icon-above-title uagb-infobox-image-valign-top\"><div class=\"uagb-ifb-content\"><div class=\"uagb-ifb-title-wrap\"><h2 class=\"uagb-ifb-title\">Parit puntarissa<\/h2><\/div><p class=\"uagb-ifb-desc\">Sohvaperunoiden hemmottelu saa jatkoa! T\u00e4ll\u00e4 kertaa inspiraatiota on ammennettu tv-formaatista Amazing race.&nbsp;<br><br>T\u00e4ss\u00e4 ohjelmakokonaisuudessa kilpaillaan pareittain erilaisissa teht\u00e4viss\u00e4 piha-alueella ja l\u00e4himets\u00e4ss\u00e4. Teht\u00e4v\u00e4t ovat formaatille tyyppillisi\u00e4, toki Kettukallio-twistill\u00e4 h\u00f6ystettyj\u00e4&#8230;<br><br>Ohjelman aikana kilpaillaan mm. teht\u00e4viss\u00e4 nimelt\u00e4\u00e4n Ikonisia yksityiskohtia ja Paikallinen herkku. Tuleepa vastaan my\u00f6s Kiertotie-teht\u00e4v\u00e4. Sen verran voimme paljastaa, ett\u00e4 taksia teid\u00e4n ei tarvitse tilata eik\u00e4 ostaa lentolippuja, mutta kartanlukutaidosta on hy\u00f6ty\u00e4. Ket\u00e4\u00e4n ei my\u00f6sk\u00e4\u00e4n pudoteta kisasta ennen maaliin saapumista.&nbsp;<br><br>Ohjelma on tehty niin, ett\u00e4 siihen kuuluu v\u00e4lietappeja, joilla pidet\u00e4\u00e4n ruoka- ja kahvitauot. Kokonaisuudessaan ohjelmaosuus em. taukoineen kest\u00e4\u00e4 3-3,5 tuntia.<br><br>Hinta sis\u00e4lt\u00e4\u00e4 p\u00e4iv\u00e4kahvit<br><br><strong>Ohjelmapaketti kest\u00e4\u00e4 noin 3-3,5 tuntia taukoineen<br>Hintatiedot: 50\u20ac\/ pari + alv tai minimihinta 250\u20ac + alv<br>Sopiva ryhm\u00e4n koko 6-20 hl\u00f6<\/strong><\/p><\/div><\/div>\n\n\n\n<div class=\"wp-block-uagb-image alignleft uagb-block-mekio44y wp-block-uagb-image--layout-default wp-block-uagb-image--effect-static wp-block-uagb-image--align-left\"><figure class=\"wp-block-uagb-image__figure\"><img decoding=\"async\" srcset=\"https:\/\/kettukallio-testi.fi\/wp-content\/uploads\/2026\/04\/pexels-photo-10850014-10850014-1024x683.jpg ,https:\/\/kettukallio-testi.fi\/wp-content\/uploads\/2026\/04\/pexels-photo-10850014-10850014-scaled.jpg 780w, https:\/\/kettukallio-testi.fi\/wp-content\/uploads\/2026\/04\/pexels-photo-10850014-10850014-scaled.jpg 360w\" sizes=\"auto, (max-width: 480px) 150px\" src=\"https:\/\/kettukallio-testi.fi\/wp-content\/uploads\/2026\/04\/pexels-photo-10850014-10850014-1024x683.jpg\" alt=\"A woman runs on a forest trail surrounded by lush greenery during the day.\" class=\"uag-image-1351\" width=\"480\" height=\"400\" title=\"pexels-photo-10850014-10850014\" loading=\"lazy\" role=\"img\"\/><\/figure><\/div>\n<\/div>\n\n\n\n<hr class=\"wp-block-separator has-text-color has-ast-global-color-1-color has-alpha-channel-opacity has-ast-global-color-1-background-color has-background\"\/>\n\n\n\n<div class=\"wp-block-uagb-container uagb-block-smrkjsps\">\n<div class=\"wp-block-uagb-image alignleft uagb-block-oejk75yg wp-block-uagb-image--layout-default wp-block-uagb-image--effect-static wp-block-uagb-image--align-left\"><figure class=\"wp-block-uagb-image__figure\"><img decoding=\"async\" srcset=\"https:\/\/kettukallio-testi.fi\/wp-content\/uploads\/2026\/04\/kettukallion-elmystila-getting-ready-for-puzzle_35568038956_o_590x-3.jpg ,https:\/\/kettukallio-testi.fi\/wp-content\/uploads\/2026\/04\/kettukallion-elmystila-getting-ready-for-puzzle_35568038956_o_590x-3.jpg 780w, https:\/\/kettukallio-testi.fi\/wp-content\/uploads\/2026\/04\/kettukallion-elmystila-getting-ready-for-puzzle_35568038956_o_590x-3.jpg 360w\" sizes=\"auto, (max-width: 480px) 150px\" src=\"https:\/\/kettukallio-testi.fi\/wp-content\/uploads\/2026\/04\/kettukallion-elmystila-getting-ready-for-puzzle_35568038956_o_590x-3.jpg\" alt=\"\" class=\"uag-image-1318\" width=\"480\" height=\"400\" title=\"kettukallion-elmystila-getting-ready-for-puzzle_35568038956_o_590x\" loading=\"lazy\" role=\"img\"\/><\/figure><\/div>\n\n\n\n<div class=\"wp-block-uagb-info-box uagb-block-dk5x9cke uagb-infobox__content-wrap  uagb-infobox-icon-above-title uagb-infobox-image-valign-top\"><div class=\"uagb-ifb-content\"><div class=\"uagb-ifb-title-wrap\"><h2 class=\"uagb-ifb-title\">Toiminnallinen tilakierros<\/h2><\/div><p class=\"uagb-ifb-desc\">Ohjelman aikana tehd\u00e4\u00e4n erilaisia tiimi- ja yhteisty\u00f6teht\u00e4vi\u00e4 El\u00e4myskyl\u00e4n piha-alueella ja l\u00e4himaastossa. Samalla tutustutaan El\u00e4mystilan vaiheikkaaseen alkutaipaleeseen.&nbsp;<br><br>Ohjelman aikana liikutaan piha-alueen lis\u00e4ksi mets\u00e4teit\u00e4 ja polkuja pitkin, joten kannattaa varustautua hyvill\u00e4 kengill\u00e4.<br><br><strong>Ohjelmapaketti kest\u00e4\u00e4 noin 2h.<br>Hintatiedot: 20\u20ac\/ hl\u00f6 + alv tai minimihinta 200\u20ac + alv.&nbsp;<br><br>Sopiva ryhm\u00e4n koko 5-20 hl\u00f6.<\/strong><\/p><\/div><\/div>\n<\/div>\n\n\n\n<hr class=\"wp-block-separator has-text-color has-ast-global-color-1-color has-alpha-channel-opacity has-ast-global-color-1-background-color has-background\"\/>\n\n\n\n<div class=\"wp-block-uagb-container uagb-block-551212a1\">\n<div class=\"wp-block-uagb-info-box uagb-block-ca9dd320 uagb-infobox__content-wrap  uagb-infobox-icon-above-title uagb-infobox-image-valign-top\"><div class=\"uagb-ifb-content\"><div class=\"uagb-ifb-title-wrap\"><h2 class=\"uagb-ifb-title\">Se haastavampi kahvitunti<\/h2><\/div><p class=\"uagb-ifb-desc\">Tervetuloa viett\u00e4m\u00e4\u00e4n kahvituntia el\u00e4myskyl\u00e4n tapaan! iltap\u00e4iv\u00e4\u00e4n mahtuu paljon toimintaa ja erilaisia tiimity\u00f6t\u00e4kin vaativia teht\u00e4vi\u00e4.<br><br>Kuka onnistuu onkimaan avaimen tarvikelaatikon avaamista varten? Selvi\u00e4\u00e4k\u00f6 tiiminne tiukoista yhteisty\u00f6teht\u00e4vist\u00e4?<br><br>Kukaties p\u00e4iv\u00e4n p\u00e4\u00e4tteeksi saatte nauttia nokipannukahvit tai -teet Karstun kauniissa mets\u00e4maisemassa&#8230;<br><br>Hinta sis\u00e4lt\u00e4\u00e4 nokipannukahvit ja tikkupullat.<br><br><strong>Ohjelmapaketti kest\u00e4\u00e4 kokonaisuudessaan n. 2h.<br>Hintatiedot: 25\u20ac\/ hl\u00f6 + alv tai minimihinta 250\u20ac + alv.<br>Ryhm\u00e4n koko 5-20 hl\u00f6.<\/strong><\/p><\/div><\/div>\n\n\n\n<div class=\"wp-block-uagb-image alignleft uagb-block-8e4565e0 wp-block-uagb-image--layout-default wp-block-uagb-image--effect-static wp-block-uagb-image--align-left\"><figure class=\"wp-block-uagb-image__figure\"><img decoding=\"async\" srcset=\"https:\/\/kettukallio-testi.fi\/wp-content\/uploads\/2026\/04\/pexels-photo-9143894-9143894-1024x684.jpg ,https:\/\/kettukallio-testi.fi\/wp-content\/uploads\/2026\/04\/pexels-photo-9143894-9143894-scaled.jpg 780w, https:\/\/kettukallio-testi.fi\/wp-content\/uploads\/2026\/04\/pexels-photo-9143894-9143894-scaled.jpg 360w\" sizes=\"auto, (max-width: 480px) 150px\" src=\"https:\/\/kettukallio-testi.fi\/wp-content\/uploads\/2026\/04\/pexels-photo-9143894-9143894-1024x684.jpg\" alt=\"A moka pot and ceramic cup placed on a tree stump outdoors, perfect for a cozy coffee moment.\" class=\"uag-image-1352\" width=\"480\" height=\"400\" title=\"pexels-photo-9143894-9143894\" loading=\"lazy\" role=\"img\"\/><\/figure><\/div>\n<\/div>\n\n\n\n<hr class=\"wp-block-separator has-text-color has-ast-global-color-1-color has-alpha-channel-opacity has-ast-global-color-1-background-color has-background\"\/>\n\n\n\n<div class=\"wp-block-uagb-container uagb-block-86d3f764\">\n<div class=\"wp-block-uagb-image alignleft uagb-block-9198c9bc wp-block-uagb-image--layout-default wp-block-uagb-image--effect-static wp-block-uagb-image--align-left\"><figure class=\"wp-block-uagb-image__figure\"><img decoding=\"async\" srcset=\"https:\/\/websitedemos.net\/wp-content\/uploads\/2023\/10\/snow-mountains-01-1024x683.jpg ,https:\/\/websitedemos.net\/wp-content\/uploads\/2023\/10\/snow-mountains-01.jpg 780w, https:\/\/websitedemos.net\/wp-content\/uploads\/2023\/10\/snow-mountains-01.jpg 360w\" sizes=\"auto, (max-width: 480px) 150px\" src=\"https:\/\/websitedemos.net\/wp-content\/uploads\/2023\/10\/snow-mountains-01-1024x683.jpg\" alt=\"\" class=\"uag-image-80577\" width=\"480\" height=\"400\" title=\"\" loading=\"lazy\" role=\"img\"\/><\/figure><\/div>\n\n\n\n<div class=\"wp-block-uagb-info-box uagb-block-f69b8989 uagb-infobox__content-wrap  uagb-infobox-icon-above-title uagb-infobox-image-valign-top\"><div class=\"uagb-ifb-content\"><div class=\"uagb-ifb-title-wrap\"><h2 class=\"uagb-ifb-title\">Mi\u00e4sten mittel\u00f6t<\/h2><\/div><p class=\"uagb-ifb-desc\">Tervetuloa Kettukallioon mittelem\u00e4\u00e4n mi\u00e4sten kesken!&nbsp;<br><br>Mittel\u00f6iss\u00e4 kilpaillaan teht\u00e4vill\u00e4, joissa on vanhanaikaista henke\u00e4 ja kalustoa. Ker\u00e4tk\u00e4\u00e4 v\u00e4hint\u00e4\u00e4n viiden hengen porukka ja p\u00e4\u00e4sette suorittamaan teht\u00e4vi\u00e4 jotka vaativat nopeutta, nokkeluutta, \u00e4ly\u00e4, voimaa ja yhteisty\u00f6t\u00e4. Teht\u00e4vi\u00e4 ovat esimerkiksi Juokseva vesi, Huojuva torni ja Erotetaan jyv\u00e4t akanoista.&nbsp;<br><br>Nimest\u00e4\u00e4n huolimatta my\u00f6s rohkeimmat naiset voivat osallistua mittel\u00f6ihin.<br><br><strong>Ohjelman kesto 1,5-2 tuntia<br>Hintatiedot: 20\u20ac \/hl\u00f6 + alv tai minimihinta 200\u20ac + alv<br>Ryhm\u00e4n koko 5-25 hl\u00f6<\/strong><\/p><\/div><\/div>\n<\/div>\n\n\n\n<hr class=\"wp-block-separator has-text-color has-ast-global-color-1-color has-alpha-channel-opacity has-ast-global-color-1-background-color has-background\"\/>\n\n\n\n<div class=\"wp-block-uagb-container uagb-block-1db35536\">\n<div class=\"wp-block-uagb-info-box uagb-block-30dda7c9 uagb-infobox__content-wrap  uagb-infobox-icon-above-title uagb-infobox-image-valign-top\"><div class=\"uagb-ifb-content\"><div class=\"uagb-ifb-title-wrap\"><h2 class=\"uagb-ifb-title\">Kuutiokisa<\/h2><\/div><p class=\"uagb-ifb-desc\">Ohjelmassa tienataan v\u00e4rikuutioita erilaisten yhteistoimintateht\u00e4vien avulla. Teht\u00e4vien teemat liittyv\u00e4t luontoon ja luonnonmateriaaleihin ja ohjelman aikana liikutaan piha-alueella ja l\u00e4himets\u00e4ss\u00e4. Lopputeht\u00e4v\u00e4ss\u00e4 mitataan joukkueiden tasapainottelutaitoja ja p\u00e4\u00e4ttelykyky\u00e4 v\u00e4rikuutioiden avulla. Teht\u00e4v\u00e4t eiv\u00e4t ole fyysisesti haastavia eik\u00e4 kaikkien tarvitse osallistua jokaiseen osateht\u00e4v\u00e4\u00e4n.&nbsp;&nbsp;<br><br><br><br>Kuutiokisa sopii jopa 50 hengen porukalle.&nbsp;&nbsp;<br><br><br><br><strong>Ohjelman kesto n. 2 tuntia<br>Hintatiedot: 20\u20ac\/ hl\u00f6 + alv (alle 20 hl\u00f6 ryhm\u00e4t) + t\u00e4m\u00e4n yli menev\u00e4t 10\u20ac\/ hl\u00f6 + alv tai minimihinta 200\u20ac + alv<br><br>Ryhm\u00e4n koko 10-50 hl\u00f6<\/strong><\/p><\/div><\/div>\n\n\n\n<div class=\"wp-block-uagb-image alignleft uagb-block-1567b354 wp-block-uagb-image--layout-default wp-block-uagb-image--effect-static wp-block-uagb-image--align-left\"><figure class=\"wp-block-uagb-image__figure\"><img decoding=\"async\" srcset=\"https:\/\/websitedemos.net\/wp-content\/uploads\/2023\/10\/rivers-01-1024x683.jpg ,https:\/\/websitedemos.net\/wp-content\/uploads\/2023\/10\/rivers-01.jpg 780w, https:\/\/websitedemos.net\/wp-content\/uploads\/2023\/10\/rivers-01.jpg 360w\" sizes=\"auto, (max-width: 480px) 150px\" src=\"https:\/\/websitedemos.net\/wp-content\/uploads\/2023\/10\/rivers-01-1024x683.jpg\" alt=\"\" class=\"uag-image-80575\" width=\"480\" height=\"400\" title=\"\" loading=\"lazy\" role=\"img\"\/><\/figure><\/div>\n<\/div>\n\n\n\n<hr class=\"wp-block-separator has-text-color has-ast-global-color-1-color has-alpha-channel-opacity has-ast-global-color-1-background-color has-background\"\/>\n\n\n\n<div class=\"wp-block-uagb-container uagb-block-44259179\">\n<div class=\"wp-block-uagb-image alignleft uagb-block-309fce4a wp-block-uagb-image--layout-default wp-block-uagb-image--effect-static wp-block-uagb-image--align-left\"><figure class=\"wp-block-uagb-image__figure\"><img decoding=\"async\" srcset=\"https:\/\/websitedemos.net\/wp-content\/uploads\/2023\/10\/snow-mountains-01-1024x683.jpg ,https:\/\/websitedemos.net\/wp-content\/uploads\/2023\/10\/snow-mountains-01.jpg 780w, https:\/\/websitedemos.net\/wp-content\/uploads\/2023\/10\/snow-mountains-01.jpg 360w\" sizes=\"auto, (max-width: 480px) 150px\" src=\"https:\/\/websitedemos.net\/wp-content\/uploads\/2023\/10\/snow-mountains-01-1024x683.jpg\" alt=\"\" class=\"uag-image-80577\" width=\"480\" height=\"400\" title=\"\" loading=\"lazy\" role=\"img\"\/><\/figure><\/div>\n\n\n\n<div class=\"wp-block-uagb-info-box uagb-block-53dcd2bb uagb-infobox__content-wrap  uagb-infobox-icon-above-title uagb-infobox-image-valign-top\"><div class=\"uagb-ifb-content\"><div class=\"uagb-ifb-title-wrap\"><h2 class=\"uagb-ifb-title\">P\u00f6lli ja popcorn<\/h2><\/div><p class=\"uagb-ifb-desc\">Kisailuhenkiselle porukalle sopii ohjelmakokonaisuutemme P\u00f6lli ja popcorn.<br><br><br><br>Ohjelmassa on muutamia &#8221;p\u00f6lli&#8221;-aiheisia kisailuja, joita tehd\u00e4\u00e4n pienemmiss\u00e4 ryhmiss\u00e4 toisista mittaa ottaen. Voittajajoukkueeksi kruunataan tiimi, joka saa ensimm\u00e4iseksi poksautettua popconia ohjeistusta noudattaen.<br><br><br><br><strong>Ohjelman kesto 1,5-2 tuntia<br>Hintatiedot: 20\u20ac\/ hl\u00f6 + alv (alle 20 hl\u00f6 ryhm\u00e4t) + t\u00e4m\u00e4n yli menev\u00e4t 10\u20ac\/ hl\u00f6 + alv tai minimihinta 200\u20ac + alv<br><br>Ryhm\u00e4n koko 5-40 hl\u00f6<\/strong><\/p><\/div><\/div>\n<\/div>\n\n\n\n<div class=\"inherit-container-width wp-block-group alignfull is-style-ext-preset--group--natural-1--section has-ast-global-color-4-background-color has-background is-layout-constrained wp-block-group-is-layout-constrained\" style=\"margin-top:0;margin-bottom:0;padding-top:var(--wp--preset--spacing--70);padding-bottom:var(--wp--preset--spacing--70)\">\n<div class=\"wp-block-columns alignwide is-layout-flex wp-container-core-columns-is-layout-547d3b57 wp-block-columns-is-layout-flex\" style=\"padding-top:0;padding-right:var(--wp--preset--spacing--40);padding-bottom:0;padding-left:var(--wp--preset--spacing--40)\">\n<div class=\"wp-block-column is-vertically-aligned-top ext-animate--off is-layout-flow wp-block-column-is-layout-flow\">\n<h3 class=\"wp-block-heading ext-animate--on has-large-font-size\">Kiinnostuitko? <\/h3>\n<\/div>\n\n\n\n<div class=\"wp-block-column is-vertically-aligned-center is-layout-flow wp-block-column-is-layout-flow\">\n<p class=\"ext-animate--on has-medium-font-size\">Ota yhteytt\u00e4 ja suunnitellaan teille sopiva p\u00e4iv\u00e4!<\/p>\n\n\n\n<div class=\"wp-block-buttons ext-animate--on is-layout-flex wp-block-buttons-is-layout-flex\">\n<div class=\"wp-block-button is-style-ext-preset--button--natural-1--button-1\"><a class=\"wp-block-button__link wp-element-button\" href=\"\/en\/ota-yhteytta\/\">Contact us<\/a><\/div>\n\n\n\n<div class=\"wp-block-button is-style-ext-preset--button--natural-1--button-1\"><a class=\"wp-block-button__link wp-element-button\" href=\"https:\/\/kettukallio.johku.com\">Webshop<\/a><\/div>\n<\/div>\n<\/div>\n<\/div>\n<\/div>\n<\/div><\/div>","protected":false},"excerpt":{"rendered":"<p>Tiimiteht\u00e4vi\u00e4 sis\u00e4lt\u00e4v\u00e4t ohjelmat Kiinnostuitko? Ota yhteytt\u00e4 ja suunnitellaan teille sopiva p\u00e4iv\u00e4!<\/p>","protected":false},"author":1,"featured_media":0,"parent":133,"menu_order":0,"comment_status":"closed","ping_status":"closed","template":"","meta":{"_uag_custom_page_level_css":"","_monsterinsights_skip_tracking":false,"_monsterinsights_sitenote_active":false,"_monsterinsights_sitenote_note":"","_monsterinsights_sitenote_category":0,"site-sidebar-layout":"default","site-content-layout":"","ast-site-content-layout":"default","site-content-style":"default","site-sidebar-style":"default","ast-global-header-display":"","ast-banner-title-visibility":"","ast-main-header-display":"","ast-hfb-above-header-display":"","ast-hfb-below-header-display":"","ast-hfb-mobile-header-display":"","site-post-title":"disabled","ast-breadcrumbs-content":"","ast-featured-img":"","footer-sml-layout":"","ast-disable-related-posts":"","theme-transparent-header-meta":"","adv-header-id-meta":"","stick-header-meta":"","header-above-stick-meta":"","header-main-stick-meta":"","header-below-stick-meta":"","astra-migrate-meta-layouts":"set","ast-page-background-enabled":"default","ast-page-background-meta":{"desktop":{"background-color":"var(--ast-global-color-4)","background-image":"","background-repeat":"repeat","background-position":"center center","background-size":"auto","background-attachment":"scroll","background-type":"","background-media":"","overlay-type":"","overlay-color":"","overlay-opacity":"","overlay-gradient":""},"tablet":{"background-color":"","background-image":"","background-repeat":"repeat","background-position":"center center","background-size":"auto","background-attachment":"scroll","background-type":"","background-media":"","overlay-type":"","overlay-color":"","overlay-opacity":"","overlay-gradient":""},"mobile":{"background-color":"","background-image":"","background-repeat":"repeat","background-position":"center center","background-size":"auto","background-attachment":"scroll","background-type":"","background-media":"","overlay-type":"","overlay-color":"","overlay-opacity":"","overlay-gradient":""}},"ast-content-background-meta":{"desktop":{"background-color":"var(--ast-global-color-5)","background-image":"","background-repeat":"repeat","background-position":"center center","background-size":"auto","background-attachment":"scroll","background-type":"","background-media":"","overlay-type":"","overlay-color":"","overlay-opacity":"","overlay-gradient":""},"tablet":{"background-color":"var(--ast-global-color-5)","background-image":"","background-repeat":"repeat","background-position":"center center","background-size":"auto","background-attachment":"scroll","background-type":"","background-media":"","overlay-type":"","overlay-color":"","overlay-opacity":"","overlay-gradient":""},"mobile":{"background-color":"var(--ast-global-color-5)","background-image":"","background-repeat":"repeat","background-position":"center center","background-size":"auto","background-attachment":"scroll","background-type":"","background-media":"","overlay-type":"","overlay-color":"","overlay-opacity":"","overlay-gradient":""}},"footnotes":""},"class_list":["post-1340","page","type-page","status-publish","hentry"],"uagb_featured_image_src":{"full":false,"thumbnail":false,"medium":false,"medium_large":false,"large":false,"1536x1536":false,"2048x2048":false,"trp-custom-language-flag":false},"uagb_author_info":{"display_name":"admin","author_link":"https:\/\/kettukallio-testi.fi\/en\/author\/admin\/"},"uagb_comment_info":0,"uagb_excerpt":"Tiimiteht\u00e4vi\u00e4 sis\u00e4lt\u00e4v\u00e4t ohjelmat Kiinnostuitko? Ota yhteytt\u00e4 ja suunnitellaan teille sopiva p\u00e4iv\u00e4!","_links":{"self":[{"href":"https:\/\/kettukallio-testi.fi\/en\/wp-json\/wp\/v2\/pages\/1340","targetHints":{"allow":["GET"]}}],"collection":[{"href":"https:\/\/kettukallio-testi.fi\/en\/wp-json\/wp\/v2\/pages"}],"about":[{"href":"https:\/\/kettukallio-testi.fi\/en\/wp-json\/wp\/v2\/types\/page"}],"author":[{"embeddable":true,"href":"https:\/\/kettukallio-testi.fi\/en\/wp-json\/wp\/v2\/users\/1"}],"replies":[{"embeddable":true,"href":"https:\/\/kettukallio-testi.fi\/en\/wp-json\/wp\/v2\/comments?post=1340"}],"version-history":[{"count":11,"href":"https:\/\/kettukallio-testi.fi\/en\/wp-json\/wp\/v2\/pages\/1340\/revisions"}],"predecessor-version":[{"id":1797,"href":"https:\/\/kettukallio-testi.fi\/en\/wp-json\/wp\/v2\/pages\/1340\/revisions\/1797"}],"up":[{"embeddable":true,"href":"https:\/\/kettukallio-testi.fi\/en\/wp-json\/wp\/v2\/pages\/133"}],"wp:attachment":[{"href":"https:\/\/kettukallio-testi.fi\/en\/wp-json\/wp\/v2\/media?parent=1340"}],"curies":[{"name":"wp","href":"https:\/\/api.w.org\/{rel}","templated":true}]}}