{"id":1380,"date":"2026-04-25T20:39:08","date_gmt":"2026-04-25T20:39:08","guid":{"rendered":"https:\/\/kettukallio-testi.fi\/?page_id=1380"},"modified":"2026-04-26T20:14:17","modified_gmt":"2026-04-26T20:14:17","slug":"ruokapalvelut","status":"publish","type":"page","link":"https:\/\/kettukallio-testi.fi\/en\/juhlijoille\/ruokapalvelut\/","title":{"rendered":"Food services"},"content":{"rendered":"<div class=\"wp-block-cover alignfull\"><img loading=\"lazy\" decoding=\"async\" width=\"590\" height=\"393\" class=\"wp-block-cover__image-background wp-image-1331 size-full\" alt=\"\" src=\"https:\/\/kettukallio-testi.fi\/wp-content\/uploads\/2026\/04\/kettukallion-elmystila-stick-buns-over-campfire_35607007555_o_590x.jpg\" data-object-fit=\"cover\" srcset=\"https:\/\/kettukallio-testi.fi\/wp-content\/uploads\/2026\/04\/kettukallion-elmystila-stick-buns-over-campfire_35607007555_o_590x.jpg 590w, https:\/\/kettukallio-testi.fi\/wp-content\/uploads\/2026\/04\/kettukallion-elmystila-stick-buns-over-campfire_35607007555_o_590x-300x200.jpg 300w, https:\/\/kettukallio-testi.fi\/wp-content\/uploads\/2026\/04\/kettukallion-elmystila-stick-buns-over-campfire_35607007555_o_590x-18x12.jpg 18w\" sizes=\"auto, (max-width: 590px) 100vw, 590px\" \/><span aria-hidden=\"true\" class=\"wp-block-cover__background has-background-dim-20 has-background-dim\" style=\"background-color:#4f4c48\"><\/span><div class=\"wp-block-cover__inner-container is-layout-constrained wp-block-cover-is-layout-constrained\">\n<p class=\"has-text-align-center has-large-font-size\"><\/p>\n<\/div><\/div>\n\n\n\n<h2 class=\"wp-block-heading has-text-align-center has-ast-global-color-5-background-color has-background\">ruokapalvelut<\/h2>\n\n\n\n<p><\/p>\n\n\n\n<div class=\"wp-block-uagb-container uagb-block-mlfjd0tq alignfull uagb-is-root-container\"><div class=\"uagb-container-inner-blocks-wrap\">\n<div class=\"wp-block-uagb-image alignleft uagb-block-dx97kumh wp-block-uagb-image--layout-default wp-block-uagb-image--effect-static wp-block-uagb-image--align-left\"><figure class=\"wp-block-uagb-image__figure\"><img decoding=\"async\" srcset=\"https:\/\/kettukallio-testi.fi\/wp-content\/uploads\/2026\/04\/RuokapalvelutKettukallionElmystila_590x.jpg ,https:\/\/kettukallio-testi.fi\/wp-content\/uploads\/2026\/04\/RuokapalvelutKettukallionElmystila_590x.jpg 780w, https:\/\/kettukallio-testi.fi\/wp-content\/uploads\/2026\/04\/RuokapalvelutKettukallionElmystila_590x.jpg 360w\" sizes=\"auto, (max-width: 480px) 150px\" src=\"https:\/\/kettukallio-testi.fi\/wp-content\/uploads\/2026\/04\/RuokapalvelutKettukallionElmystila_590x.jpg\" alt=\"\" class=\"uag-image-1377\" width=\"564\" height=\"450\" title=\"RuokapalvelutKettukallionElmystila_590x\" loading=\"lazy\" role=\"img\"\/><\/figure><\/div>\n\n\n\n<div class=\"wp-block-uagb-info-box uagb-block-cjgv3s1f uagb-infobox__content-wrap  uagb-infobox-icon-above-title uagb-infobox-image-valign-top\"><div class=\"uagb-ifb-content\"><div class=\"uagb-ifb-title-wrap\"><h4 class=\"uagb-ifb-title\">Tarjoamme monenlaisia ruokapalveluita esimerkiksi<br>kokous- ja virkistysp\u00e4iviin sek\u00e4 kes\u00e4juhliin.<\/h4><\/div><p class=\"uagb-ifb-desc\"><br>&nbsp;<br>Pienille ryhmille kokkailemme itse monenlaista lohikeitosta lihapataan ja suurempien ryhmien kohdalla apuun astuvat yhteisty\u00f6t\u00e4 kanssamme tekev\u00e4t paikalliset pitopalvelut, yleisimmin Chef\u00b4s Service, Bite Catering ja Hiidenveden Pitomestarit.<br>&nbsp;<br>Ruokapalvelut sovitaan aina erikseen ja huomioimme allergiat ja ruokavaliot, mik\u00e4li tieto niist\u00e4 on meill\u00e4 ajoissa.<br>&nbsp;<br>Kauttamme onnistuu<br>&#8211; aamupalat<br>&#8211; lounaat<br>&#8211; p\u00e4iv\u00e4kahvit tuoreine tarjoiluineen<br>&#8211; p\u00e4iv\u00e4lliset<br>&#8211; ilta- ja y\u00f6palat<br>&nbsp;<br>Tarjoamme my\u00f6s kotaruokailuja.<\/p><\/div><\/div>\n<\/div><\/div>\n\n\n\n<div style=\"height:100px\" aria-hidden=\"true\" class=\"wp-block-spacer\"><\/div>\n\n\n\n<p><\/p>\n\n\n\n<div class=\"wp-block-uagb-info-box uagb-block-80d971a2 uagb-infobox__content-wrap  uagb-infobox-icon-above-title uagb-infobox-image-valign-top\"><div class=\"uagb-ifb-content\"><div class=\"uagb-ifb-icon-wrap\"><svg xmlns=\"https:\/\/www.w3.org\/2000\/svg\" viewbox=\"0 0 640 512\"><path d=\"M349 61.49C356.9 51.61 365.8 40.76 375.5 31.99C381.1 26.87 389.9 26.89 395.5 32.03C420.2 54.71 441.1 84.69 455.8 113.2C470.4 141.2 480 169.9 480 190.1C480 277.9 408.7 352 320 352C230.3 352 160 277.8 160 190.1C160 163.7 172.7 131.5 192.4 99.52C212.4 67.16 240.5 33.43 273.8 3.734C279.4-1.26 287.1-1.242 293.5 3.773C313.3 21.55 331.8 40.74 349 61.49V61.49zM390 176.1C388 172.1 386 168.1 383 164.1L347 206.1C347 206.1 289 132.1 285 127.1C255 164.1 240 185.1 240 209.1C240 258.1 276 287.1 320.1 287.1C339 287.1 355 282.1 370 272.1C400 251.1 408 209.1 390 176.1zM32 287.1C32 270.3 46.33 255.1 64 255.1H96C113.7 255.1 128 270.3 128 287.1C128 305.7 113.7 319.1 96 319.1V384H544V319.1C526.3 319.1 512 305.7 512 287.1C512 270.3 526.3 255.1 544 255.1H576C593.7 255.1 608 270.3 608 287.1V384C625.7 384 640 398.3 640 416V480C640 497.7 625.7 512 608 512H32C14.33 512 0 497.7 0 480V416C0 398.3 14.33 384 32 384V287.1zM320 480C337.7 480 352 465.7 352 448C352 430.3 337.7 416 320 416C302.3 416 288 430.3 288 448C288 465.7 302.3 480 320 480zM448 416C430.3 416 416 430.3 416 448C416 465.7 430.3 480 448 480C465.7 480 480 465.7 480 448C480 430.3 465.7 416 448 416zM192 480C209.7 480 224 465.7 224 448C224 430.3 209.7 416 192 416C174.3 416 160 430.3 160 448C160 465.7 174.3 480 192 480z\"><\/path><\/svg><\/div><div class=\"uagb-ifb-title-wrap\"><h3 class=\"uagb-ifb-title\">yhteisty\u00f6<\/h3><\/div><p class=\"uagb-ifb-desc\">Yhteisty\u00f6ss\u00e4 kanssamme toimii Lohjan Routiolla tukikohtaansa pit\u00e4v\u00e4 Chef\u00b4s Service.&nbsp;<br>Koko yritt\u00e4j\u00e4taipaleemme ajan pitopalvelukokki Jani Suominen on toimittanut asiakkaillemme maittavia ruokia ja kakkuja jos jonkinmoiseen tilaisuuteen. Nettisivut l\u00f6yd\u00e4tte osoitteesta:&nbsp;www.chefsservice.fi<br><br>Maittavia tarjoiluja tontillemme toimittaa my\u00f6s Bite Catering.&nbsp;&nbsp;Nettisivut osoitteessa:&nbsp;https:\/\/www.bitecatering.fi\/<\/p><\/div><\/div>\n\n\n\n<h2 class=\"wp-block-heading\"><\/h2>\n\n\n\n<div class=\"wp-block-uagb-container uagb-block-7f2b54c0 alignfull uagb-is-root-container\"><div class=\"uagb-container-inner-blocks-wrap\">\n<div class=\"wp-block-uagb-image alignleft uagb-block-20be521d wp-block-uagb-image--layout-default wp-block-uagb-image--effect-static wp-block-uagb-image--align-left\"><figure class=\"wp-block-uagb-image__figure\"><img decoding=\"async\" srcset=\"https:\/\/kettukallio-testi.fi\/wp-content\/uploads\/2026\/04\/RuokapalvelutKettukallionElmystila_590x.jpg ,https:\/\/kettukallio-testi.fi\/wp-content\/uploads\/2026\/04\/RuokapalvelutKettukallionElmystila_590x.jpg 780w, https:\/\/kettukallio-testi.fi\/wp-content\/uploads\/2026\/04\/RuokapalvelutKettukallionElmystila_590x.jpg 360w\" sizes=\"auto, (max-width: 480px) 150px\" src=\"https:\/\/kettukallio-testi.fi\/wp-content\/uploads\/2026\/04\/RuokapalvelutKettukallionElmystila_590x.jpg\" alt=\"\" class=\"uag-image-1377\" width=\"564\" height=\"450\" title=\"RuokapalvelutKettukallionElmystila_590x\" loading=\"lazy\" role=\"img\"\/><\/figure><\/div>\n\n\n\n<div class=\"wp-block-uagb-info-box uagb-block-27eebf38 uagb-infobox__content-wrap  uagb-infobox-icon-above-title uagb-infobox-image-valign-top\"><div class=\"uagb-ifb-content\"><div class=\"uagb-ifb-title-wrap\"><h4 class=\"uagb-ifb-title\">nuotioruoat<\/h4><\/div><p class=\"uagb-ifb-desc\">Kettukalliolla p\u00e4\u00e4set joko itse valmistamaan nuotioruokia tai nauttimaan valmiista herkuista. Vaihtoehtoja on monenlaiseen tilaisuuteen ja n\u00e4lk\u00e4\u00e4n.<br>Nuotioparilaleiv\u00e4t<br>Parilaleiv\u00e4t paistumassa<br>Nuotioleiv\u00e4t sopivat esimerkiksi aamu-, v\u00e4li- tai iltapalaksi. Leiv\u00e4n kaveriksi keitell\u00e4\u00e4n perinteiset nokipannukahvit ja -teet.\u00a0<br><br>Parilaleiv\u00e4t paahdetaan nuotiolla valurautaisilla voileip\u00e4pariloilla. Jokainen saa paahtaa oman leip\u00e4ns\u00e4 t\u00e4ytetty\u00e4\u00e4n sen valitsemillaan aineksilla, n\u00e4in ollen allergiat ja eri mieltymykset on helppo huomioida.\u00a0<br><br>T\u00e4yttein\u00e4 levitteit\u00e4, juustoja, leikkeleit\u00e4, tomaattia, paprikaa ja mausteita, muutokset mahdollisia.<br><br>Sy\u00f6ji\u00e4 5-15hl\u00f6<br><br><strong>Loimulohta<\/strong><br>Isompaan n\u00e4lk\u00e4\u00e4n suosittelemme perinteiseen tapaan loimutettua lohta lisukkeineen.\u00a0<br><br>Annos sis\u00e4lt\u00e4\u00e4<br>loimulohta<br>nuotioperunoita<br>remoulade-kastiketta<br>grillikasvikset<br>salaattia<br>ruoan p\u00e4\u00e4lle nokipannukahvia ja teet\u00e4<br>Sy\u00f6ji\u00e4 5-15hl\u00f6<br><\/p><\/div><\/div>\n<\/div><\/div>\n\n\n\n<div class=\"wp-block-uagb-container uagb-block-4accd472 alignfull uagb-is-root-container\"><div class=\"uagb-container-inner-blocks-wrap\">\n<div class=\"wp-block-uagb-image alignleft uagb-block-6dc267c6 wp-block-uagb-image--layout-default wp-block-uagb-image--effect-static wp-block-uagb-image--align-left\"><figure class=\"wp-block-uagb-image__figure\"><img decoding=\"async\" srcset=\"https:\/\/kettukallio-testi.fi\/wp-content\/uploads\/2026\/04\/pexels-photo-4993959-4993959-1024x683.jpg ,https:\/\/kettukallio-testi.fi\/wp-content\/uploads\/2026\/04\/pexels-photo-4993959-4993959-scaled.jpg 780w, https:\/\/kettukallio-testi.fi\/wp-content\/uploads\/2026\/04\/pexels-photo-4993959-4993959-scaled.jpg 360w\" sizes=\"auto, (max-width: 480px) 150px\" src=\"https:\/\/kettukallio-testi.fi\/wp-content\/uploads\/2026\/04\/pexels-photo-4993959-4993959-1024x683.jpg\" alt=\"A rustic dining table set outdoors with candles, floral arrangements, and wooden decor.\" class=\"uag-image-1330\" width=\"564\" height=\"450\" title=\"pexels-photo-4993959-4993959\" loading=\"lazy\" role=\"img\"\/><\/figure><\/div>\n\n\n\n<div class=\"wp-block-uagb-info-box uagb-block-f790d2c2 uagb-infobox__content-wrap  uagb-infobox-icon-above-title uagb-infobox-image-valign-top\"><div class=\"uagb-ifb-content\"><div class=\"uagb-ifb-title-wrap\"><h4 class=\"uagb-ifb-title\">Porsaan ribsej\u00e4 ja makkaraa<\/h4><\/div><p class=\"uagb-ifb-desc\">Lihan yst\u00e4ville tarjoamme grillattuja\u00a0 ribsej\u00e4 lisukkeineen.<br><br>Annos sis\u00e4lt\u00e4\u00e4<br>porsaan ribsej\u00e4 tai lihavartaita<br><br>makkaroita<br>nuotioperunoita<br>kastiketta<br>grillikasviksia<br>coleslaw-salaattia<br>ruoan p\u00e4\u00e4lle nokipannukahvia ja teet\u00e4Sy\u00f6ji\u00e4 5-15hl\u00f6<br><br><strong>Tikkupullaa, suklaabanaaneja tai lettuja<br><\/strong>Kohta sy\u00f6d\u00e4\u00e4n tikkupullaa<br>Nokipannukahvien kaveriksi voidaan paistella tikkupullaa, suklaabanaaneja tai lettuja nuotiolla. Jokainen saa valmistaa oman makean herkkunsa.\u00a0<br><br>Tikkupullat, suklaabanaanit tai letut sopivat my\u00f6s\u00a0<a href=\"https:\/\/www.kettukallio.net\/luokkaretket-\" target=\"_blank\" rel=\"noreferrer noopener\">luokkaretkien<\/a>\u00a0ja\u00a0<a href=\"https:\/\/www.kettukallio.net\/leirikoulut\" target=\"_blank\" rel=\"noreferrer noopener\">leirikoulujen<\/a>v\u00e4lipalaksi.<\/p><\/div><\/div>\n<\/div><\/div>\n\n\n\n<div style=\"height:100px\" aria-hidden=\"true\" class=\"wp-block-spacer\"><\/div>","protected":false},"excerpt":{"rendered":"<p>ruokapalvelut<\/p>","protected":false},"author":1,"featured_media":0,"parent":228,"menu_order":0,"comment_status":"closed","ping_status":"closed","template":"","meta":{"_uag_custom_page_level_css":"","_monsterinsights_skip_tracking":false,"_monsterinsights_sitenote_active":false,"_monsterinsights_sitenote_note":"","_monsterinsights_sitenote_category":0,"site-sidebar-layout":"default","site-content-layout":"","ast-site-content-layout":"default","site-content-style":"default","site-sidebar-style":"default","ast-global-header-display":"","ast-banner-title-visibility":"","ast-main-header-display":"","ast-hfb-above-header-display":"","ast-hfb-below-header-display":"","ast-hfb-mobile-header-display":"","site-post-title":"disabled","ast-breadcrumbs-content":"","ast-featured-img":"","footer-sml-layout":"","ast-disable-related-posts":"","theme-transparent-header-meta":"","adv-header-id-meta":"","stick-header-meta":"","header-above-stick-meta":"","header-main-stick-meta":"","header-below-stick-meta":"","astra-migrate-meta-layouts":"set","ast-page-background-enabled":"default","ast-page-background-meta":{"desktop":{"background-color":"var(--ast-global-color-4)","background-image":"","background-repeat":"repeat","background-position":"center center","background-size":"auto","background-attachment":"scroll","background-type":"","background-media":"","overlay-type":"","overlay-color":"","overlay-opacity":"","overlay-gradient":""},"tablet":{"background-color":"","background-image":"","background-repeat":"repeat","background-position":"center center","background-size":"auto","background-attachment":"scroll","background-type":"","background-media":"","overlay-type":"","overlay-color":"","overlay-opacity":"","overlay-gradient":""},"mobile":{"background-color":"","background-image":"","background-repeat":"repeat","background-position":"center center","background-size":"auto","background-attachment":"scroll","background-type":"","background-media":"","overlay-type":"","overlay-color":"","overlay-opacity":"","overlay-gradient":""}},"ast-content-background-meta":{"desktop":{"background-color":"var(--ast-global-color-5)","background-image":"","background-repeat":"repeat","background-position":"center center","background-size":"auto","background-attachment":"scroll","background-type":"","background-media":"","overlay-type":"","overlay-color":"","overlay-opacity":"","overlay-gradient":""},"tablet":{"background-color":"var(--ast-global-color-5)","background-image":"","background-repeat":"repeat","background-position":"center center","background-size":"auto","background-attachment":"scroll","background-type":"","background-media":"","overlay-type":"","overlay-color":"","overlay-opacity":"","overlay-gradient":""},"mobile":{"background-color":"var(--ast-global-color-5)","background-image":"","background-repeat":"repeat","background-position":"center center","background-size":"auto","background-attachment":"scroll","background-type":"","background-media":"","overlay-type":"","overlay-color":"","overlay-opacity":"","overlay-gradient":""}},"footnotes":""},"class_list":["post-1380","page","type-page","status-publish","hentry"],"uagb_featured_image_src":{"full":false,"thumbnail":false,"medium":false,"medium_large":false,"large":false,"1536x1536":false,"2048x2048":false,"trp-custom-language-flag":false},"uagb_author_info":{"display_name":"admin","author_link":"https:\/\/kettukallio-testi.fi\/en\/author\/admin\/"},"uagb_comment_info":0,"uagb_excerpt":"ruokapalvelut","_links":{"self":[{"href":"https:\/\/kettukallio-testi.fi\/en\/wp-json\/wp\/v2\/pages\/1380","targetHints":{"allow":["GET"]}}],"collection":[{"href":"https:\/\/kettukallio-testi.fi\/en\/wp-json\/wp\/v2\/pages"}],"about":[{"href":"https:\/\/kettukallio-testi.fi\/en\/wp-json\/wp\/v2\/types\/page"}],"author":[{"embeddable":true,"href":"https:\/\/kettukallio-testi.fi\/en\/wp-json\/wp\/v2\/users\/1"}],"replies":[{"embeddable":true,"href":"https:\/\/kettukallio-testi.fi\/en\/wp-json\/wp\/v2\/comments?post=1380"}],"version-history":[{"count":6,"href":"https:\/\/kettukallio-testi.fi\/en\/wp-json\/wp\/v2\/pages\/1380\/revisions"}],"predecessor-version":[{"id":1431,"href":"https:\/\/kettukallio-testi.fi\/en\/wp-json\/wp\/v2\/pages\/1380\/revisions\/1431"}],"up":[{"embeddable":true,"href":"https:\/\/kettukallio-testi.fi\/en\/wp-json\/wp\/v2\/pages\/228"}],"wp:attachment":[{"href":"https:\/\/kettukallio-testi.fi\/en\/wp-json\/wp\/v2\/media?parent=1380"}],"curies":[{"name":"wp","href":"https:\/\/api.w.org\/{rel}","templated":true}]}}