{"id":1407,"date":"2026-04-26T19:03:44","date_gmt":"2026-04-26T19:03:44","guid":{"rendered":"https:\/\/kettukallio-testi.fi\/?page_id=1407"},"modified":"2026-05-01T14:50:11","modified_gmt":"2026-05-01T12:50:11","slug":"lasten-kaverisynttarit","status":"publish","type":"page","link":"https:\/\/kettukallio-testi.fi\/en\/juhlijoille\/lasten-kaverisynttarit\/","title":{"rendered":"Children's birthdays"},"content":{"rendered":"<div class=\"wp-block-cover alignfull is-light\"><img loading=\"lazy\" decoding=\"async\" width=\"590\" height=\"443\" class=\"wp-block-cover__image-background wp-image-1377 size-full\" alt=\"\" src=\"https:\/\/kettukallio-testi.fi\/wp-content\/uploads\/2026\/04\/RuokapalvelutKettukallionElmystila_590x.jpg\" data-object-fit=\"cover\" srcset=\"https:\/\/kettukallio-testi.fi\/wp-content\/uploads\/2026\/04\/RuokapalvelutKettukallionElmystila_590x.jpg 590w, https:\/\/kettukallio-testi.fi\/wp-content\/uploads\/2026\/04\/RuokapalvelutKettukallionElmystila_590x-300x225.jpg 300w, https:\/\/kettukallio-testi.fi\/wp-content\/uploads\/2026\/04\/RuokapalvelutKettukallionElmystila_590x-16x12.jpg 16w\" sizes=\"auto, (max-width: 590px) 100vw, 590px\" \/><span aria-hidden=\"true\" class=\"wp-block-cover__background has-background-dim-40 has-background-dim\" style=\"background-color:#a2917f\"><\/span><div class=\"wp-block-cover__inner-container is-layout-constrained wp-block-cover-is-layout-constrained\">\n<p class=\"has-text-align-center has-large-font-size\"><\/p>\n<\/div><\/div>\n\n\n\n<h2 class=\"wp-block-heading alignfull has-text-align-center has-ast-global-color-5-background-color has-background\" style=\"padding-top:var(--wp--preset--spacing--30);padding-bottom:var(--wp--preset--spacing--30)\">lasten kaverisyntt\u00e4rit<\/h2>\n\n\n\n<p><\/p>\n\n\n\n<div class=\"wp-block-uagb-container uagb-block-73320863 alignfull uagb-is-root-container\"><div class=\"uagb-container-inner-blocks-wrap\">\n<div class=\"wp-block-uagb-info-box uagb-block-3edbe7d0 uagb-infobox__content-wrap  uagb-infobox-icon-above-title uagb-infobox-image-valign-top\"><div class=\"uagb-ifb-content\"><div class=\"uagb-ifb-icon-wrap\"><svg xmlns=\"https:\/\/www.w3.org\/2000\/svg\" viewbox=\"0 0 448 512\"><path d=\"M352 111.1c22.09 0 40-17.88 40-39.97S352 0 352 0s-40 49.91-40 72S329.9 111.1 352 111.1zM224 111.1c22.09 0 40-17.88 40-39.97S224 0 224 0S184 49.91 184 72S201.9 111.1 224 111.1zM383.1 223.1L384 160c0-8.836-7.164-16-16-16h-32C327.2 144 320 151.2 320 160v64h-64V160c0-8.836-7.164-16-16-16h-32C199.2 144 192 151.2 192 160v64H128V160c0-8.836-7.164-16-16-16h-32C71.16 144 64 151.2 64 160v63.97c-35.35 0-64 28.65-64 63.1v68.7c9.814 6.102 21.39 11.33 32 11.33c20.64 0 45.05-19.73 52.7-27.33c6.25-6.219 16.34-6.219 22.59 0C114.1 348.3 139.4 367.1 160 367.1s45.05-19.73 52.7-27.33c6.25-6.219 16.34-6.219 22.59 0C242.1 348.3 267.4 367.1 288 367.1s45.05-19.73 52.7-27.33c6.25-6.219 16.34-6.219 22.59 0C370.1 348.3 395.4 367.1 416 367.1c10.61 0 22.19-5.227 32-11.33V287.1C448 252.6 419.3 223.1 383.1 223.1zM352 373.3c-13.75 10.95-38.03 26.66-64 26.66s-50.25-15.7-64-26.66c-13.75 10.95-38.03 26.66-64 26.66s-50.25-15.7-64-26.66c-13.75 10.95-38.03 26.66-64 26.66c-11.27 0-22.09-3.121-32-7.377v87.38C0 497.7 14.33 512 32 512h384c17.67 0 32-14.33 32-32v-87.38c-9.91 4.256-20.73 7.377-32 7.377C390 399.1 365.8 384.3 352 373.3zM96 111.1c22.09 0 40-17.88 40-39.97S96 0 96 0S56 49.91 56 72S73.91 111.1 96 111.1z\"><\/path><\/svg><\/div><div class=\"uagb-ifb-title-wrap\"><\/div><p class=\"uagb-ifb-desc\">Kettukallion El\u00e4mystilalla voi viett\u00e4\u00e4 monenlaisia lasten kaverisyntt\u00e4reit\u00e4. Valikoimaa l\u00f6ytyy monenik\u00e4isille sankareille. Kaikki syntt\u00e4rit toteutetaan pitk\u00e4lti raikkaassa ulkoilmassa ja syntt\u00e4reit\u00e4 voi viett\u00e4\u00e4 mihin aikaan vuodesta tahansa.<br>Merirosvoseikkailu (n. 5-7v)<br>Mets\u00e4n keijut (n. 5-7v)<br>Agenttikoulutus (n. 7-9v)<br>Muinainen mysteeri (n. 10-13v)<br>Pizzaa ja paljuilua (kouluik\u00e4iset)<br>Alla lis\u00e4\u00e4 kaikista ohjelmakokonaisuuksista.<\/p><div class=\"uagb-ifb-button-wrapper wp-block-button\"><a href=\"#\" class=\"uagb-infobox-cta-link wp-block-button__link\" target=\"_self\" rel=\"noopener noreferrer\" onclick=\"return false;\"><span class=\"uagb-inline-editing\">Contact us<\/span><svg xmlns=\"https:\/\/www.w3.org\/2000\/svg\" viewbox=\"0 0 512 512\"><path d=\"M504.3 273.6l-112.1 104c-6.992 6.484-17.18 8.218-25.94 4.406c-8.758-3.812-14.42-12.45-14.42-21.1L351.9 288H32C14.33 288 .0002 273.7 .0002 255.1S14.33 224 32 224h319.9l0-72c0-9.547 5.66-18.19 14.42-22c8.754-3.809 18.95-2.075 25.94 4.41l112.1 104C514.6 247.9 514.6 264.1 504.3 273.6z\"><\/path><\/svg><\/a><\/div><\/div><\/div>\n<\/div><\/div>\n\n\n\n<div class=\"wp-block-uagb-container uagb-block-guzposbk alignfull uagb-is-root-container\"><div class=\"uagb-container-inner-blocks-wrap\">\n<div class=\"wp-block-uagb-container uagb-block-cvogmq9d\">\n<div class=\"wp-block-uagb-image alignleft uagb-block-m4i76kf4 wp-block-uagb-image--layout-default wp-block-uagb-image--effect-static wp-block-uagb-image--align-left\"><figure class=\"wp-block-uagb-image__figure\"><img decoding=\"async\" srcset=\"https:\/\/kettukallio-testi.fi\/wp-content\/uploads\/2026\/04\/pexels-photo-796607-796607-1024x682.jpg ,https:\/\/kettukallio-testi.fi\/wp-content\/uploads\/2026\/04\/pexels-photo-796607-796607-scaled.jpg 780w, https:\/\/kettukallio-testi.fi\/wp-content\/uploads\/2026\/04\/pexels-photo-796607-796607-scaled.jpg 360w\" sizes=\"auto, (max-width: 480px) 150px\" src=\"https:\/\/kettukallio-testi.fi\/wp-content\/uploads\/2026\/04\/pexels-photo-796607-796607-1024x682.jpg\" alt=\"Vibrant and colorful confetti perfect for festive backgrounds.\" class=\"uag-image-1399\" width=\"422\" height=\"400\" title=\"pexels-photo-796607-796607\" loading=\"lazy\" role=\"img\"\/><\/figure><\/div>\n\n\n\n<div class=\"wp-block-uagb-info-box uagb-block-p1bqz7zd uagb-infobox__content-wrap  uagb-infobox-icon-above-title uagb-infobox-image-valign-top\"><div class=\"uagb-ifb-content\"><div class=\"uagb-ifb-title-wrap\"><h3 class=\"uagb-ifb-title\">Kettukallion merirosvoseikkailu<\/h3><\/div><p class=\"uagb-ifb-desc\">Lasten kaverisyntt\u00e4reit\u00e4 voi juhlia vauhdikkaasti Kettukallion El\u00e4mystilalla!<br>Pakettiin sis\u00e4ltyy reilun tunnin mittainen ohjelmaosuus, jonka aluksi lapset saavat pukeutua hurjiksi merirosvoiksi. T\u00e4m\u00e4n j\u00e4lkeen lapset liikkuvat ohjaajan kanssa El\u00e4myskyl\u00e4n piha-alueella ja tekev\u00e4t yhdess\u00e4 merirosvoaiheisia teht\u00e4vi\u00e4. Lopuksi lapset saavat koota ansaitsemistaan kartan palasista aarrekartan ja etsi\u00e4 aarteen.&nbsp;<br>T\u00e4m\u00e4n j\u00e4lkeen on tarjoilun aika. Pakettiin voi valita halutessaan makkaranpaistoa laavulla\/ kodassa tai ottaa ainoastaan herkkutarjoilun merirosvoteemaisesti katetussa p\u00f6yd\u00e4ss\u00e4. Tarjoilun p\u00e4\u00e4tteeksi j\u00e4\u00e4 aikaa avata lahjoja tms.&nbsp;<br><br>P\u00e4\u00e4lle ulkoiluun sopivat vaatteet ja p\u00e4\u00e4hine, jonka p\u00e4\u00e4lle saa helposti laitettua merirosvohuivin.<br><br>Ohjelmapaketti kest\u00e4\u00e4 kokonaisuudessaan n. 2 tuntia.&nbsp;<br>Pakettiin sis\u00e4ltyy&nbsp;:<br>&#8211; ohjelmaosuus<br>merirosvoaiheiset vaatteet ohjelman ajaksi<br>&#8211; aarre, jonka sis\u00e4ll\u00f6n lapset saavat pit\u00e4\u00e4&nbsp;<br>&#8211; tarjoilu<br>T\u00e4m\u00e4 ohjelma sopii parhaiten 5-7-vuotiaille.<br><br>Hinta 220\u20ac\/ 10 osallistujaa.<br>Nuotiomakkarat koko porukalle 25\u20ac.<br>Kakku teeman mukaisesti koristeltuna 60\u20ac.<br>Syntt\u00e4rit ostettavissa&nbsp;<a href=\"https:\/\/kettukallio.johku.com\/fi_FI\/categories\/4-lasten-kaverisynttarit\" target=\"_blank\" rel=\"noreferrer noopener\">verkkokaupastamme<\/a>.<\/p><\/div><\/div>\n<\/div>\n\n\n\n<div class=\"wp-block-uagb-container uagb-block-hkxeh8f3\">\n<div class=\"wp-block-uagb-info-box uagb-block-ave5nfjr uagb-infobox__content-wrap  uagb-infobox-icon-above-title uagb-infobox-image-valign-top\"><div class=\"uagb-ifb-content\"><div class=\"uagb-ifb-title-wrap\"><h3 class=\"uagb-ifb-title\">Mets\u00e4n keijut Kettukalliolla<\/h3><\/div><p class=\"uagb-ifb-desc\">Pakettiin sis\u00e4ltyy reilun tunnin mittainen ohjelmaosuus, jonka aluksi lapset saavat pukeutua mets\u00e4n keijuiksi. T\u00e4m\u00e4n j\u00e4lkeen lapset liikkuvat ohjaajan kanssa El\u00e4myskyl\u00e4n piha-alueella ja tekev\u00e4t yhdess\u00e4 teht\u00e4vi\u00e4. Lopuksi lapset saavat koota ansaitsemistaan kartan palasista aarrekartan ja etsi\u00e4 aarteen.<br>T\u00e4m\u00e4n j\u00e4lkeen on tarjoilun aika. Pakettiin voi valita halutessaan makkaranpaistoa laavulla\/ kodassa tai ottaa ainoastaan herkkutarjoilun keijumaisesti katetussa p\u00f6yd\u00e4ss\u00e4. Tarjoilun p\u00e4\u00e4tteeksi j\u00e4\u00e4 aikaa avata lahjoja tms.&nbsp;<br>P\u00e4\u00e4lle ulkoiluun sopivat vaatteet.<br>Ohjelmapaketti kest\u00e4\u00e4 kokonaisuudessaan n. 2 tuntia.&nbsp;<br><br>Pakettiin sis\u00e4ltyy:<br>ohjelmaosuus<br>mets\u00e4n keijujen asusteet ohjelman ajaksi<br>aarre, jonka sis\u00e4ll\u00f6n lapset saavat pit\u00e4\u00e4<br>tarjoilu&nbsp;<br><br>T\u00e4m\u00e4 ohjelma sopii parhaiten 5-7-vuotiaille.<br><br>Hinta 220\u20ac\/ 10 osallistujaa.<br>Nuotiomakkarat koko porukalle 25\u20ac.<br>Kakku teeman mukaisesti koristeltuna 60\u20ac.<br>Syntt\u00e4rit ostettavissa&nbsp;<a href=\"https:\/\/kettukallio.johku.com\/fi_FI\/categories\/4-lasten-kaverisynttarit\" target=\"_blank\" rel=\"noreferrer noopener\">verkkokaupastamme<\/a><\/p><\/div><\/div>\n\n\n\n<div class=\"wp-block-uagb-image alignleft uagb-block-xvbz6dbn wp-block-uagb-image--layout-default wp-block-uagb-image--effect-static wp-block-uagb-image--align-left\"><figure class=\"wp-block-uagb-image__figure\"><img decoding=\"async\" srcset=\"https:\/\/kettukallio-testi.fi\/wp-content\/uploads\/2026\/04\/pexels-photo-4934920-4934920-727x1024.jpg ,https:\/\/kettukallio-testi.fi\/wp-content\/uploads\/2026\/04\/pexels-photo-4934920-4934920-scaled.jpg 780w, https:\/\/kettukallio-testi.fi\/wp-content\/uploads\/2026\/04\/pexels-photo-4934920-4934920-scaled.jpg 360w\" sizes=\"auto, (max-width: 480px) 150px\" src=\"https:\/\/kettukallio-testi.fi\/wp-content\/uploads\/2026\/04\/pexels-photo-4934920-4934920-727x1024.jpg\" alt=\"A pair of red foxes stand among rocks in a forest setting, showcasing wildlife in natural habitat during twilight.\" class=\"uag-image-1349\" width=\"462\" height=\"400\" title=\"pexels-photo-4934920-4934920\" loading=\"lazy\" role=\"img\"\/><\/figure><\/div>\n<\/div>\n\n\n\n<div class=\"wp-block-uagb-container uagb-block-jd3a2sol\">\n<div class=\"wp-block-uagb-image alignleft uagb-block-nxarezsq wp-block-uagb-image--layout-default wp-block-uagb-image--effect-static wp-block-uagb-image--align-left\"><figure class=\"wp-block-uagb-image__figure\"><img decoding=\"async\" srcset=\"https:\/\/kettukallio-testi.fi\/wp-content\/uploads\/2026\/04\/pexels-photo-35001381-35001381-1024x683.jpg ,https:\/\/kettukallio-testi.fi\/wp-content\/uploads\/2026\/04\/pexels-photo-35001381-35001381-scaled.jpg 780w, https:\/\/kettukallio-testi.fi\/wp-content\/uploads\/2026\/04\/pexels-photo-35001381-35001381-scaled.jpg 360w\" sizes=\"auto, (max-width: 480px) 150px\" src=\"https:\/\/kettukallio-testi.fi\/wp-content\/uploads\/2026\/04\/pexels-photo-35001381-35001381-1024x683.jpg\" alt=\"A woman crafting a beautiful autumn floral arrangement indoors.\" class=\"uag-image-1295\" width=\"471\" height=\"400\" title=\"pexels-photo-35001381-35001381\" loading=\"lazy\" role=\"img\"\/><\/figure><\/div>\n\n\n\n<div class=\"wp-block-uagb-info-box uagb-block-hfbtrvrz uagb-infobox__content-wrap  uagb-infobox-icon-above-title uagb-infobox-image-valign-top\"><div class=\"uagb-ifb-content\"><div class=\"uagb-ifb-title-wrap\"><h3 class=\"uagb-ifb-title\">Agenttikoulutus<\/h3><\/div><p class=\"uagb-ifb-desc\">Agenttikoulutus on kouluik\u00e4isille (n. 7-9v) lapsille suunnattu kaverisyntt\u00e4ripaketti.&nbsp;<br>Pakettiin sis\u00e4ltyy reilun tunnin mittainen ohjelmaosuus, jonka aikana liikutaan piha-alueella ja mets\u00e4ss\u00e4. Agenttikouluttajan valvovan silm\u00e4n alla ratkaistaan niin loogista p\u00e4\u00e4ttely\u00e4, tarkkuutta kuin fyysist\u00e4 ketteryytt\u00e4kin vaativia agenttikoulutuksen osateht\u00e4vi\u00e4.&nbsp;<br>T\u00e4m\u00e4n j\u00e4lkeen on tarjoilun aika. Pakettiin voi valita halutessaan makkaranpaistoa laavulla\/ kodassa tai ottaa ainoastaan herkkutarjoilun. Tarjoilun p\u00e4\u00e4tteeksi j\u00e4\u00e4 aikaa avata lahjoja tms.&nbsp;<br><br>P\u00e4\u00e4lle ulkoiluun sopivat vaatteet ja jalkaan hyv\u00e4t keng\u00e4t. Halutessaan koulutukseen tulijat voivat varustautua aurinkolasein.&nbsp;<br><br>Ohjelmapaketti kest\u00e4\u00e4 kokonaisuudessaan n. 2 tuntia.&nbsp;<br>Pakettiin sis\u00e4ltyy:<br>ohjelmaosuus<br>tarjoilu<br>Hinta: 220\u20ac \/ 10 lasta, lis\u00e4kaverit 8\u20ac\/ hl\u00f6.<br>Nuotiomakkarat kymmenelle agenttikokelaalle 25\u20ac<br><br>Syntt\u00e4rit ostettavissa&nbsp;<a href=\"https:\/\/kettukallio.johku.com\/fi_FI\/categories\/4-lasten-kaverisynttarit\" target=\"_blank\" rel=\"noreferrer noopener\">verkkokaupastamme<\/a>.<\/p><\/div><\/div>\n<\/div>\n<\/div><\/div>\n\n\n\n<div class=\"wp-block-columns is-layout-flex wp-container-core-columns-is-layout-28f84493 wp-block-columns-is-layout-flex\">\n<div class=\"wp-block-column is-layout-flow wp-block-column-is-layout-flow\">\n<div class=\"wp-block-uagb-info-box uagb-block-e6900486 uagb-infobox__content-wrap  uagb-infobox-icon-above-title uagb-infobox-image-valign-top\"><div class=\"uagb-ifb-content\"><div class=\"uagb-ifb-icon-wrap\"><svg xmlns=\"https:\/\/www.w3.org\/2000\/svg\" viewbox=\"0 0 512 512\"><path d=\"M0 256C0 114.6 114.6 0 256 0C397.4 0 512 114.6 512 256C512 397.4 397.4 512 256 512C114.6 512 0 397.4 0 256zM371.8 211.8C382.7 200.9 382.7 183.1 371.8 172.2C360.9 161.3 343.1 161.3 332.2 172.2L224 280.4L179.8 236.2C168.9 225.3 151.1 225.3 140.2 236.2C129.3 247.1 129.3 264.9 140.2 275.8L204.2 339.8C215.1 350.7 232.9 350.7 243.8 339.8L371.8 211.8z\"><\/path><\/svg><\/div><div class=\"uagb-ifb-title-wrap\"><h3 class=\"uagb-ifb-title\">tarjoilut<\/h3><\/div><p class=\"uagb-ifb-desc\">Merirosvo-, Mets\u00e4n keiju- ja Agenttisyntt\u00e4reill\u00e4 tarjoilun herkkuina on<br>sipsej\u00e4<br>popcornia<br>keksej\u00e4<br>mehua ja limsaa<br>cocktail-tikkuja, joissa on nakkeja tai lihapullia, kurkkua, tomaatteja ja viiniryp\u00e4leit\u00e4&nbsp;<br><br>Lis\u00e4ksi voi tilata syntt\u00e4rikakun teeman mukaan koristellusti hintaan 60\u20ac.<\/p><\/div><\/div>\n<\/div>\n<\/div>\n\n\n\n<div class=\"wp-block-uagb-container uagb-block-c8bd3a74 alignfull uagb-is-root-container\"><div class=\"uagb-container-inner-blocks-wrap\">\n<div class=\"wp-block-uagb-container uagb-block-3e15883d\">\n<div class=\"wp-block-uagb-image alignleft uagb-block-74dccbe9 wp-block-uagb-image--layout-default wp-block-uagb-image--effect-static wp-block-uagb-image--align-left\"><figure class=\"wp-block-uagb-image__figure\"><img decoding=\"async\" srcset=\"https:\/\/websitedemos.net\/wp-content\/uploads\/2023\/10\/natures-02.jpg ,https:\/\/websitedemos.net\/wp-content\/uploads\/2023\/10\/natures-02.jpg 780w\" sizes=\"auto, (max-width: 480px) 150px\" src=\"https:\/\/websitedemos.net\/wp-content\/uploads\/2023\/10\/natures-02.jpg\" alt=\"\" class=\"uag-image-80574\" width=\"516\" height=\"400\" title=\"\" loading=\"lazy\" role=\"img\"\/><\/figure><\/div>\n\n\n\n<div class=\"wp-block-uagb-info-box uagb-block-ba6e51ac uagb-infobox__content-wrap  uagb-infobox-icon-above-title uagb-infobox-image-valign-top\"><div class=\"uagb-ifb-content\"><div class=\"uagb-ifb-title-wrap\"><h3 class=\"uagb-ifb-title\">Muinainen mysteeri<\/h3><\/div><p class=\"uagb-ifb-desc\">Muinainen mysteeri sopii n. 10-13-vuotiaiden syntt\u00e4riohjelmaksi.&nbsp;<br><br>Pakettiin sis\u00e4ltyy reilun tunnin mittainen ohjelmaosuus, jonka aikana liikutaan piha-alueella. Muinainen mysteeri vie tarinallaan menness\u00e4\u00e4n ja matkan varrella ratkotaankin monenlaisia K\u00e4rry-Jaakobin juonimia mysteerej\u00e4.&nbsp;<br><br>N\u00e4ill\u00e4 syntt\u00e4reill\u00e4 herkutellaan kodassa tai laavulla itse paistetuilla nuotioparilaleivill\u00e4 ja vaahtokarkeilla.&nbsp;<br><br>P\u00e4\u00e4lle ulkoiluun sopivat vaatteet ja jalkaan hyv\u00e4t keng\u00e4t.&nbsp;<br><br>Ohjelmapaketti kest\u00e4\u00e4 kokonaisuudessaan n. 2,5 tuntia.&nbsp;<br><br>Pakettiin sis\u00e4ltyy:<br>ohjelmaosuus<br>tarjoilu (nuotioparilaleiv\u00e4t ja vaahtokarkit, juomat)<br><br>Hinta: 250\u20ac \/ 6 lasta, lis\u00e4kaverit 15\u20ac\/ hl\u00f6<br><br>Syntt\u00e4rit tilattavissa&nbsp;<a href=\"https:\/\/kettukallio.johku.com\/fi_FI\/lasten-kaverisynttarit\/muinainen-mysteeri\" target=\"_blank\" rel=\"noreferrer noopener\">verkkokaupastamme<\/a>.<\/p><\/div><\/div>\n<\/div>\n\n\n\n<div class=\"wp-block-uagb-container uagb-block-2ed90e56\">\n<div class=\"wp-block-uagb-info-box uagb-block-fd8ed4a7 uagb-infobox__content-wrap  uagb-infobox-icon-above-title uagb-infobox-image-valign-top\"><div class=\"uagb-ifb-content\"><div class=\"uagb-ifb-title-wrap\"><h3 class=\"uagb-ifb-title\">Pizzaa ja paljuilua<\/h3><\/div><p class=\"uagb-ifb-desc\">N\u00e4ill\u00e4 kaverisyntt\u00e4reill\u00e4 p\u00e4\u00e4sette paljuilemaan ja herkuttelemaan pizzalla.<br>T\u00e4m\u00e4 paketti on tehty 4-8 kouluik\u00e4iselle kaverukselle. Syntt\u00e4reihin sis\u00e4ltyy torpan paljun ja saunan k\u00e4ytt\u00f6 n. 2 tunnin ajaksi ja t\u00e4m\u00e4n j\u00e4lkeen herkutellaan pizzalla.<br>Pizzat\u00e4ytteist\u00e4 sovitaan asiakkaan kanssa ennen syntt\u00e4reit\u00e4. Verkkokaupan lis\u00e4palveluista on ostettavissa lis\u00e4pizzoja ja muita tarjoiluja.<br>Muistattehan ottaa uikkarit ja pyyhkeet matkaan. Talviaikaan paikan p\u00e4\u00e4ll\u00e4 on lainaksi paljupipoja.<br>Syntt\u00e4reiden viettoon on varattu n. 3 tuntia.<br><br>Pakettiin sis\u00e4ltyy<br>torpan paljun ja saunan k\u00e4ytt\u00f6 n. 2 tunniksi<br>pizzaa (puolikas) ja limsaa (0,3l) \/hl\u00f6<br><br>Hinta 250\u20ac\/ 4 osallistujaa, lis\u00e4kaverit 10\u20ac\/ hl\u00f6.&nbsp;<br><br><br>Syntt\u00e4rit ostettavissa&nbsp;<a href=\"https:\/\/kettukallio.johku.com\/fi_FI\/lasten-kaverisynttarit\/pizzaa-ja-paljuilua-kaverisynttarit\" target=\"_blank\" rel=\"noreferrer noopener\">verkkokaupastamme<\/a><\/p><\/div><\/div>\n\n\n\n<div class=\"wp-block-uagb-image alignleft uagb-block-97503007 wp-block-uagb-image--layout-default wp-block-uagb-image--effect-static wp-block-uagb-image--align-left\"><figure class=\"wp-block-uagb-image__figure\"><img decoding=\"async\" srcset=\"https:\/\/kettukallio-testi.fi\/wp-content\/uploads\/2026\/04\/90803e38d75e86219797b3d465412e91e463c93a-1024x683.jpg ,https:\/\/kettukallio-testi.fi\/wp-content\/uploads\/2026\/04\/90803e38d75e86219797b3d465412e91e463c93a.jpg 780w, https:\/\/kettukallio-testi.fi\/wp-content\/uploads\/2026\/04\/90803e38d75e86219797b3d465412e91e463c93a.jpg 360w\" sizes=\"auto, (max-width: 480px) 150px\" src=\"https:\/\/kettukallio-testi.fi\/wp-content\/uploads\/2026\/04\/90803e38d75e86219797b3d465412e91e463c93a-1024x683.jpg\" alt=\"\" class=\"uag-image-1120\" width=\"503\" height=\"400\" title=\"90803e38d75e86219797b3d465412e91e463c93a\" loading=\"lazy\" role=\"img\"\/><\/figure><\/div>\n<\/div>\n\n\n\n<div class=\"wp-block-uagb-container uagb-block-bfd91575\"><\/div>\n<\/div><\/div>\n\n\n\n<div class=\"inherit-container-width wp-block-group alignfull is-style-ext-preset--group--natural-1--section has-background-background-color has-background is-layout-constrained wp-container-core-group-is-layout-18437aeb wp-block-group-is-layout-constrained\" style=\"margin-top:0;margin-bottom:0;padding-top:var(--wp--preset--spacing--70);padding-right:0;padding-bottom:var(--wp--preset--spacing--70);padding-left:0\">\n<div class=\"wp-block-group alignwide is-style-ext-preset--group--natural-1--item-card-1--align-start is-layout-constrained wp-block-group-is-layout-constrained\">\n<div class=\"wp-block-cover alignwide is-style-ext-preset--cover--natural-1--cover-overlay-1\" style=\"padding-top:var(--wp--preset--spacing--50);padding-right:var(--wp--preset--spacing--30);padding-bottom:var(--wp--preset--spacing--50);padding-left:var(--wp--preset--spacing--30)\"><img loading=\"lazy\" decoding=\"async\" width=\"1024\" height=\"683\" class=\"wp-block-cover__image-background wp-image-1121 size-large\" alt=\"\" src=\"https:\/\/kettukallio-testi.fi\/wp-content\/uploads\/2026\/04\/fd7c0ec10a68465ab6fa462be8b928028abc93d8-1024x683.jpg\" data-object-fit=\"cover\" srcset=\"https:\/\/kettukallio-testi.fi\/wp-content\/uploads\/2026\/04\/fd7c0ec10a68465ab6fa462be8b928028abc93d8-1024x683.jpg 1024w, https:\/\/kettukallio-testi.fi\/wp-content\/uploads\/2026\/04\/fd7c0ec10a68465ab6fa462be8b928028abc93d8-300x200.jpg 300w, https:\/\/kettukallio-testi.fi\/wp-content\/uploads\/2026\/04\/fd7c0ec10a68465ab6fa462be8b928028abc93d8-768x512.jpg 768w, https:\/\/kettukallio-testi.fi\/wp-content\/uploads\/2026\/04\/fd7c0ec10a68465ab6fa462be8b928028abc93d8-18x12.jpg 18w, https:\/\/kettukallio-testi.fi\/wp-content\/uploads\/2026\/04\/fd7c0ec10a68465ab6fa462be8b928028abc93d8.jpg 1440w\" sizes=\"auto, (max-width: 1024px) 100vw, 1024px\" \/><span aria-hidden=\"true\" class=\"wp-block-cover__background has-background-dim-40 has-background-dim\" style=\"background-color:#010101\"><\/span><div class=\"wp-block-cover__inner-container is-layout-constrained wp-container-core-cover-is-layout-1c074333 wp-block-cover-is-layout-constrained\">\n<div class=\"wp-block-group alignwide is-layout-constrained wp-container-core-group-is-layout-f3b35183 wp-block-group-is-layout-constrained\" style=\"padding-top:0;padding-right:0;padding-bottom:0;padding-left:0\">\n<h2 class=\"wp-block-heading has-text-align-center ext-animate--on has-white-color has-text-color has-link-color has-x-large-font-size wp-elements-72d2186801d54a40d2a04fa39d563128\" style=\"margin-bottom:24px\"><strong>Tee syntym\u00e4p\u00e4ivist\u00e4 unohtumaton el\u00e4mys luonnon keskell\u00e4!<\/strong><\/h2>\n\n\n\n<div class=\"wp-block-buttons ext-animate--on is-content-justification-center is-layout-flex wp-container-core-buttons-is-layout-a89b3969 wp-block-buttons-is-layout-flex\">\n<div class=\"wp-block-button is-style-ext-preset--button--natural-1--button-1\"><a class=\"wp-block-button__link wp-element-button\" href=\"#extendify-cta\">Contact us<\/a><\/div>\n\n\n\n<div class=\"wp-block-button is-style-ext-preset--button--natural-1--button-1\"><a class=\"wp-block-button__link wp-element-button\" href=\"#extendify-cta\">Webshop<\/a><\/div>\n<\/div>\n<\/div>\n<\/div><\/div>\n<\/div>\n<\/div>","protected":false},"excerpt":{"rendered":"<p>lasten kaverisyntt\u00e4rit<\/p>","protected":false},"author":1,"featured_media":0,"parent":228,"menu_order":0,"comment_status":"closed","ping_status":"closed","template":"","meta":{"_uag_custom_page_level_css":"","_monsterinsights_skip_tracking":false,"_monsterinsights_sitenote_active":false,"_monsterinsights_sitenote_note":"","_monsterinsights_sitenote_category":0,"site-sidebar-layout":"default","site-content-layout":"","ast-site-content-layout":"default","site-content-style":"default","site-sidebar-style":"default","ast-global-header-display":"","ast-banner-title-visibility":"","ast-main-header-display":"","ast-hfb-above-header-display":"","ast-hfb-below-header-display":"","ast-hfb-mobile-header-display":"","site-post-title":"disabled","ast-breadcrumbs-content":"","ast-featured-img":"","footer-sml-layout":"","ast-disable-related-posts":"","theme-transparent-header-meta":"","adv-header-id-meta":"","stick-header-meta":"","header-above-stick-meta":"","header-main-stick-meta":"","header-below-stick-meta":"","astra-migrate-meta-layouts":"set","ast-page-background-enabled":"default","ast-page-background-meta":{"desktop":{"background-color":"var(--ast-global-color-4)","background-image":"","background-repeat":"repeat","background-position":"center center","background-size":"auto","background-attachment":"scroll","background-type":"","background-media":"","overlay-type":"","overlay-color":"","overlay-opacity":"","overlay-gradient":""},"tablet":{"background-color":"","background-image":"","background-repeat":"repeat","background-position":"center center","background-size":"auto","background-attachment":"scroll","background-type":"","background-media":"","overlay-type":"","overlay-color":"","overlay-opacity":"","overlay-gradient":""},"mobile":{"background-color":"","background-image":"","background-repeat":"repeat","background-position":"center center","background-size":"auto","background-attachment":"scroll","background-type":"","background-media":"","overlay-type":"","overlay-color":"","overlay-opacity":"","overlay-gradient":""}},"ast-content-background-meta":{"desktop":{"background-color":"var(--ast-global-color-5)","background-image":"","background-repeat":"repeat","background-position":"center center","background-size":"auto","background-attachment":"scroll","background-type":"","background-media":"","overlay-type":"","overlay-color":"","overlay-opacity":"","overlay-gradient":""},"tablet":{"background-color":"var(--ast-global-color-5)","background-image":"","background-repeat":"repeat","background-position":"center center","background-size":"auto","background-attachment":"scroll","background-type":"","background-media":"","overlay-type":"","overlay-color":"","overlay-opacity":"","overlay-gradient":""},"mobile":{"background-color":"var(--ast-global-color-5)","background-image":"","background-repeat":"repeat","background-position":"center center","background-size":"auto","background-attachment":"scroll","background-type":"","background-media":"","overlay-type":"","overlay-color":"","overlay-opacity":"","overlay-gradient":""}},"footnotes":""},"class_list":["post-1407","page","type-page","status-publish","hentry"],"uagb_featured_image_src":{"full":false,"thumbnail":false,"medium":false,"medium_large":false,"large":false,"1536x1536":false,"2048x2048":false,"trp-custom-language-flag":false},"uagb_author_info":{"display_name":"admin","author_link":"https:\/\/kettukallio-testi.fi\/en\/author\/admin\/"},"uagb_comment_info":0,"uagb_excerpt":"lasten kaverisyntt\u00e4rit","_links":{"self":[{"href":"https:\/\/kettukallio-testi.fi\/en\/wp-json\/wp\/v2\/pages\/1407","targetHints":{"allow":["GET"]}}],"collection":[{"href":"https:\/\/kettukallio-testi.fi\/en\/wp-json\/wp\/v2\/pages"}],"about":[{"href":"https:\/\/kettukallio-testi.fi\/en\/wp-json\/wp\/v2\/types\/page"}],"author":[{"embeddable":true,"href":"https:\/\/kettukallio-testi.fi\/en\/wp-json\/wp\/v2\/users\/1"}],"replies":[{"embeddable":true,"href":"https:\/\/kettukallio-testi.fi\/en\/wp-json\/wp\/v2\/comments?post=1407"}],"version-history":[{"count":7,"href":"https:\/\/kettukallio-testi.fi\/en\/wp-json\/wp\/v2\/pages\/1407\/revisions"}],"predecessor-version":[{"id":1708,"href":"https:\/\/kettukallio-testi.fi\/en\/wp-json\/wp\/v2\/pages\/1407\/revisions\/1708"}],"up":[{"embeddable":true,"href":"https:\/\/kettukallio-testi.fi\/en\/wp-json\/wp\/v2\/pages\/228"}],"wp:attachment":[{"href":"https:\/\/kettukallio-testi.fi\/en\/wp-json\/wp\/v2\/media?parent=1407"}],"curies":[{"name":"wp","href":"https:\/\/api.w.org\/{rel}","templated":true}]}}