{"id":1525,"date":"2026-04-27T20:09:26","date_gmt":"2026-04-27T20:09:26","guid":{"rendered":"https:\/\/kettukallio-testi.fi\/?page_id=1525"},"modified":"2026-04-27T20:16:24","modified_gmt":"2026-04-27T20:16:24","slug":"revonka-aitta","status":"publish","type":"page","link":"https:\/\/kettukallio-testi.fi\/en\/majoitus\/revonka-aitta\/","title":{"rendered":"Revonka barn"},"content":{"rendered":"<div class=\"wp-block-cover alignfull\"><img loading=\"lazy\" decoding=\"async\" width=\"1024\" height=\"682\" class=\"wp-block-cover__image-background wp-image-1333 size-large\" alt=\"\" src=\"https:\/\/kettukallio-testi.fi\/wp-content\/uploads\/2026\/04\/28bb49ab45c5704aad8dd0f7d2d69d569df7b483-1-1024x682.jpg\" data-object-fit=\"cover\" srcset=\"https:\/\/kettukallio-testi.fi\/wp-content\/uploads\/2026\/04\/28bb49ab45c5704aad8dd0f7d2d69d569df7b483-1-1024x682.jpg 1024w, https:\/\/kettukallio-testi.fi\/wp-content\/uploads\/2026\/04\/28bb49ab45c5704aad8dd0f7d2d69d569df7b483-1-300x200.jpg 300w, https:\/\/kettukallio-testi.fi\/wp-content\/uploads\/2026\/04\/28bb49ab45c5704aad8dd0f7d2d69d569df7b483-1-768x512.jpg 768w, https:\/\/kettukallio-testi.fi\/wp-content\/uploads\/2026\/04\/28bb49ab45c5704aad8dd0f7d2d69d569df7b483-1-18x12.jpg 18w, https:\/\/kettukallio-testi.fi\/wp-content\/uploads\/2026\/04\/28bb49ab45c5704aad8dd0f7d2d69d569df7b483-1.jpg 1280w\" sizes=\"auto, (max-width: 1024px) 100vw, 1024px\" \/><span aria-hidden=\"true\" class=\"wp-block-cover__background has-background-dim-10 has-background-dim\" style=\"background-color:#7d614c\"><\/span><div class=\"wp-block-cover__inner-container is-layout-constrained wp-block-cover-is-layout-constrained\">\n<p class=\"has-text-align-center has-large-font-size\"><\/p>\n<\/div><\/div>\n\n\n\n<div class=\"wp-block-uagb-container uagb-block-f7fqj3eh alignfull uagb-is-root-container\"><div class=\"uagb-container-inner-blocks-wrap\">\n<div class=\"wp-block-uagb-container uagb-block-p8pcylv6\">\n<div class=\"wp-block-uagb-info-box uagb-block-gfwbihpk uagb-infobox__content-wrap  uagb-infobox-icon-above-title uagb-infobox-image-valign-top\"><div class=\"uagb-ifb-content\"><div class=\"uagb-ifb-title-wrap\"><h2 class=\"uagb-ifb-title\">revonka-<br>aitta<\/h2><\/div><p class=\"uagb-ifb-desc\">Revonka valmistui toukokuussa -25. Hirsirunko on siirretty Sitarlasta ja kunnostettu Kettukalliolle majoitustilaksi.<br>Aitassa on 2 jykev\u00e4\u00e4, itse tehty\u00e4 kerross\u00e4nky\u00e4 ja yksi petipaikka parvella. Tilassa on s\u00e4hk\u00f6lammitys, mutta on suht kepe\u00e4n erityksen vuoksi k\u00e4yt\u00f6ss\u00e4 ns. sulan maan aikaan.<br>Revonkan varanneilla on k\u00e4yt\u00f6ss\u00e4\u00e4n l\u00e4heiset ulkohuussit. Huussille tulee l\u00e4mmin juokseva vesi ja toisessa kopissa on vauvanhoitop\u00f6yt\u00e4, potta ja s\u00e4hk\u00f6pistoke. Lis\u00e4ksi huussissa on s\u00e4hk\u00f6valaistus ja ramppi liikuntarajoitteisia varten.<\/p><\/div><\/div>\n\n\n\n<div class=\"wp-block-uagb-buttons uagb-buttons__outer-wrap uagb-btn__default-btn uagb-btn-tablet__default-btn uagb-btn-mobile__default-btn uagb-block-kmjwb0cf\"><div class=\"uagb-buttons__wrap uagb-buttons-layout-wrap\">\n<div class=\"wp-block-uagb-buttons-child uagb-buttons__outer-wrap uagb-block-gwkugode wp-block-button\"><div class=\"uagb-button__wrapper\"><a class=\"uagb-buttons-repeater ast-outline-button\" aria-label=\"\" style=\"border-width:revert-layer\" href=\"#\" rel=\"follow noopener\" target=\"_self\" role=\"button\"><div class=\"uagb-button__link\">Webshop<\/div><\/a><\/div><\/div>\n<\/div><\/div>\n<\/div>\n\n\n\n<div class=\"wp-block-uagb-container uagb-block-cjgxngzu\">\n<div class=\"wp-block-uagb-image alignleft uagb-block-7tutdnuv wp-block-uagb-image--layout-default wp-block-uagb-image--effect-static wp-block-uagb-image--align-left\"><figure class=\"wp-block-uagb-image__figure\"><img decoding=\"async\" srcset=\"https:\/\/kettukallio-testi.fi\/wp-content\/uploads\/2026\/04\/Revonka_5_300x.jpg ,https:\/\/kettukallio-testi.fi\/wp-content\/uploads\/2026\/04\/Revonka_5_300x.jpg 780w, https:\/\/kettukallio-testi.fi\/wp-content\/uploads\/2026\/04\/Revonka_5_300x.jpg 360w\" sizes=\"auto, (max-width: 480px) 150px\" src=\"https:\/\/kettukallio-testi.fi\/wp-content\/uploads\/2026\/04\/Revonka_5_300x.jpg\" alt=\"\" class=\"uag-image-1526\" width=\"270\" height=\"360\" title=\"Revonka_5_300x\" loading=\"lazy\" role=\"img\"\/><\/figure><\/div>\n\n\n\n<div class=\"wp-block-uagb-image alignleft uagb-block-8xlg8fig wp-block-uagb-image--layout-default wp-block-uagb-image--effect-static wp-block-uagb-image--align-left\"><figure class=\"wp-block-uagb-image__figure\"><img decoding=\"async\" srcset=\"https:\/\/kettukallio-testi.fi\/wp-content\/uploads\/2026\/04\/Revonka_3_300x.jpg ,https:\/\/kettukallio-testi.fi\/wp-content\/uploads\/2026\/04\/Revonka_3_300x.jpg 780w, https:\/\/kettukallio-testi.fi\/wp-content\/uploads\/2026\/04\/Revonka_3_300x.jpg 360w\" sizes=\"auto, (max-width: 480px) 150px\" src=\"https:\/\/kettukallio-testi.fi\/wp-content\/uploads\/2026\/04\/Revonka_3_300x.jpg\" alt=\"\" class=\"uag-image-1527\" width=\"270\" height=\"360\" title=\"Revonka_3_300x\" loading=\"lazy\" role=\"img\"\/><\/figure><\/div>\n<\/div>\n<\/div><\/div>\n\n\n\n<div class=\"inherit-container-width wp-block-group alignfull is-style-ext-preset--group--natural-1--section has-background-background-color has-background is-layout-constrained wp-block-group-is-layout-constrained\" style=\"margin-top:0;margin-bottom:0;padding-top:var(--wp--preset--spacing--70);padding-bottom:var(--wp--preset--spacing--70)\">\n<div class=\"wp-block-columns alignwide are-vertically-aligned-center is-layout-flex wp-container-core-columns-is-layout-174606dc wp-block-columns-is-layout-flex\">\n<div class=\"wp-block-column is-vertically-aligned-center is-layout-flow wp-block-column-is-layout-flow\">\n<h2 class=\"wp-block-heading ext-animate--on\">Peti ja Patonki arkip\u00e4ivisin kes\u00e4aikaan<\/h2>\n\n\n\n<p class=\"ext-animate--on\" style=\"margin-top:1.5rem\">Aitan voi varata kes\u00e4aikaan arkip\u00e4iville bed and breakfast -periaatteella.<br>T\u00e4ll\u00f6in teill\u00e4 on k\u00e4yt\u00f6ss\u00e4nne Revonka, isot piha-alueet grillipaikkoineen sek\u00e4 savusaunan tupa keitti\u00f6tilaksi. Halutessanne voitte l\u00e4mmitt\u00e4\u00e4 puul\u00e4mmitteisen k\u00e4rrysaunan ja pulahtaa mets\u00e4lampeen virkist\u00e4v\u00e4lle uinnille.<br>Lakanat ja aamupala sis\u00e4ltyv\u00e4t hintaan. Voitte tilata meilt\u00e4 etuk\u00e4teen nuotiolettusetin, grillimakkaraa tai tarvikkeet nokipannukahvien keittoon, jotta illanvietto olisi viel\u00e4 mukavampaa.&nbsp;<br>Omien ruokien ja juomien tuominen on my\u00f6s ok.<br>B&amp;B-majoitus on varattavissa verkkokaupastamme. Voit my\u00f6s ottaa yhteytt\u00e4 vaikkapa puhelimitse tai s\u00e4hk\u00f6postilla, jos jokin seikka askarruttaa mielt\u00e4.<\/p>\n\n\n\n<p class=\"ext-animate--on\" style=\"margin-top:1.5rem\"><\/p>\n<\/div>\n\n\n\n<div class=\"wp-block-column is-vertically-aligned-center is-layout-flow wp-block-column-is-layout-flow\">\n<figure class=\"wp-block-image size-full is-style-ext-preset--image--natural-1--image-1--content-right ext-animate--on is-style-default\"><img loading=\"lazy\" decoding=\"async\" width=\"2560\" height=\"1709\" src=\"https:\/\/kettukallio-testi.fi\/wp-content\/uploads\/2026\/04\/pexels-photo-9143894-9143894-scaled.jpg\" alt=\"A moka pot and ceramic cup placed on a tree stump outdoors, perfect for a cozy coffee moment.\" class=\"wp-image-1352\" style=\"aspect-ratio:4\/3;object-fit:cover\" srcset=\"https:\/\/kettukallio-testi.fi\/wp-content\/uploads\/2026\/04\/pexels-photo-9143894-9143894-scaled.jpg 2560w, https:\/\/kettukallio-testi.fi\/wp-content\/uploads\/2026\/04\/pexels-photo-9143894-9143894-300x200.jpg 300w, https:\/\/kettukallio-testi.fi\/wp-content\/uploads\/2026\/04\/pexels-photo-9143894-9143894-1024x684.jpg 1024w, https:\/\/kettukallio-testi.fi\/wp-content\/uploads\/2026\/04\/pexels-photo-9143894-9143894-768x513.jpg 768w, https:\/\/kettukallio-testi.fi\/wp-content\/uploads\/2026\/04\/pexels-photo-9143894-9143894-1536x1025.jpg 1536w, https:\/\/kettukallio-testi.fi\/wp-content\/uploads\/2026\/04\/pexels-photo-9143894-9143894-2048x1367.jpg 2048w, https:\/\/kettukallio-testi.fi\/wp-content\/uploads\/2026\/04\/pexels-photo-9143894-9143894-18x12.jpg 18w\" sizes=\"auto, (max-width: 2560px) 100vw, 2560px\" \/><\/figure>\n<\/div>\n<\/div>\n<\/div>\n\n\n\n<div class=\"inherit-container-width wp-block-group alignfull is-style-ext-preset--group--natural-1--section has-background-background-color has-background is-layout-constrained wp-container-core-group-is-layout-18437aeb wp-block-group-is-layout-constrained\" style=\"margin-top:0;margin-bottom:0;padding-top:var(--wp--preset--spacing--70);padding-right:0;padding-bottom:var(--wp--preset--spacing--70);padding-left:0\">\n<div class=\"wp-block-columns alignwide are-vertically-aligned-center has-border-color has-white-border-color has-ast-global-color-5-background-color has-background is-layout-flex wp-container-core-columns-is-layout-83d8d5f7 wp-block-columns-is-layout-flex\" style=\"border-width:17px;padding-top:0;padding-right:0;padding-bottom:0;padding-left:0\">\n<div class=\"wp-block-column is-vertically-aligned-center is-layout-flow wp-block-column-is-layout-flow\">\n<h2 class=\"wp-block-heading ext-animate--on\">varaa nyt<\/h2>\n\n\n\n<p class=\"ext-animate--on\" style=\"margin-top:1.5rem\">This section encourages visitors to take action, such as signing up, subscribing, or learning more about your services. It highlights the benefits of taking the next step and offers clear instructions for engagement.<\/p>\n\n\n\n<div class=\"wp-block-buttons ext-animate--on is-layout-flex wp-block-buttons-is-layout-flex\">\n<div class=\"wp-block-button is-style-ext-preset--button--natural-1--button-1 is-style-outline is-style-outline--1\"><a class=\"wp-block-button__link wp-element-button\" href=\"#extendify-cta\">verkkokauppa<\/a><\/div>\n\n\n\n<div class=\"wp-block-button is-style-ext-preset--button--natural-1--button-1 is-style-outline is-style-outline--2\"><a class=\"wp-block-button__link wp-element-button\" href=\"#extendify-cta\">varauskalenteri<\/a><\/div>\n\n\n\n<div class=\"wp-block-button is-style-ext-preset--button--natural-1--button-1 is-style-outline is-style-outline--3\"><a class=\"wp-block-button__link wp-element-button\" href=\"#extendify-cta\">Contact us<\/a><\/div>\n<\/div>\n<\/div>\n\n\n\n<div class=\"wp-block-column is-vertically-aligned-center is-layout-flow wp-block-column-is-layout-flow\">\n<figure class=\"wp-block-image size-full is-style-ext-preset--image--natural-1--image-1--content-right ext-animate--on\"><img loading=\"lazy\" decoding=\"async\" width=\"590\" height=\"443\" src=\"https:\/\/kettukallio-testi.fi\/wp-content\/uploads\/2026\/04\/Pienihirsimkki2_torppa_590x.jpg\" alt=\"\" class=\"wp-image-297\" style=\"aspect-ratio:4\/3;object-fit:cover\" srcset=\"https:\/\/kettukallio-testi.fi\/wp-content\/uploads\/2026\/04\/Pienihirsimkki2_torppa_590x.jpg 590w, https:\/\/kettukallio-testi.fi\/wp-content\/uploads\/2026\/04\/Pienihirsimkki2_torppa_590x-300x225.jpg 300w, https:\/\/kettukallio-testi.fi\/wp-content\/uploads\/2026\/04\/Pienihirsimkki2_torppa_590x-16x12.jpg 16w\" sizes=\"auto, (max-width: 590px) 100vw, 590px\" \/><\/figure>\n<\/div>\n<\/div>\n<\/div>\n\n\n\n<p><\/p>","protected":false},"excerpt":{"rendered":"<p>Peti ja Patonki arkip\u00e4ivisin kes\u00e4aikaan Aitan voi varata kes\u00e4aikaan arkip\u00e4iville bed and breakfast -periaatteella.T\u00e4ll\u00f6in teill\u00e4 on k\u00e4yt\u00f6ss\u00e4nne Revonka, isot piha-alueet [&hellip;]<\/p>\n","protected":false},"author":1,"featured_media":0,"parent":190,"menu_order":4,"comment_status":"closed","ping_status":"closed","template":"","meta":{"_uag_custom_page_level_css":"","_monsterinsights_skip_tracking":false,"_monsterinsights_sitenote_active":false,"_monsterinsights_sitenote_note":"","_monsterinsights_sitenote_category":0,"site-sidebar-layout":"default","site-content-layout":"","ast-site-content-layout":"default","site-content-style":"default","site-sidebar-style":"default","ast-global-header-display":"","ast-banner-title-visibility":"","ast-main-header-display":"","ast-hfb-above-header-display":"","ast-hfb-below-header-display":"","ast-hfb-mobile-header-display":"","site-post-title":"disabled","ast-breadcrumbs-content":"","ast-featured-img":"","footer-sml-layout":"","ast-disable-related-posts":"","theme-transparent-header-meta":"","adv-header-id-meta":"","stick-header-meta":"","header-above-stick-meta":"","header-main-stick-meta":"","header-below-stick-meta":"","astra-migrate-meta-layouts":"set","ast-page-background-enabled":"default","ast-page-background-meta":{"desktop":{"background-color":"var(--ast-global-color-4)","background-image":"","background-repeat":"repeat","background-position":"center center","background-size":"auto","background-attachment":"scroll","background-type":"","background-media":"","overlay-type":"","overlay-color":"","overlay-opacity":"","overlay-gradient":""},"tablet":{"background-color":"","background-image":"","background-repeat":"repeat","background-position":"center center","background-size":"auto","background-attachment":"scroll","background-type":"","background-media":"","overlay-type":"","overlay-color":"","overlay-opacity":"","overlay-gradient":""},"mobile":{"background-color":"","background-image":"","background-repeat":"repeat","background-position":"center center","background-size":"auto","background-attachment":"scroll","background-type":"","background-media":"","overlay-type":"","overlay-color":"","overlay-opacity":"","overlay-gradient":""}},"ast-content-background-meta":{"desktop":{"background-color":"var(--ast-global-color-5)","background-image":"","background-repeat":"repeat","background-position":"center center","background-size":"auto","background-attachment":"scroll","background-type":"","background-media":"","overlay-type":"","overlay-color":"","overlay-opacity":"","overlay-gradient":""},"tablet":{"background-color":"var(--ast-global-color-5)","background-image":"","background-repeat":"repeat","background-position":"center center","background-size":"auto","background-attachment":"scroll","background-type":"","background-media":"","overlay-type":"","overlay-color":"","overlay-opacity":"","overlay-gradient":""},"mobile":{"background-color":"var(--ast-global-color-5)","background-image":"","background-repeat":"repeat","background-position":"center center","background-size":"auto","background-attachment":"scroll","background-type":"","background-media":"","overlay-type":"","overlay-color":"","overlay-opacity":"","overlay-gradient":""}},"footnotes":""},"class_list":["post-1525","page","type-page","status-publish","hentry"],"uagb_featured_image_src":{"full":false,"thumbnail":false,"medium":false,"medium_large":false,"large":false,"1536x1536":false,"2048x2048":false,"trp-custom-language-flag":false},"uagb_author_info":{"display_name":"admin","author_link":"https:\/\/kettukallio-testi.fi\/en\/author\/admin\/"},"uagb_comment_info":0,"uagb_excerpt":"Peti ja Patonki arkip\u00e4ivisin kes\u00e4aikaan Aitan voi varata kes\u00e4aikaan arkip\u00e4iville bed and breakfast -periaatteella.T\u00e4ll\u00f6in teill\u00e4 on k\u00e4yt\u00f6ss\u00e4nne Revonka, isot piha-alueet [&hellip;]","_links":{"self":[{"href":"https:\/\/kettukallio-testi.fi\/en\/wp-json\/wp\/v2\/pages\/1525","targetHints":{"allow":["GET"]}}],"collection":[{"href":"https:\/\/kettukallio-testi.fi\/en\/wp-json\/wp\/v2\/pages"}],"about":[{"href":"https:\/\/kettukallio-testi.fi\/en\/wp-json\/wp\/v2\/types\/page"}],"author":[{"embeddable":true,"href":"https:\/\/kettukallio-testi.fi\/en\/wp-json\/wp\/v2\/users\/1"}],"replies":[{"embeddable":true,"href":"https:\/\/kettukallio-testi.fi\/en\/wp-json\/wp\/v2\/comments?post=1525"}],"version-history":[{"count":4,"href":"https:\/\/kettukallio-testi.fi\/en\/wp-json\/wp\/v2\/pages\/1525\/revisions"}],"predecessor-version":[{"id":1536,"href":"https:\/\/kettukallio-testi.fi\/en\/wp-json\/wp\/v2\/pages\/1525\/revisions\/1536"}],"up":[{"embeddable":true,"href":"https:\/\/kettukallio-testi.fi\/en\/wp-json\/wp\/v2\/pages\/190"}],"wp:attachment":[{"href":"https:\/\/kettukallio-testi.fi\/en\/wp-json\/wp\/v2\/media?parent=1525"}],"curies":[{"name":"wp","href":"https:\/\/api.w.org\/{rel}","templated":true}]}}