{"id":1599,"date":"2026-04-28T11:10:25","date_gmt":"2026-04-28T11:10:25","guid":{"rendered":"https:\/\/kettukallio-testi.fi\/?page_id=1599"},"modified":"2026-04-28T11:13:05","modified_gmt":"2026-04-28T11:13:05","slug":"luontoretket","status":"publish","type":"page","link":"https:\/\/kettukallio-testi.fi\/en\/luontoretket\/","title":{"rendered":"Luontoretket"},"content":{"rendered":"<div class=\"wp-block-cover alignfull is-light\"><img loading=\"lazy\" decoding=\"async\" width=\"1024\" height=\"576\" class=\"wp-block-cover__image-background wp-image-1132 size-large\" alt=\"\" src=\"https:\/\/kettukallio-testi.fi\/wp-content\/uploads\/2026\/04\/ece5f6409181be14bce936d9cef54dbeb89ff977-1024x576.jpg\" data-object-fit=\"cover\" srcset=\"https:\/\/kettukallio-testi.fi\/wp-content\/uploads\/2026\/04\/ece5f6409181be14bce936d9cef54dbeb89ff977-1024x576.jpg 1024w, https:\/\/kettukallio-testi.fi\/wp-content\/uploads\/2026\/04\/ece5f6409181be14bce936d9cef54dbeb89ff977-300x169.jpg 300w, https:\/\/kettukallio-testi.fi\/wp-content\/uploads\/2026\/04\/ece5f6409181be14bce936d9cef54dbeb89ff977-768x432.jpg 768w, https:\/\/kettukallio-testi.fi\/wp-content\/uploads\/2026\/04\/ece5f6409181be14bce936d9cef54dbeb89ff977-18x10.jpg 18w, https:\/\/kettukallio-testi.fi\/wp-content\/uploads\/2026\/04\/ece5f6409181be14bce936d9cef54dbeb89ff977.jpg 1440w\" sizes=\"auto, (max-width: 1024px) 100vw, 1024px\" \/><span aria-hidden=\"true\" class=\"wp-block-cover__background has-background-dim-30 has-background-dim\" style=\"background-color:#688e8c\"><\/span><div class=\"wp-block-cover__inner-container is-layout-constrained wp-block-cover-is-layout-constrained\">\n<p class=\"has-text-align-center has-large-font-size\"><\/p>\n<\/div><\/div>\n\n\n\n<div class=\"wp-block-group has-ast-global-color-5-background-color has-background is-layout-constrained wp-block-group-is-layout-constrained\">\n<div class=\"wp-block-uagb-container uagb-block-37bcc7ea alignfull uagb-is-root-container\"><div class=\"uagb-container-inner-blocks-wrap\">\n<div class=\"wp-block-columns is-layout-flex wp-container-core-columns-is-layout-28f84493 wp-block-columns-is-layout-flex\">\n<div class=\"wp-block-column is-layout-flow wp-block-column-is-layout-flow\">\n<h1 class=\"wp-block-heading has-x-large-font-size\">luontoretket<\/h1>\n\n\n\n<p>Maisemaretki Karstun kallioille, Hyvinvointipolku, Kettukallion Ketunkierros<\/p>\n<\/div>\n<\/div>\n<\/div><\/div>\n<\/div>\n\n\n\n<div class=\"wp-block-uagb-container uagb-block-kqa2afow alignfull uagb-is-root-container\"><div class=\"uagb-container-inner-blocks-wrap\">\n<div class=\"wp-block-uagb-container uagb-block-4opoicej\">\n<div class=\"wp-block-uagb-info-box uagb-block-oov7xezm uagb-infobox__content-wrap  uagb-infobox-icon-above-title uagb-infobox-image-valign-top\"><div class=\"uagb-ifb-content\"><div class=\"uagb-ifb-title-wrap\"><h2 class=\"uagb-ifb-title\">maisemaretki Karstun kalliolle<\/h2><\/div><p class=\"uagb-ifb-desc\">Karstun kallioilta n\u00e4et seudun parhaat maisemat Etel\u00e4-Suomen suurimmalle j\u00e4rvelle, Lohjanj\u00e4rvelle.<br>Maisemaretken aikana p\u00e4\u00e4sette nauttimaan Lohjan luonnon helmist\u00e4 oppaan johdolla ja kuulette kiinnostavia asioita sek\u00e4 alueen historiasta ett\u00e4 Lohjalle tyypillisest\u00e4 lehtoluonnosta. Retkell\u00e4 kuljetaan paikoin jyrkki\u00e4 polkuja pitkin ensin Linnavuoren huipulle ja nautitaan maisemista, mink\u00e4 j\u00e4lkeen ihaillaan t\u00e4t\u00e4 l\u00e4hes kohtisuorana kohoavaa jyrk\u00e4nnett\u00e4 alhaalta p\u00e4in. Matkan varrella n\u00e4ette mm. muinaiset kalliomaalaukset sek\u00e4 huikean luonnon monimuotoisuuden. Mukaan pakkaamamme ev\u00e4\u00e4t nautimme viereisen korkean kallion, Hiirim\u00e4en, laella, mist\u00e4 avautuu huikeat n\u00e4k\u00f6alat Karstunlahdelle. Alas menn\u00e4\u00e4n eri reitti\u00e4 ja matkan varrelle j\u00e4\u00e4 viel\u00e4 monta n\u00e4ht\u00e4v\u00e4n arvoista luontokohdetta.<br>Reitti kulkee paikoin haastavassa maastossa, joten hyv\u00e4t keng\u00e4t ja peruskunto on edellytys onnistuneelle retkelle.<br>Retken p\u00e4\u00e4tteeksi voidaan siirty\u00e4 Kettukallion El\u00e4mystilalle, jossa mahdollisuus on esimerkiksi tilakierrokseen ja ruokailuun.<br>Retki kest\u00e4\u00e4 kokonaisuudessaan n. 2,5h.<br>Hintatiedot: 300\u20ac \/10 hl\u00f6 ja t\u00e4m\u00e4n j\u00e4lkeen 15\u20ac \/hl\u00f6.<br>Sopiva ryhm\u00e4n koko 5-20 hl\u00f6.<\/p><\/div><\/div>\n\n\n\n<div class=\"wp-block-uagb-buttons uagb-buttons__outer-wrap uagb-btn__default-btn uagb-btn-tablet__default-btn uagb-btn-mobile__default-btn uagb-block-ihxm7vam\"><div class=\"uagb-buttons__wrap uagb-buttons-layout-wrap\">\n<div class=\"wp-block-uagb-buttons-child uagb-buttons__outer-wrap uagb-block-ixqoi5n7 wp-block-button\"><div class=\"uagb-button__wrapper\"><a class=\"uagb-buttons-repeater wp-block-button__link\" aria-label=\"\" href=\"#\" rel=\"follow noopener\" target=\"_self\" role=\"button\"><div class=\"uagb-button__link\">osta verkkokaupasta<\/div><\/a><\/div><\/div>\n<\/div><\/div>\n<\/div>\n<\/div><\/div>\n\n\n\n<div class=\"wp-block-uagb-container uagb-block-a35c05f1 alignfull uagb-is-root-container\"><div class=\"uagb-container-inner-blocks-wrap\">\n<div class=\"wp-block-uagb-container uagb-block-79125889\">\n<div class=\"wp-block-uagb-info-box uagb-block-8d043e82 uagb-infobox__content-wrap  uagb-infobox-icon-above-title uagb-infobox-image-valign-top\"><div class=\"uagb-ifb-content\"><div class=\"uagb-ifb-title-wrap\"><h2 class=\"uagb-ifb-title\">hyvinvointipolku<\/h2><\/div><p class=\"uagb-ifb-desc\">El\u00e4myskyl\u00e4n l\u00e4himaastossa kulkee Tapio Oy:n ja Mets\u00e4keskuksen kanssa yhteisty\u00f6n\u00e4 toteuttamamme METSO-hyvinvointipolku.\u00a0<br><br>Polun voi kiert\u00e4\u00e4 omatoimisesti materiaalin avulla. Reitin varrella on toiminnallisia pys\u00e4htymispaikkoja, jotka auttavat sinua saamaan k\u00e4velyst\u00e4 enemm\u00e4n my\u00f6nteisi\u00e4 kokemuksia kuin vain pys\u00e4htym\u00e4tt\u00e4 k\u00e4vellen. Reitti kulkee l\u00e4hiymp\u00e4rist\u00f6ss\u00e4mme olevien luonnonsuojelukohteiden kautta ja matkan varrella on paljon katseltavaa. Karstunjoen varrella kulkiessanne liikutte Reporinteen luonnonsuojelualueella p\u00e4hkin\u00e4pensaiden ja muiden lehtokasvien ymp\u00e4r\u00f6imin\u00e4.\u00a0\u00a0<br><br>Noin 2km pituinen reitti kulkee paikoin haastavissa paikoissa, Karstun jylh\u00e4t er\u00e4maamaastot pit\u00e4v\u00e4t sis\u00e4ll\u00e4\u00e4n niin jyrkki\u00e4 yl\u00e4- kuin alam\u00e4ki\u00e4kin. Apuna vaikeimmissa paikoissa on k\u00f6ysi.\u00a0<\/p><\/div><\/div>\n\n\n\n<div class=\"wp-block-uagb-buttons uagb-buttons__outer-wrap uagb-btn__default-btn uagb-btn-tablet__default-btn uagb-btn-mobile__default-btn uagb-block-0ce57bfe\"><div class=\"uagb-buttons__wrap uagb-buttons-layout-wrap\">\n<div class=\"wp-block-uagb-buttons-child uagb-buttons__outer-wrap uagb-block-e132d2c8 wp-block-button\"><div class=\"uagb-button__wrapper\"><a class=\"uagb-buttons-repeater wp-block-button__link\" aria-label=\"\" href=\"#\" rel=\"follow noopener\" target=\"_self\" role=\"button\"><div class=\"uagb-button__link\">osta verkkokaupasta<\/div><\/a><\/div><\/div>\n<\/div><\/div>\n<\/div>\n<\/div><\/div>\n\n\n\n<div class=\"wp-block-uagb-container uagb-block-3a73e28f alignfull uagb-is-root-container\"><div class=\"uagb-container-inner-blocks-wrap\">\n<div class=\"wp-block-uagb-container uagb-block-1d0cef9f\">\n<div class=\"wp-block-uagb-info-box uagb-block-3b19cbea uagb-infobox__content-wrap  uagb-infobox-icon-above-title uagb-infobox-image-valign-top\"><div class=\"uagb-ifb-content\"><div class=\"uagb-ifb-title-wrap\"><h2 class=\"uagb-ifb-title\">kettukallion kettukierros<\/h2><\/div><p class=\"uagb-ifb-desc\">El\u00e4myskyl\u00e4n mets\u00e4nportilta alkaa metsiemme ovelimman ja pitk\u00e4h\u00e4nt\u00e4isimm\u00e4n asukin el\u00e4myksellinen ja mytologinen Ketunkierros. Retkell\u00e4 oppaana luontoyhteysohjaaja ja perinnetaitaja\u00a0Ulla\u00a0Hillebrandt.\u00a0<br><br>Kierroksella saat uppoutua maagiseen Kettukallion luontoon sek\u00e4 neuvokkaan repolaisen tapoihin, historiaan ja kansanuskomuksiin. T\u00e4ll\u00e4 maastollisesti paikoin haastavalla n. 1,5 tunnin mittaisella mets\u00e4retkell\u00e4 voit hiljenty\u00e4 ja haaveilla, kuunnella ja katsella, osallistua ja ihastella. Kierroksen suojelukohteet, er\u00e4maamaastot, perinnemusiikki sek\u00e4 tarinat johdattavat sinut vahvojen luonnonvoimien syliin.\u00a0<br>Kierroksen p\u00e4\u00e4tteeksi p\u00e4\u00e4set musisoimaan ja haltioitumaan Kettukallion kotaan.<br><br>Ohjelman vet\u00e4\u00e4 luontoyhteysohjaaja ja perinnetaitaja Ulla Hillebrandt<br>Ohjelman kesto n. 2h<br>Ryhm\u00e4n koko n. 5-15hl\u00f6<br>Ohjelma on mukana Suomen matkailun\u00a0<a href=\"https:\/\/www.kalevalakartalle.com\/\" target=\"_blank\" rel=\"noreferrer noopener\">Kalevala kartalle<\/a>\u00a0-hankkeessa, jossa ovat kumppaneina mm.\u00a0<a href=\"http:\/\/www.ulla.fi\/\" target=\"_blank\" rel=\"noreferrer noopener\">Ulla HIllebrandt<\/a>\u00a0ja\u00a0<a href=\"https:\/\/www.visitlohja.fi\/\" target=\"_blank\" rel=\"noreferrer noopener\">Lohjan kaupunki<\/a><\/p><\/div><\/div>\n\n\n\n<div class=\"wp-block-uagb-buttons uagb-buttons__outer-wrap uagb-btn__default-btn uagb-btn-tablet__default-btn uagb-btn-mobile__default-btn uagb-block-537745a8\"><div class=\"uagb-buttons__wrap uagb-buttons-layout-wrap\">\n<div class=\"wp-block-uagb-buttons-child uagb-buttons__outer-wrap uagb-block-516b9e6c wp-block-button\"><div class=\"uagb-button__wrapper\"><a class=\"uagb-buttons-repeater wp-block-button__link\" aria-label=\"\" href=\"#\" rel=\"follow noopener\" target=\"_self\" role=\"button\"><div class=\"uagb-button__link\">osta verkkokaupasta<\/div><\/a><\/div><\/div>\n<\/div><\/div>\n<\/div>\n<\/div><\/div>","protected":false},"excerpt":{"rendered":"<p>luontoretket Maisemaretki Karstun kallioille, Hyvinvointipolku, Kettukallion Ketunkierros<\/p>","protected":false},"author":1,"featured_media":0,"parent":0,"menu_order":0,"comment_status":"closed","ping_status":"closed","template":"","meta":{"_uag_custom_page_level_css":"","_monsterinsights_skip_tracking":false,"_monsterinsights_sitenote_active":false,"_monsterinsights_sitenote_note":"","_monsterinsights_sitenote_category":0,"site-sidebar-layout":"default","site-content-layout":"","ast-site-content-layout":"default","site-content-style":"default","site-sidebar-style":"default","ast-global-header-display":"","ast-banner-title-visibility":"","ast-main-header-display":"","ast-hfb-above-header-display":"","ast-hfb-below-header-display":"","ast-hfb-mobile-header-display":"","site-post-title":"disabled","ast-breadcrumbs-content":"","ast-featured-img":"","footer-sml-layout":"","ast-disable-related-posts":"","theme-transparent-header-meta":"","adv-header-id-meta":"","stick-header-meta":"","header-above-stick-meta":"","header-main-stick-meta":"","header-below-stick-meta":"","astra-migrate-meta-layouts":"set","ast-page-background-enabled":"default","ast-page-background-meta":{"desktop":{"background-color":"var(--ast-global-color-4)","background-image":"","background-repeat":"repeat","background-position":"center center","background-size":"auto","background-attachment":"scroll","background-type":"","background-media":"","overlay-type":"","overlay-color":"","overlay-opacity":"","overlay-gradient":""},"tablet":{"background-color":"","background-image":"","background-repeat":"repeat","background-position":"center center","background-size":"auto","background-attachment":"scroll","background-type":"","background-media":"","overlay-type":"","overlay-color":"","overlay-opacity":"","overlay-gradient":""},"mobile":{"background-color":"","background-image":"","background-repeat":"repeat","background-position":"center center","background-size":"auto","background-attachment":"scroll","background-type":"","background-media":"","overlay-type":"","overlay-color":"","overlay-opacity":"","overlay-gradient":""}},"ast-content-background-meta":{"desktop":{"background-color":"var(--ast-global-color-5)","background-image":"","background-repeat":"repeat","background-position":"center center","background-size":"auto","background-attachment":"scroll","background-type":"","background-media":"","overlay-type":"","overlay-color":"","overlay-opacity":"","overlay-gradient":""},"tablet":{"background-color":"var(--ast-global-color-5)","background-image":"","background-repeat":"repeat","background-position":"center center","background-size":"auto","background-attachment":"scroll","background-type":"","background-media":"","overlay-type":"","overlay-color":"","overlay-opacity":"","overlay-gradient":""},"mobile":{"background-color":"var(--ast-global-color-5)","background-image":"","background-repeat":"repeat","background-position":"center center","background-size":"auto","background-attachment":"scroll","background-type":"","background-media":"","overlay-type":"","overlay-color":"","overlay-opacity":"","overlay-gradient":""}},"footnotes":""},"class_list":["post-1599","page","type-page","status-publish","hentry"],"uagb_featured_image_src":{"full":false,"thumbnail":false,"medium":false,"medium_large":false,"large":false,"1536x1536":false,"2048x2048":false,"trp-custom-language-flag":false},"uagb_author_info":{"display_name":"admin","author_link":"https:\/\/kettukallio-testi.fi\/en\/author\/admin\/"},"uagb_comment_info":0,"uagb_excerpt":"luontoretket Maisemaretki Karstun kallioille, Hyvinvointipolku, Kettukallion Ketunkierros","_links":{"self":[{"href":"https:\/\/kettukallio-testi.fi\/en\/wp-json\/wp\/v2\/pages\/1599","targetHints":{"allow":["GET"]}}],"collection":[{"href":"https:\/\/kettukallio-testi.fi\/en\/wp-json\/wp\/v2\/pages"}],"about":[{"href":"https:\/\/kettukallio-testi.fi\/en\/wp-json\/wp\/v2\/types\/page"}],"author":[{"embeddable":true,"href":"https:\/\/kettukallio-testi.fi\/en\/wp-json\/wp\/v2\/users\/1"}],"replies":[{"embeddable":true,"href":"https:\/\/kettukallio-testi.fi\/en\/wp-json\/wp\/v2\/comments?post=1599"}],"version-history":[{"count":3,"href":"https:\/\/kettukallio-testi.fi\/en\/wp-json\/wp\/v2\/pages\/1599\/revisions"}],"predecessor-version":[{"id":1603,"href":"https:\/\/kettukallio-testi.fi\/en\/wp-json\/wp\/v2\/pages\/1599\/revisions\/1603"}],"wp:attachment":[{"href":"https:\/\/kettukallio-testi.fi\/en\/wp-json\/wp\/v2\/media?parent=1599"}],"curies":[{"name":"wp","href":"https:\/\/api.w.org\/{rel}","templated":true}]}}