{"id":1604,"date":"2026-04-28T11:25:11","date_gmt":"2026-04-28T11:25:11","guid":{"rendered":"https:\/\/kettukallio-testi.fi\/?page_id=1604"},"modified":"2026-04-28T12:13:47","modified_gmt":"2026-04-28T12:13:47","slug":"kadentaidot","status":"publish","type":"page","link":"https:\/\/kettukallio-testi.fi\/en\/kadentaidot\/","title":{"rendered":"K\u00e4dentaidot"},"content":{"rendered":"<div class=\"wp-block-cover alignfull\"><img loading=\"lazy\" decoding=\"async\" width=\"1024\" height=\"683\" class=\"wp-block-cover__image-background wp-image-1607 size-large\" alt=\"A rustic display of handmade beaded and wooden jewelry hanging outdoors on twine.\" src=\"https:\/\/kettukallio-testi.fi\/wp-content\/uploads\/2026\/04\/pexels-photo-27067283-27067283-1024x683.jpg\" data-object-fit=\"cover\" srcset=\"https:\/\/kettukallio-testi.fi\/wp-content\/uploads\/2026\/04\/pexels-photo-27067283-27067283-1024x683.jpg 1024w, https:\/\/kettukallio-testi.fi\/wp-content\/uploads\/2026\/04\/pexels-photo-27067283-27067283-300x200.jpg 300w, https:\/\/kettukallio-testi.fi\/wp-content\/uploads\/2026\/04\/pexels-photo-27067283-27067283-768x512.jpg 768w, https:\/\/kettukallio-testi.fi\/wp-content\/uploads\/2026\/04\/pexels-photo-27067283-27067283-1536x1024.jpg 1536w, https:\/\/kettukallio-testi.fi\/wp-content\/uploads\/2026\/04\/pexels-photo-27067283-27067283-2048x1365.jpg 2048w, https:\/\/kettukallio-testi.fi\/wp-content\/uploads\/2026\/04\/pexels-photo-27067283-27067283-18x12.jpg 18w\" sizes=\"auto, (max-width: 1024px) 100vw, 1024px\" \/><span aria-hidden=\"true\" class=\"wp-block-cover__background has-background-dim-10 has-background-dim\" style=\"background-color:#5b503e\"><\/span><div class=\"wp-block-cover__inner-container is-layout-constrained wp-block-cover-is-layout-constrained\">\n<p class=\"has-text-align-center has-large-font-size\"><\/p>\n<\/div><\/div>\n\n\n\n<div class=\"wp-block-uagb-container uagb-block-a1ftuedx alignfull uagb-is-root-container\"><div class=\"uagb-container-inner-blocks-wrap\">\n<div class=\"wp-block-uagb-info-box uagb-block-v6t2rd6h uagb-infobox__content-wrap  uagb-infobox-icon-above-title uagb-infobox-image-valign-top\"><div class=\"uagb-ifb-content\"><div class=\"uagb-ifb-title-wrap\"><p class=\"uagb-ifb-title-prefix\">Our Story<\/p><h2 class=\"uagb-ifb-title\">K\u00e4dentaitoja sis\u00e4lt\u00e4v\u00e4t ohjelmat<\/h2><\/div><\/div><\/div>\n\n\n\n<div class=\"wp-block-uagb-container uagb-block-ddbuw4yo alignfull uagb-is-root-container\"><div class=\"uagb-container-inner-blocks-wrap\">\n<div class=\"wp-block-uagb-image alignleft uagb-block-dxvjing1 wp-block-uagb-image--layout-default wp-block-uagb-image--effect-static wp-block-uagb-image--align-left\"><figure class=\"wp-block-uagb-image__figure\"><img decoding=\"async\" srcset=\"https:\/\/kettukallio-testi.fi\/wp-content\/uploads\/2026\/04\/pexels-photo-4993959-4993959-1024x683.jpg ,https:\/\/kettukallio-testi.fi\/wp-content\/uploads\/2026\/04\/pexels-photo-4993959-4993959-scaled.jpg 780w, https:\/\/kettukallio-testi.fi\/wp-content\/uploads\/2026\/04\/pexels-photo-4993959-4993959-scaled.jpg 360w\" sizes=\"auto, (max-width: 480px) 150px\" src=\"https:\/\/kettukallio-testi.fi\/wp-content\/uploads\/2026\/04\/pexels-photo-4993959-4993959-1024x683.jpg\" alt=\"A rustic dining table set outdoors with candles, floral arrangements, and wooden decor.\" class=\"uag-image-1330\" width=\"564\" height=\"400\" title=\"pexels-photo-4993959-4993959\" loading=\"lazy\" role=\"img\"\/><\/figure><\/div>\n\n\n\n<div class=\"wp-block-uagb-container uagb-block-knppmskk\">\n<div class=\"wp-block-uagb-info-box uagb-block-07rbincf uagb-infobox__content-wrap  uagb-infobox-icon-above-title uagb-infobox-image-valign-top\"><div class=\"uagb-ifb-content\"><div class=\"uagb-ifb-title-wrap\"><h3 class=\"uagb-ifb-title\">kyntil\u00e4n lumoa<\/h3><\/div><p class=\"uagb-ifb-desc\">Tervetuloa viett\u00e4m\u00e4\u00e4n tunnelmallista askarteluhetke\u00e4. Kettukallion kauniissa milj\u00f6\u00f6ss\u00e4 p\u00e4\u00e4set\u00a0 valamaan itsellesi oman kynttil\u00e4n ja koristelemaan kynttil\u00e4purkin luonnonmateriaaleja hy\u00f6dynt\u00e4en. Kun kynttil\u00e4 on poltettu loppuun, voit valaa koristelemaasi purkkiin uuden kynttil\u00e4n tai k\u00e4ytt\u00e4\u00e4 sit\u00e4 tuikkukippona.\u00a0<br><br><br><br>Ohjelman kesto n. 3 tuntia<br>Hintatiedot: 25\u20ac \/hl\u00f6 tai minimihinta 250\u20ac<br>Ryhm\u00e4n koko korkeintaan 15 hl\u00f6<br><\/p><\/div><\/div>\n\n\n\n<div class=\"wp-block-uagb-buttons uagb-buttons__outer-wrap uagb-btn__default-btn uagb-btn-tablet__default-btn uagb-btn-mobile__default-btn uagb-block-qwehtgao\"><div class=\"uagb-buttons__wrap uagb-buttons-layout-wrap\">\n<div class=\"wp-block-uagb-buttons-child uagb-buttons__outer-wrap uagb-block-pvxzrw5c wp-block-button\"><div class=\"uagb-button__wrapper\"><a class=\"uagb-buttons-repeater wp-block-button__link\" aria-label=\"\" href=\"#\" rel=\"follow noopener\" target=\"_self\" role=\"button\"><div class=\"uagb-button__link\">Contact us<\/div><span class=\"uagb-button__icon uagb-button__icon-position-after\"><svg xmlns=\"https:\/\/www.w3.org\/2000\/svg\" viewbox=\"0 0 320 512\" aria-hidden=\"true\" focussable=\"false\"><path d=\"M96 480c-8.188 0-16.38-3.125-22.62-9.375c-12.5-12.5-12.5-32.75 0-45.25L242.8 256L73.38 86.63c-12.5-12.5-12.5-32.75 0-45.25s32.75-12.5 45.25 0l192 192c12.5 12.5 12.5 32.75 0 45.25l-192 192C112.4 476.9 104.2 480 96 480z\"><\/path><\/svg><\/span><\/a><\/div><\/div>\n<\/div><\/div>\n<\/div>\n<\/div><\/div>\n<\/div><\/div>\n\n\n\n<div class=\"wp-block-uagb-container uagb-block-80b57276 alignfull uagb-is-root-container\"><div class=\"uagb-container-inner-blocks-wrap\">\n<div class=\"wp-block-uagb-container uagb-block-d57e6e7a alignfull uagb-is-root-container\"><div class=\"uagb-container-inner-blocks-wrap\">\n<div class=\"wp-block-uagb-image alignleft uagb-block-a412686e wp-block-uagb-image--layout-default wp-block-uagb-image--effect-static wp-block-uagb-image--align-left\"><figure class=\"wp-block-uagb-image__figure\"><img decoding=\"async\" srcset=\"https:\/\/kettukallio-testi.fi\/wp-content\/uploads\/2026\/04\/yla2_283x.jpg ,https:\/\/kettukallio-testi.fi\/wp-content\/uploads\/2026\/04\/yla2_283x.jpg 780w, https:\/\/kettukallio-testi.fi\/wp-content\/uploads\/2026\/04\/yla2_283x.jpg 360w\" sizes=\"auto, (max-width: 480px) 150px\" src=\"https:\/\/kettukallio-testi.fi\/wp-content\/uploads\/2026\/04\/yla2_283x.jpg\" alt=\"\" class=\"uag-image-1511\" width=\"564\" height=\"400\" title=\"yla2_283x\" loading=\"lazy\" role=\"img\"\/><\/figure><\/div>\n\n\n\n<div class=\"wp-block-uagb-container uagb-block-e8e4fcef\">\n<div class=\"wp-block-uagb-info-box uagb-block-37b795a5 uagb-infobox__content-wrap  uagb-infobox-icon-above-title uagb-infobox-image-valign-top\"><div class=\"uagb-ifb-content\"><div class=\"uagb-ifb-title-wrap\"><h3 class=\"uagb-ifb-title\">Huovuksissa<\/h3><\/div><p class=\"uagb-ifb-desc\">Tervetuloa tutustumaan m\u00e4rk\u00e4huovutukseen, tuohon perinteiseen k\u00e4sity\u00f6menetelm\u00e4\u00e4n.\u00a0<br><br>P\u00e4iv\u00e4n aikana jokainen saa ty\u00f6st\u00e4\u00e4 oman n\u00e4k\u00f6isen coolerin pullon tai t\u00f6lkin p\u00e4\u00e4lle.\u00a0<br><br>Ohjelma sopii niin ensikertalaiselle kuin paljon huovuttaneellekin, sill\u00e4 jokainen saa taatusti aikaan ainutlaatuisen taideteoksen!<br><br><br>Ohjelma sis\u00e4lt\u00e4\u00e4 nokipannukahvit.\u00a0<br><br><br><br>Ohjelman kesto 3-4 tuntia<br>Hintatiedot: 25\u20ac \/hl\u00f6 tai minimihinta 250\u20ac<br>Ryhm\u00e4n koko korkeintaan 15 hl\u00f6<br><\/p><\/div><\/div>\n\n\n\n<div class=\"wp-block-uagb-buttons uagb-buttons__outer-wrap uagb-btn__default-btn uagb-btn-tablet__default-btn uagb-btn-mobile__default-btn uagb-block-66c4c8ee\"><div class=\"uagb-buttons__wrap uagb-buttons-layout-wrap\">\n<div class=\"wp-block-uagb-buttons-child uagb-buttons__outer-wrap uagb-block-0850900e wp-block-button\"><div class=\"uagb-button__wrapper\"><a class=\"uagb-buttons-repeater wp-block-button__link\" aria-label=\"\" href=\"#\" rel=\"follow noopener\" target=\"_self\" role=\"button\"><div class=\"uagb-button__link\">Contact us<\/div><span class=\"uagb-button__icon uagb-button__icon-position-after\"><svg xmlns=\"https:\/\/www.w3.org\/2000\/svg\" viewbox=\"0 0 320 512\" aria-hidden=\"true\" focussable=\"false\"><path d=\"M96 480c-8.188 0-16.38-3.125-22.62-9.375c-12.5-12.5-12.5-32.75 0-45.25L242.8 256L73.38 86.63c-12.5-12.5-12.5-32.75 0-45.25s32.75-12.5 45.25 0l192 192c12.5 12.5 12.5 32.75 0 45.25l-192 192C112.4 476.9 104.2 480 96 480z\"><\/path><\/svg><\/span><\/a><\/div><\/div>\n<\/div><\/div>\n<\/div>\n<\/div><\/div>\n<\/div><\/div>","protected":false},"excerpt":{"rendered":"","protected":false},"author":1,"featured_media":0,"parent":0,"menu_order":0,"comment_status":"closed","ping_status":"closed","template":"","meta":{"_uag_custom_page_level_css":"","_monsterinsights_skip_tracking":false,"_monsterinsights_sitenote_active":false,"_monsterinsights_sitenote_note":"","_monsterinsights_sitenote_category":0,"site-sidebar-layout":"default","site-content-layout":"","ast-site-content-layout":"default","site-content-style":"default","site-sidebar-style":"default","ast-global-header-display":"","ast-banner-title-visibility":"","ast-main-header-display":"","ast-hfb-above-header-display":"","ast-hfb-below-header-display":"","ast-hfb-mobile-header-display":"","site-post-title":"disabled","ast-breadcrumbs-content":"","ast-featured-img":"","footer-sml-layout":"","ast-disable-related-posts":"","theme-transparent-header-meta":"","adv-header-id-meta":"","stick-header-meta":"","header-above-stick-meta":"","header-main-stick-meta":"","header-below-stick-meta":"","astra-migrate-meta-layouts":"set","ast-page-background-enabled":"default","ast-page-background-meta":{"desktop":{"background-color":"var(--ast-global-color-4)","background-image":"","background-repeat":"repeat","background-position":"center center","background-size":"auto","background-attachment":"scroll","background-type":"","background-media":"","overlay-type":"","overlay-color":"","overlay-opacity":"","overlay-gradient":""},"tablet":{"background-color":"","background-image":"","background-repeat":"repeat","background-position":"center center","background-size":"auto","background-attachment":"scroll","background-type":"","background-media":"","overlay-type":"","overlay-color":"","overlay-opacity":"","overlay-gradient":""},"mobile":{"background-color":"","background-image":"","background-repeat":"repeat","background-position":"center center","background-size":"auto","background-attachment":"scroll","background-type":"","background-media":"","overlay-type":"","overlay-color":"","overlay-opacity":"","overlay-gradient":""}},"ast-content-background-meta":{"desktop":{"background-color":"var(--ast-global-color-5)","background-image":"","background-repeat":"repeat","background-position":"center center","background-size":"auto","background-attachment":"scroll","background-type":"","background-media":"","overlay-type":"","overlay-color":"","overlay-opacity":"","overlay-gradient":""},"tablet":{"background-color":"var(--ast-global-color-5)","background-image":"","background-repeat":"repeat","background-position":"center center","background-size":"auto","background-attachment":"scroll","background-type":"","background-media":"","overlay-type":"","overlay-color":"","overlay-opacity":"","overlay-gradient":""},"mobile":{"background-color":"var(--ast-global-color-5)","background-image":"","background-repeat":"repeat","background-position":"center center","background-size":"auto","background-attachment":"scroll","background-type":"","background-media":"","overlay-type":"","overlay-color":"","overlay-opacity":"","overlay-gradient":""}},"footnotes":""},"class_list":["post-1604","page","type-page","status-publish","hentry"],"uagb_featured_image_src":{"full":false,"thumbnail":false,"medium":false,"medium_large":false,"large":false,"1536x1536":false,"2048x2048":false,"trp-custom-language-flag":false},"uagb_author_info":{"display_name":"admin","author_link":"https:\/\/kettukallio-testi.fi\/en\/author\/admin\/"},"uagb_comment_info":0,"uagb_excerpt":null,"_links":{"self":[{"href":"https:\/\/kettukallio-testi.fi\/en\/wp-json\/wp\/v2\/pages\/1604","targetHints":{"allow":["GET"]}}],"collection":[{"href":"https:\/\/kettukallio-testi.fi\/en\/wp-json\/wp\/v2\/pages"}],"about":[{"href":"https:\/\/kettukallio-testi.fi\/en\/wp-json\/wp\/v2\/types\/page"}],"author":[{"embeddable":true,"href":"https:\/\/kettukallio-testi.fi\/en\/wp-json\/wp\/v2\/users\/1"}],"replies":[{"embeddable":true,"href":"https:\/\/kettukallio-testi.fi\/en\/wp-json\/wp\/v2\/comments?post=1604"}],"version-history":[{"count":5,"href":"https:\/\/kettukallio-testi.fi\/en\/wp-json\/wp\/v2\/pages\/1604\/revisions"}],"predecessor-version":[{"id":1615,"href":"https:\/\/kettukallio-testi.fi\/en\/wp-json\/wp\/v2\/pages\/1604\/revisions\/1615"}],"wp:attachment":[{"href":"https:\/\/kettukallio-testi.fi\/en\/wp-json\/wp\/v2\/media?parent=1604"}],"curies":[{"name":"wp","href":"https:\/\/api.w.org\/{rel}","templated":true}]}}