{"id":196,"date":"2026-03-30T15:55:48","date_gmt":"2026-03-30T15:55:48","guid":{"rendered":"https:\/\/kettukallio-testi.fi\/?page_id=196"},"modified":"2026-04-25T17:27:48","modified_gmt":"2026-04-25T17:27:48","slug":"kokouspaketit","status":"publish","type":"page","link":"https:\/\/kettukallio-testi.fi\/en\/yrityksille\/kokouspaketit\/","title":{"rendered":"Kokouspaketit"},"content":{"rendered":"<div class=\"wp-block-cover alignfull is-light\"><img loading=\"lazy\" decoding=\"async\" width=\"1024\" height=\"683\" class=\"wp-block-cover__image-background wp-image-1330 size-large\" alt=\"A rustic dining table set outdoors with candles, floral arrangements, and wooden decor.\" src=\"https:\/\/kettukallio-testi.fi\/wp-content\/uploads\/2026\/04\/pexels-photo-4993959-4993959-1024x683.jpg\" data-object-fit=\"cover\" srcset=\"https:\/\/kettukallio-testi.fi\/wp-content\/uploads\/2026\/04\/pexels-photo-4993959-4993959-1024x683.jpg 1024w, https:\/\/kettukallio-testi.fi\/wp-content\/uploads\/2026\/04\/pexels-photo-4993959-4993959-300x200.jpg 300w, https:\/\/kettukallio-testi.fi\/wp-content\/uploads\/2026\/04\/pexels-photo-4993959-4993959-768x512.jpg 768w, https:\/\/kettukallio-testi.fi\/wp-content\/uploads\/2026\/04\/pexels-photo-4993959-4993959-1536x1024.jpg 1536w, https:\/\/kettukallio-testi.fi\/wp-content\/uploads\/2026\/04\/pexels-photo-4993959-4993959-2048x1365.jpg 2048w, https:\/\/kettukallio-testi.fi\/wp-content\/uploads\/2026\/04\/pexels-photo-4993959-4993959-18x12.jpg 18w\" sizes=\"auto, (max-width: 1024px) 100vw, 1024px\" \/><span aria-hidden=\"true\" class=\"wp-block-cover__background has-background-dim-10 has-background-dim\" style=\"background-color:#838b83\"><\/span><div class=\"wp-block-cover__inner-container is-layout-constrained wp-block-cover-is-layout-constrained\">\n<p class=\"has-text-align-center has-large-font-size\"><\/p>\n<\/div><\/div>\n\n\n\n<div class=\"inherit-container-width wp-block-group alignfull is-style-ext-preset--group--natural-1--section ext-animate--on has-white-background-color has-background is-layout-constrained wp-container-core-group-is-layout-e955bbaf wp-block-group-is-layout-constrained\" style=\"margin-top:0;margin-bottom:0;padding-top:var(--wp--preset--spacing--70);padding-bottom:var(--wp--preset--spacing--70)\">\n<div class=\"wp-block-group alignwide ext-is-logical-start ext-animate--on is-content-justification-left is-layout-constrained wp-container-core-group-is-layout-6729bdbe wp-block-group-is-layout-constrained\">\n<h2 class=\"wp-block-heading ext-animate--on\">kokouspaketit<\/h2>\n\n\n\n<p class=\"has-text-align-left ext-animate--on\">Kettukallion El\u00e4mystilalla on mahdollisuus j\u00e4rjest\u00e4\u00e4 kokouksia tai yhdist\u00e4\u00e4 yrityksen kokous- ja virkistysp\u00e4iv\u00e4. Alla muutamia ehdotuksia tarjoamistamme vaihtoehdoista.<\/p>\n\n\n\n<p class=\"has-text-align-left ext-animate--on\">Kokouspaketit on tilattavissa my\u00f6s&nbsp;<a href=\"https:\/\/kettukallio.johku.com\/fi_FI\/categories\/3-kokous-ja-virkistyspaivat\" target=\"_blank\" rel=\"noreferrer noopener\">verkkokaupastamme<\/a>. Jos valmiit paketit eiv\u00e4t jostain syyst\u00e4 ole teille sopivia, otattehan yhteytt\u00e4 vaikkapa s\u00e4hk\u00f6postitse, niin r\u00e4\u00e4t\u00e4l\u00f6imme teille sopivan kokonaisuuden.<br><a href=\"https:\/\/www.kettukallio.net\/kokoustila\" target=\"_blank\" rel=\"noreferrer noopener\">Kokoustila<\/a>&nbsp;on k\u00e4yt\u00f6ss\u00e4nne sovitun ajan.<\/p>\n\n\n\n<p>Kev\u00e4\u00e4st\u00e4 syksyyn kokoustilana toimii suurempi tilamme, jossa p\u00f6yd\u00e4t ja tuolit 30:lle, projektori ja valkokangas. P\u00f6yd\u00e4t voidaan asetella tarkoitustanne vastaavalla tavalla luentomaisesti tai muutamaksi isommaksi p\u00f6yd\u00e4ksi.&nbsp;<\/p>\n\n\n\n<p class=\"has-text-align-left ext-animate--on\">Talvisaikaan kokoustilana toimii&nbsp;<a href=\"https:\/\/www.kettukallio.net\/savusauna\" target=\"_blank\" rel=\"noreferrer noopener\">savusaunan tupa<\/a>, jonne mahtuu mukavasti kokoustamaan max 16 hl\u00f6.<br>Kokouspaketteihin on saatavilla&nbsp;<a href=\"https:\/\/www.kettukallio.net\/ruokapalvelut\" target=\"_blank\" rel=\"noreferrer noopener\">ruokatarjoilua<\/a>&nbsp;aamusta iltaan.<\/p>\n\n\n\n<p class=\"has-text-align-left ext-animate--on\">Illallinen vaikkapa ohjelmaosion j\u00e4lkeen savusaunaan p\u00e4\u00e4sy\u00e4 odotellessa<\/p>\n\n\n\n<p>Aamiainen (kahvi\/tee, mehua, leip\u00e4\u00e4, jugurttia, hedelmi\u00e4)<\/p>\n\n\n\n<p>Lounas (keitto\/ kiusaus)<\/p>\n\n\n\n<p>P\u00e4iv\u00e4kahvit ja leivonnainen<\/p>\n<\/div>\n\n\n\n<div class=\"wp-block-columns alignwide ext-animate--on is-layout-flex wp-container-core-columns-is-layout-08c01c1c wp-block-columns-is-layout-flex\">\n<div class=\"wp-block-column is-vertically-aligned-stretch ext-animate--on is-layout-flow wp-container-core-column-is-layout-119bc444 wp-block-column-is-layout-flow\">\n<div class=\"wp-block-media-text is-stacked-on-mobile is-image-fill-element is-style-ext-preset--media-text--natural-1--card-1 ext-animate--on has-tertiary-background-color has-background\"><figure class=\"wp-block-media-text__media\"><img loading=\"lazy\" decoding=\"async\" width=\"590\" height=\"393\" src=\"https:\/\/kettukallio-testi.fi\/wp-content\/uploads\/2026\/04\/kettukallion-elmystila-stick-buns-over-campfire_35607007555_o_590x.jpg\" alt=\"\" class=\"wp-image-1331 size-full\" style=\"object-position:50% 50%\" srcset=\"https:\/\/kettukallio-testi.fi\/wp-content\/uploads\/2026\/04\/kettukallion-elmystila-stick-buns-over-campfire_35607007555_o_590x.jpg 590w, https:\/\/kettukallio-testi.fi\/wp-content\/uploads\/2026\/04\/kettukallion-elmystila-stick-buns-over-campfire_35607007555_o_590x-300x200.jpg 300w, https:\/\/kettukallio-testi.fi\/wp-content\/uploads\/2026\/04\/kettukallion-elmystila-stick-buns-over-campfire_35607007555_o_590x-18x12.jpg 18w\" sizes=\"auto, (max-width: 590px) 100vw, 590px\" \/><\/figure><div class=\"wp-block-media-text__content\">\n<div class=\"wp-block-group is-style-default ext-animate--on is-layout-constrained wp-container-core-group-is-layout-9a7b35d3 wp-block-group-is-layout-constrained\" style=\"padding-top:var(--wp--preset--spacing--40);padding-right:var(--wp--preset--spacing--30);padding-bottom:var(--wp--preset--spacing--40);padding-left:var(--wp--preset--spacing--30)\">\n<h3 class=\"wp-block-heading ext-animate--on\" style=\"font-size:24px\">Virkist\u00e4ydyt\u00e4\u00e4np\u00e4s samalla!<\/h3>\n\n\n\n<p>Kokouksen p\u00e4\u00e4tteeksi vaihdetaan vapaalle! Esimerkiksi tiimity\u00f6teht\u00e4vi\u00e4 sis\u00e4lt\u00e4v\u00e4 ohjelmapakettimme &#8221;Se haastavampi kahvitunti&#8221; on ollut tyk\u00e4tty kokonaisuus.<br>Pariin tuntiin sis\u00e4ltyy yhteistoimintaa vaativia teht\u00e4vi\u00e4 el\u00e4myskyl\u00e4n pihapiiriss\u00e4 ja lopputuloksena keittelette itsellenne nokipannukahvit nuotion \u00e4\u00e4rell\u00e4.<br>Valikoimistamme l\u00f6ytyy my\u00f6s muita ohjelmia mets\u00e4retkist\u00e4 k\u00e4dentaidollisiin paketteihin. Uutuutena Jousitaistelu Mets\u00e4areenallamme.<\/p>\n<\/div>\n<\/div><\/div>\n<\/div>\n<\/div>\n\n\n\n<div class=\"wp-block-columns alignwide ext-animate--on is-layout-flex wp-container-core-columns-is-layout-967d05ff wp-block-columns-is-layout-flex\" style=\"margin-top:var(--wp--preset--spacing--40)\">\n<div class=\"wp-block-column is-vertically-aligned-stretch ext-animate--on is-layout-flow wp-container-core-column-is-layout-119bc444 wp-block-column-is-layout-flow\">\n<div class=\"wp-block-media-text has-media-on-the-right is-stacked-on-mobile is-image-fill-element is-style-ext-preset--media-text--natural-1--card-1 ext-animate--on has-tertiary-background-color has-background\"><div class=\"wp-block-media-text__content\">\n<div class=\"wp-block-group is-style-default ext-animate--on is-layout-constrained wp-container-core-group-is-layout-9a7b35d3 wp-block-group-is-layout-constrained\" style=\"padding-top:var(--wp--preset--spacing--40);padding-right:var(--wp--preset--spacing--30);padding-bottom:var(--wp--preset--spacing--40);padding-left:var(--wp--preset--spacing--30)\">\n<h3 class=\"wp-block-heading ext-animate--on\" style=\"font-size:24px\">Nyt kun p\u00e4\u00e4sis saunaan!<\/h3>\n\n\n\n<p>Kyll\u00e4 vaan, meill\u00e4 onnistuu sekin! Savusauna kutsuu lauteilleen rentoutumaan ja sielt\u00e4 on mukava pulahtaa paljuun nautiskelemaan vaikkapa ymp\u00e4r\u00f6iv\u00e4n luonnon hiljaisuudesta.<\/p>\n\n\n\n<p>Sopivassa v\u00e4liss\u00e4 nautitaan kunnon maittava illallinen.<\/p>\n<\/div>\n<\/div><figure class=\"wp-block-media-text__media\"><img loading=\"lazy\" decoding=\"async\" width=\"590\" height=\"431\" src=\"https:\/\/kettukallio-testi.fi\/wp-content\/uploads\/2026\/04\/savusauna_ja_palju_590x-2.png\" alt=\"\" class=\"wp-image-1332 size-full\" style=\"object-position:50% 50%\" srcset=\"https:\/\/kettukallio-testi.fi\/wp-content\/uploads\/2026\/04\/savusauna_ja_palju_590x-2.png 590w, https:\/\/kettukallio-testi.fi\/wp-content\/uploads\/2026\/04\/savusauna_ja_palju_590x-2-300x219.png 300w, https:\/\/kettukallio-testi.fi\/wp-content\/uploads\/2026\/04\/savusauna_ja_palju_590x-2-16x12.png 16w\" sizes=\"auto, (max-width: 590px) 100vw, 590px\" \/><\/figure><\/div>\n\n\n\n<div class=\"wp-block-media-text is-stacked-on-mobile is-image-fill-element is-style-ext-preset--media-text--natural-1--card-1 ext-animate--on has-tertiary-background-color has-background\"><figure class=\"wp-block-media-text__media\"><img loading=\"lazy\" decoding=\"async\" width=\"1024\" height=\"682\" src=\"https:\/\/kettukallio-testi.fi\/wp-content\/uploads\/2026\/04\/28bb49ab45c5704aad8dd0f7d2d69d569df7b483-1-1024x682.jpg\" alt=\"\" class=\"wp-image-1333 size-full\" style=\"object-position:50% 50%\" srcset=\"https:\/\/kettukallio-testi.fi\/wp-content\/uploads\/2026\/04\/28bb49ab45c5704aad8dd0f7d2d69d569df7b483-1-1024x682.jpg 1024w, https:\/\/kettukallio-testi.fi\/wp-content\/uploads\/2026\/04\/28bb49ab45c5704aad8dd0f7d2d69d569df7b483-1-300x200.jpg 300w, https:\/\/kettukallio-testi.fi\/wp-content\/uploads\/2026\/04\/28bb49ab45c5704aad8dd0f7d2d69d569df7b483-1-768x512.jpg 768w, https:\/\/kettukallio-testi.fi\/wp-content\/uploads\/2026\/04\/28bb49ab45c5704aad8dd0f7d2d69d569df7b483-1-18x12.jpg 18w, https:\/\/kettukallio-testi.fi\/wp-content\/uploads\/2026\/04\/28bb49ab45c5704aad8dd0f7d2d69d569df7b483-1.jpg 1280w\" sizes=\"auto, (max-width: 1024px) 100vw, 1024px\" \/><\/figure><div class=\"wp-block-media-text__content\">\n<div class=\"wp-block-group is-style-default ext-animate--on is-layout-constrained wp-container-core-group-is-layout-9a7b35d3 wp-block-group-is-layout-constrained\" style=\"padding-top:var(--wp--preset--spacing--40);padding-right:var(--wp--preset--spacing--30);padding-bottom:var(--wp--preset--spacing--40);padding-left:var(--wp--preset--spacing--30)\">\n<h3 class=\"wp-block-heading ext-animate--on\" style=\"font-size:24px\">Kunpa ei tarvisi ajaa kotiin&#8230;<\/h3>\n\n\n\n<p>Ei tarvi! Meilt\u00e4 l\u00f6ytyy majoitusmahdollisuus kes\u00e4aikaan 39:lle.&nbsp;<\/p>\n\n\n\n<p>Yritysasiakkaita palvelee parhaiten&nbsp;<a href=\"https:\/\/www.kettukallio.net\/luhtiaitta\" target=\"_blank\" rel=\"noreferrer noopener\">luhtiaitta<\/a>, jossa on 4 kpl 2-4 hengen huoneita,&nbsp;<a href=\"https:\/\/www.kettukallio.net\/revonka-aitta\" target=\"_blank\" rel=\"noreferrer noopener\">Revonka barn<\/a>&nbsp;sek\u00e4 viihtyis\u00e4, saunatynnyrist\u00e4 tuunattu&nbsp;<a href=\"https:\/\/www.kettukallio.net\/unitynnyri\" target=\"_blank\" rel=\"noreferrer noopener\">unitynnyri<\/a>.<\/p>\n\n\n\n<p>Lis\u00e4ksi tontilla on kaksi m\u00f6kki\u00e4, torppa 10:lle ja majoitusm\u00f6kki 8:lle.<\/p>\n<\/div>\n<\/div><\/div>\n\n\n\n<p><\/p>\n\n\n\n<div class=\"wp-block-uagb-buttons uagb-buttons__outer-wrap uagb-btn__default-btn uagb-btn-tablet__default-btn uagb-btn-mobile__default-btn uagb-block-6e2170e4\"><div class=\"uagb-buttons__wrap uagb-buttons-layout-wrap\">\n<div class=\"wp-block-uagb-buttons-child uagb-buttons__outer-wrap uagb-block-d5ebed3f wp-block-button\"><div class=\"uagb-button__wrapper\"><a class=\"uagb-buttons-repeater wp-block-button__link\" aria-label=\"\" href=\"#\" rel=\"follow noopener\" target=\"_self\" role=\"button\"><div class=\"uagb-button__link\">Contact us<\/div><\/a><\/div><\/div>\n\n\n\n<div class=\"wp-block-uagb-buttons-child uagb-buttons__outer-wrap uagb-block-44893d89 wp-block-button\"><div class=\"uagb-button__wrapper\"><a class=\"uagb-buttons-repeater wp-block-button__link\" aria-label=\"\" href=\"#\" rel=\"follow noopener\" target=\"_self\" role=\"button\"><div class=\"uagb-button__link\">verkkokauppa<\/div><\/a><\/div><\/div>\n<\/div><\/div>\n<\/div>\n<\/div>\n<\/div>\n\n\n\n<p><\/p>","protected":false},"excerpt":{"rendered":"<p>kokouspaketit Kettukallion El\u00e4mystilalla on mahdollisuus j\u00e4rjest\u00e4\u00e4 kokouksia tai yhdist\u00e4\u00e4 yrityksen kokous- ja virkistysp\u00e4iv\u00e4. Alla muutamia ehdotuksia tarjoamistamme vaihtoehdoista. Kokouspaketit on [&hellip;]<\/p>\n","protected":false},"author":1,"featured_media":0,"parent":133,"menu_order":0,"comment_status":"closed","ping_status":"closed","template":"","meta":{"_uag_custom_page_level_css":"","_monsterinsights_skip_tracking":false,"_monsterinsights_sitenote_active":false,"_monsterinsights_sitenote_note":"","_monsterinsights_sitenote_category":0,"site-sidebar-layout":"default","site-content-layout":"","ast-site-content-layout":"default","site-content-style":"default","site-sidebar-style":"default","ast-global-header-display":"","ast-banner-title-visibility":"","ast-main-header-display":"","ast-hfb-above-header-display":"","ast-hfb-below-header-display":"","ast-hfb-mobile-header-display":"","site-post-title":"disabled","ast-breadcrumbs-content":"","ast-featured-img":"","footer-sml-layout":"","ast-disable-related-posts":"","theme-transparent-header-meta":"","adv-header-id-meta":"","stick-header-meta":"","header-above-stick-meta":"","header-main-stick-meta":"","header-below-stick-meta":"","astra-migrate-meta-layouts":"set","ast-page-background-enabled":"default","ast-page-background-meta":{"desktop":{"background-color":"var(--ast-global-color-4)","background-image":"","background-repeat":"repeat","background-position":"center center","background-size":"auto","background-attachment":"scroll","background-type":"","background-media":"","overlay-type":"","overlay-color":"","overlay-opacity":"","overlay-gradient":""},"tablet":{"background-color":"","background-image":"","background-repeat":"repeat","background-position":"center center","background-size":"auto","background-attachment":"scroll","background-type":"","background-media":"","overlay-type":"","overlay-color":"","overlay-opacity":"","overlay-gradient":""},"mobile":{"background-color":"","background-image":"","background-repeat":"repeat","background-position":"center center","background-size":"auto","background-attachment":"scroll","background-type":"","background-media":"","overlay-type":"","overlay-color":"","overlay-opacity":"","overlay-gradient":""}},"ast-content-background-meta":{"desktop":{"background-color":"var(--ast-global-color-5)","background-image":"","background-repeat":"repeat","background-position":"center center","background-size":"auto","background-attachment":"scroll","background-type":"","background-media":"","overlay-type":"","overlay-color":"","overlay-opacity":"","overlay-gradient":""},"tablet":{"background-color":"var(--ast-global-color-5)","background-image":"","background-repeat":"repeat","background-position":"center center","background-size":"auto","background-attachment":"scroll","background-type":"","background-media":"","overlay-type":"","overlay-color":"","overlay-opacity":"","overlay-gradient":""},"mobile":{"background-color":"var(--ast-global-color-5)","background-image":"","background-repeat":"repeat","background-position":"center center","background-size":"auto","background-attachment":"scroll","background-type":"","background-media":"","overlay-type":"","overlay-color":"","overlay-opacity":"","overlay-gradient":""}},"footnotes":""},"class_list":["post-196","page","type-page","status-publish","hentry"],"uagb_featured_image_src":{"full":false,"thumbnail":false,"medium":false,"medium_large":false,"large":false,"1536x1536":false,"2048x2048":false,"trp-custom-language-flag":false},"uagb_author_info":{"display_name":"admin","author_link":"https:\/\/kettukallio-testi.fi\/en\/author\/admin\/"},"uagb_comment_info":0,"uagb_excerpt":"kokouspaketit Kettukallion El\u00e4mystilalla on mahdollisuus j\u00e4rjest\u00e4\u00e4 kokouksia tai yhdist\u00e4\u00e4 yrityksen kokous- ja virkistysp\u00e4iv\u00e4. Alla muutamia ehdotuksia tarjoamistamme vaihtoehdoista. Kokouspaketit on [&hellip;]","_links":{"self":[{"href":"https:\/\/kettukallio-testi.fi\/en\/wp-json\/wp\/v2\/pages\/196","targetHints":{"allow":["GET"]}}],"collection":[{"href":"https:\/\/kettukallio-testi.fi\/en\/wp-json\/wp\/v2\/pages"}],"about":[{"href":"https:\/\/kettukallio-testi.fi\/en\/wp-json\/wp\/v2\/types\/page"}],"author":[{"embeddable":true,"href":"https:\/\/kettukallio-testi.fi\/en\/wp-json\/wp\/v2\/users\/1"}],"replies":[{"embeddable":true,"href":"https:\/\/kettukallio-testi.fi\/en\/wp-json\/wp\/v2\/comments?post=196"}],"version-history":[{"count":5,"href":"https:\/\/kettukallio-testi.fi\/en\/wp-json\/wp\/v2\/pages\/196\/revisions"}],"predecessor-version":[{"id":1337,"href":"https:\/\/kettukallio-testi.fi\/en\/wp-json\/wp\/v2\/pages\/196\/revisions\/1337"}],"up":[{"embeddable":true,"href":"https:\/\/kettukallio-testi.fi\/en\/wp-json\/wp\/v2\/pages\/133"}],"wp:attachment":[{"href":"https:\/\/kettukallio-testi.fi\/en\/wp-json\/wp\/v2\/media?parent=196"}],"curies":[{"name":"wp","href":"https:\/\/api.w.org\/{rel}","templated":true}]}}