{"id":216,"date":"2026-03-30T15:40:27","date_gmt":"2026-03-30T15:40:27","guid":{"rendered":"https:\/\/kettukallio-testi.fi\/?page_id=216"},"modified":"2026-04-26T20:26:20","modified_gmt":"2026-04-26T20:26:20","slug":"juhlatarvikkeet","status":"publish","type":"page","link":"https:\/\/kettukallio-testi.fi\/en\/juhlijoille\/juhlatarvikkeet\/","title":{"rendered":"Party supplies"},"content":{"rendered":"<div class=\"wp-block-cover alignfull\"><img loading=\"lazy\" decoding=\"async\" width=\"937\" height=\"704\" class=\"wp-block-cover__image-background wp-image-1417 size-full\" alt=\"\" src=\"https:\/\/kettukallio-testi.fi\/wp-content\/uploads\/2026\/04\/juhlakatos_5_625x.jpg\" data-object-fit=\"cover\" srcset=\"https:\/\/kettukallio-testi.fi\/wp-content\/uploads\/2026\/04\/juhlakatos_5_625x.jpg 937w, https:\/\/kettukallio-testi.fi\/wp-content\/uploads\/2026\/04\/juhlakatos_5_625x-300x225.jpg 300w, https:\/\/kettukallio-testi.fi\/wp-content\/uploads\/2026\/04\/juhlakatos_5_625x-768x577.jpg 768w, https:\/\/kettukallio-testi.fi\/wp-content\/uploads\/2026\/04\/juhlakatos_5_625x-16x12.jpg 16w\" sizes=\"auto, (max-width: 937px) 100vw, 937px\" \/><span aria-hidden=\"true\" class=\"wp-block-cover__background has-background-dim-20 has-background-dim\" style=\"background-color:#887c6e\"><\/span><div class=\"wp-block-cover__inner-container is-layout-constrained wp-block-cover-is-layout-constrained\">\n<p class=\"has-text-align-center has-large-font-size\"><\/p>\n<\/div><\/div>\n\n\n\n<div class=\"inherit-container-width wp-block-group alignfull is-style-ext-preset--group--natural-1--section ext-animate--on has-white-background-color has-background is-layout-constrained wp-container-core-group-is-layout-e955bbaf wp-block-group-is-layout-constrained\" style=\"margin-top:0;margin-bottom:0;padding-top:var(--wp--preset--spacing--70);padding-bottom:var(--wp--preset--spacing--70)\">\n<h2 class=\"wp-block-heading has-text-align-center ext-animate--on\">lainattavat juhlatarvikkeet<\/h2>\n\n\n\n<p class=\"has-text-align-center ext-animate--on\" style=\"margin-top:1.5rem\">Kettukalliolla on vietetty paljon juhlia ja aina silloin t\u00e4ll\u00f6in joku asiakas haluaa lahjoittaa jotakin juhliinsa hankkimaa seuraavien asiakkaiden iloksi.<\/p>\n\n\n\n<p class=\"has-text-align-center ext-animate--on\" style=\"margin-top:1.5rem\">Alla kuvia meille kertyneist\u00e4 lainattavista juhlatarvikkeista, jotka siis k\u00e4yt\u00f6ss\u00e4 veloituksetta.<\/p>\n\n\n\n<div class=\"wp-block-columns alignwide ext-animate--on is-layout-flex wp-container-core-columns-is-layout-08c01c1c wp-block-columns-is-layout-flex\">\n<div class=\"wp-block-column is-vertically-aligned-stretch ext-animate--on is-layout-flow wp-container-core-column-is-layout-f5bb311e wp-block-column-is-layout-flow\">\n<div class=\"wp-block-group is-style-ext-preset--group--natural-1--item-card-1--align-center ext-animate--on is-layout-constrained wp-block-group-is-layout-constrained\"><\/div>\n<\/div>\n<\/div>\n<\/div>\n\n\n\n<div class=\"inherit-container-width wp-block-group alignfull is-style-ext-preset--group--natural-1--section has-background-background-color has-background is-layout-constrained wp-container-core-group-is-layout-e955bbaf wp-block-group-is-layout-constrained\" style=\"margin-top:0;margin-bottom:0;padding-top:var(--wp--preset--spacing--70);padding-bottom:var(--wp--preset--spacing--70)\">\n<div class=\"wp-block-group alignwide ext-is-logical-start is-content-justification-left is-layout-constrained wp-container-core-group-is-layout-20186816 wp-block-group-is-layout-constrained\">\n<h2 class=\"wp-block-heading has-text-align-left ext-animate--on\">juhlatarvikkeet<\/h2>\n\n\n\n<p class=\"has-text-align-left ext-animate--on\" style=\"margin-top:1.5rem\">This section introduces our shop, showcasing products and special deals to enhance your shopping experience.<\/p>\n<\/div>\n\n\n\n<div class=\"wp-block-columns alignwide is-layout-flex wp-container-core-columns-is-layout-28f84493 wp-block-columns-is-layout-flex\">\n<div class=\"wp-block-column is-vertically-aligned-stretch ext-animate--on is-layout-flow wp-block-column-is-layout-flow\">\n<div class=\"wp-block-group is-style-ext-preset--group--natural-1--item-card-1--align-start has-tertiary-background-color has-background is-vertical is-content-justification-stretch is-layout-flex wp-container-core-group-is-layout-4cb539e6 wp-block-group-is-layout-flex\" style=\"min-height:100%;padding-top:0;padding-right:0;padding-bottom:0;padding-left:0\">\n<figure class=\"wp-block-image size-full\"><img loading=\"lazy\" decoding=\"async\" width=\"590\" height=\"443\" src=\"https:\/\/kettukallio-testi.fi\/wp-content\/uploads\/2026\/04\/juhlatarvikkeet_katos_590x.jpg\" alt=\"\" class=\"wp-image-1421\" style=\"aspect-ratio:1;object-fit:cover\" srcset=\"https:\/\/kettukallio-testi.fi\/wp-content\/uploads\/2026\/04\/juhlatarvikkeet_katos_590x.jpg 590w, https:\/\/kettukallio-testi.fi\/wp-content\/uploads\/2026\/04\/juhlatarvikkeet_katos_590x-300x225.jpg 300w, https:\/\/kettukallio-testi.fi\/wp-content\/uploads\/2026\/04\/juhlatarvikkeet_katos_590x-16x12.jpg 16w\" sizes=\"auto, (max-width: 590px) 100vw, 590px\" \/><\/figure>\n\n\n\n<div class=\"wp-block-group is-style-default wp-container-content-9cfa9a5a is-vertical is-content-justification-stretch is-layout-flex wp-container-core-group-is-layout-d1099038 wp-block-group-is-layout-flex\" style=\"margin-top:0;padding-top:1.5rem;padding-right:1.5rem;padding-bottom:1.5rem;padding-left:1.5rem\">\n<div class=\"wp-block-columns is-not-stacked-on-mobile is-layout-flex wp-container-core-columns-is-layout-ea69a204 wp-block-columns-is-layout-flex\">\n<div class=\"wp-block-column is-layout-flow wp-block-column-is-layout-flow\" style=\"flex-basis:66.66%\">\n<h3 class=\"wp-block-heading has-medium-font-size\">teltta<\/h3>\n\n\n\n<p style=\"margin-top:4px;margin-bottom:0;font-size:14px\">Category One<\/p>\n<\/div>\n\n\n\n<div class=\"wp-block-column is-layout-flow wp-block-column-is-layout-flow\" style=\"flex-basis:33.33%\">\n<h3 class=\"wp-block-heading has-text-align-right\" style=\"font-size:20px\">$9.99<\/h3>\n<\/div>\n<\/div>\n<\/div>\n<\/div>\n<\/div>\n\n\n\n<div class=\"wp-block-column is-vertically-aligned-stretch ext-animate--on is-layout-flow wp-block-column-is-layout-flow\">\n<div class=\"wp-block-group is-style-ext-preset--group--natural-1--item-card-1--align-start has-tertiary-background-color has-background is-vertical is-content-justification-stretch is-layout-flex wp-container-core-group-is-layout-4cb539e6 wp-block-group-is-layout-flex\" style=\"min-height:100%;padding-top:0;padding-right:0;padding-bottom:0;padding-left:0\">\n<figure class=\"wp-block-image size-full\"><img loading=\"lazy\" decoding=\"async\" width=\"937\" height=\"664\" src=\"https:\/\/kettukallio-testi.fi\/wp-content\/uploads\/2026\/04\/Juhlatarvikkeet_hkaari_625x.jpg\" alt=\"\" class=\"wp-image-1422\" style=\"aspect-ratio:1;object-fit:cover\" srcset=\"https:\/\/kettukallio-testi.fi\/wp-content\/uploads\/2026\/04\/Juhlatarvikkeet_hkaari_625x.jpg 937w, https:\/\/kettukallio-testi.fi\/wp-content\/uploads\/2026\/04\/Juhlatarvikkeet_hkaari_625x-300x213.jpg 300w, https:\/\/kettukallio-testi.fi\/wp-content\/uploads\/2026\/04\/Juhlatarvikkeet_hkaari_625x-768x544.jpg 768w, https:\/\/kettukallio-testi.fi\/wp-content\/uploads\/2026\/04\/Juhlatarvikkeet_hkaari_625x-18x12.jpg 18w\" sizes=\"auto, (max-width: 937px) 100vw, 937px\" \/><\/figure>\n\n\n\n<div class=\"wp-block-group is-style-default wp-container-content-9cfa9a5a is-vertical is-content-justification-stretch is-layout-flex wp-container-core-group-is-layout-d1099038 wp-block-group-is-layout-flex\" style=\"margin-top:0;padding-top:1.5rem;padding-right:1.5rem;padding-bottom:1.5rem;padding-left:1.5rem\">\n<div class=\"wp-block-columns is-not-stacked-on-mobile is-layout-flex wp-container-core-columns-is-layout-ea69a204 wp-block-columns-is-layout-flex\">\n<div class=\"wp-block-column is-layout-flow wp-block-column-is-layout-flow\" style=\"flex-basis:66.66%\">\n<h3 class=\"wp-block-heading has-medium-font-size\">h\u00e4\u00e4kaari<\/h3>\n\n\n\n<p style=\"margin-top:4px;margin-bottom:0;font-size:14px\">Category Two<\/p>\n<\/div>\n\n\n\n<div class=\"wp-block-column is-layout-flow wp-block-column-is-layout-flow\" style=\"flex-basis:33.33%\">\n<h3 class=\"wp-block-heading has-text-align-right\" style=\"font-size:20px\">$19.99<\/h3>\n<\/div>\n<\/div>\n<\/div>\n<\/div>\n<\/div>\n\n\n\n<div class=\"wp-block-column is-vertically-aligned-stretch ext-animate--on is-layout-flow wp-block-column-is-layout-flow\">\n<div class=\"wp-block-group is-style-ext-preset--group--natural-1--item-card-1--align-start has-tertiary-background-color has-background is-vertical is-content-justification-stretch is-layout-flex wp-container-core-group-is-layout-4cb539e6 wp-block-group-is-layout-flex\" style=\"min-height:100%;padding-top:0;padding-right:0;padding-bottom:0;padding-left:0\">\n<figure class=\"wp-block-image size-full\"><img loading=\"lazy\" decoding=\"async\" width=\"590\" height=\"443\" src=\"https:\/\/kettukallio-testi.fi\/wp-content\/uploads\/2026\/04\/juhlatarvikkeet_pikkumaljakot_590x.jpg\" alt=\"\" class=\"wp-image-1420\" style=\"aspect-ratio:1;object-fit:cover\" srcset=\"https:\/\/kettukallio-testi.fi\/wp-content\/uploads\/2026\/04\/juhlatarvikkeet_pikkumaljakot_590x.jpg 590w, https:\/\/kettukallio-testi.fi\/wp-content\/uploads\/2026\/04\/juhlatarvikkeet_pikkumaljakot_590x-300x225.jpg 300w, https:\/\/kettukallio-testi.fi\/wp-content\/uploads\/2026\/04\/juhlatarvikkeet_pikkumaljakot_590x-16x12.jpg 16w\" sizes=\"auto, (max-width: 590px) 100vw, 590px\" \/><\/figure>\n\n\n\n<div class=\"wp-block-group is-style-default wp-container-content-9cfa9a5a is-vertical is-content-justification-stretch is-layout-flex wp-container-core-group-is-layout-2f2da33a wp-block-group-is-layout-flex\" style=\"margin-top:0;padding-top:1.5rem;padding-right:1.5rem;padding-bottom:1.5rem;padding-left:1.5rem\">\n<div class=\"wp-block-columns is-not-stacked-on-mobile is-layout-flex wp-container-core-columns-is-layout-ea69a204 wp-block-columns-is-layout-flex\">\n<div class=\"wp-block-column is-layout-flow wp-block-column-is-layout-flow\" style=\"flex-basis:66.66%\">\n<h3 class=\"wp-block-heading has-medium-font-size\">lasit<\/h3>\n\n\n\n<p style=\"margin-top:4px;margin-bottom:0;font-size:14px\">Category Four<\/p>\n<\/div>\n\n\n\n<div class=\"wp-block-column is-layout-flow wp-block-column-is-layout-flow\" style=\"flex-basis:33.33%\">\n<h3 class=\"wp-block-heading has-text-align-right\" style=\"font-size:20px\">$29.99<\/h3>\n<\/div>\n<\/div>\n<\/div>\n<\/div>\n<\/div>\n<\/div>\n<\/div>\n\n\n\n<div class=\"wp-block-uagb-call-to-action uagb-block-d8d84e82 wp-block-button\"><div class=\"uagb-cta__wrap\"><h3 class=\"uagb-cta__title\">kysy lis\u00e4\u00e4!<\/h3><\/div><div class=\"uagb-cta__buttons\"><a href=\"#\" class=\"uagb-cta__button-link-wrapper wp-block-button__link\" target=\"_self\" rel=\"noopener noreferrer\">Contact us<svg xmlns=\"https:\/\/www.w3.org\/2000\/svg\" viewbox=\"0 0 512 512\"><path d=\"M504.3 273.6l-112.1 104c-6.992 6.484-17.18 8.218-25.94 4.406c-8.758-3.812-14.42-12.45-14.42-21.1L351.9 288H32C14.33 288 .0002 273.7 .0002 255.1S14.33 224 32 224h319.9l0-72c0-9.547 5.66-18.19 14.42-22c8.754-3.809 18.95-2.075 25.94 4.41l112.1 104C514.6 247.9 514.6 264.1 504.3 273.6z\"><\/path><\/svg><\/a><\/div><\/div>\n\n\n\n<p><\/p>","protected":false},"excerpt":{"rendered":"<p>lainattavat juhlatarvikkeet Kettukalliolla on vietetty paljon juhlia ja aina silloin t\u00e4ll\u00f6in joku asiakas haluaa lahjoittaa jotakin juhliinsa hankkimaa seuraavien asiakkaiden [&hellip;]<\/p>\n","protected":false},"author":1,"featured_media":0,"parent":228,"menu_order":0,"comment_status":"closed","ping_status":"closed","template":"","meta":{"_uag_custom_page_level_css":"","_monsterinsights_skip_tracking":false,"_monsterinsights_sitenote_active":false,"_monsterinsights_sitenote_note":"","_monsterinsights_sitenote_category":0,"site-sidebar-layout":"default","site-content-layout":"","ast-site-content-layout":"default","site-content-style":"default","site-sidebar-style":"default","ast-global-header-display":"","ast-banner-title-visibility":"","ast-main-header-display":"","ast-hfb-above-header-display":"","ast-hfb-below-header-display":"","ast-hfb-mobile-header-display":"","site-post-title":"disabled","ast-breadcrumbs-content":"","ast-featured-img":"","footer-sml-layout":"","ast-disable-related-posts":"","theme-transparent-header-meta":"","adv-header-id-meta":"","stick-header-meta":"","header-above-stick-meta":"","header-main-stick-meta":"","header-below-stick-meta":"","astra-migrate-meta-layouts":"set","ast-page-background-enabled":"default","ast-page-background-meta":{"desktop":{"background-color":"var(--ast-global-color-4)","background-image":"","background-repeat":"repeat","background-position":"center center","background-size":"auto","background-attachment":"scroll","background-type":"","background-media":"","overlay-type":"","overlay-color":"","overlay-opacity":"","overlay-gradient":""},"tablet":{"background-color":"","background-image":"","background-repeat":"repeat","background-position":"center center","background-size":"auto","background-attachment":"scroll","background-type":"","background-media":"","overlay-type":"","overlay-color":"","overlay-opacity":"","overlay-gradient":""},"mobile":{"background-color":"","background-image":"","background-repeat":"repeat","background-position":"center center","background-size":"auto","background-attachment":"scroll","background-type":"","background-media":"","overlay-type":"","overlay-color":"","overlay-opacity":"","overlay-gradient":""}},"ast-content-background-meta":{"desktop":{"background-color":"var(--ast-global-color-5)","background-image":"","background-repeat":"repeat","background-position":"center center","background-size":"auto","background-attachment":"scroll","background-type":"","background-media":"","overlay-type":"","overlay-color":"","overlay-opacity":"","overlay-gradient":""},"tablet":{"background-color":"var(--ast-global-color-5)","background-image":"","background-repeat":"repeat","background-position":"center center","background-size":"auto","background-attachment":"scroll","background-type":"","background-media":"","overlay-type":"","overlay-color":"","overlay-opacity":"","overlay-gradient":""},"mobile":{"background-color":"var(--ast-global-color-5)","background-image":"","background-repeat":"repeat","background-position":"center center","background-size":"auto","background-attachment":"scroll","background-type":"","background-media":"","overlay-type":"","overlay-color":"","overlay-opacity":"","overlay-gradient":""}},"footnotes":""},"class_list":["post-216","page","type-page","status-publish","hentry"],"uagb_featured_image_src":{"full":false,"thumbnail":false,"medium":false,"medium_large":false,"large":false,"1536x1536":false,"2048x2048":false,"trp-custom-language-flag":false},"uagb_author_info":{"display_name":"admin","author_link":"https:\/\/kettukallio-testi.fi\/en\/author\/admin\/"},"uagb_comment_info":0,"uagb_excerpt":"lainattavat juhlatarvikkeet Kettukalliolla on vietetty paljon juhlia ja aina silloin t\u00e4ll\u00f6in joku asiakas haluaa lahjoittaa jotakin juhliinsa hankkimaa seuraavien asiakkaiden [&hellip;]","_links":{"self":[{"href":"https:\/\/kettukallio-testi.fi\/en\/wp-json\/wp\/v2\/pages\/216","targetHints":{"allow":["GET"]}}],"collection":[{"href":"https:\/\/kettukallio-testi.fi\/en\/wp-json\/wp\/v2\/pages"}],"about":[{"href":"https:\/\/kettukallio-testi.fi\/en\/wp-json\/wp\/v2\/types\/page"}],"author":[{"embeddable":true,"href":"https:\/\/kettukallio-testi.fi\/en\/wp-json\/wp\/v2\/users\/1"}],"replies":[{"embeddable":true,"href":"https:\/\/kettukallio-testi.fi\/en\/wp-json\/wp\/v2\/comments?post=216"}],"version-history":[{"count":8,"href":"https:\/\/kettukallio-testi.fi\/en\/wp-json\/wp\/v2\/pages\/216\/revisions"}],"predecessor-version":[{"id":1433,"href":"https:\/\/kettukallio-testi.fi\/en\/wp-json\/wp\/v2\/pages\/216\/revisions\/1433"}],"up":[{"embeddable":true,"href":"https:\/\/kettukallio-testi.fi\/en\/wp-json\/wp\/v2\/pages\/228"}],"wp:attachment":[{"href":"https:\/\/kettukallio-testi.fi\/en\/wp-json\/wp\/v2\/media?parent=216"}],"curies":[{"name":"wp","href":"https:\/\/api.w.org\/{rel}","templated":true}]}}