{"id":228,"date":"2026-03-30T16:07:42","date_gmt":"2026-03-30T16:07:42","guid":{"rendered":"https:\/\/kettukallio-testi.fi\/juhlijoille\/"},"modified":"2026-05-13T18:15:07","modified_gmt":"2026-05-13T16:15:07","slug":"juhlijoille","status":"publish","type":"page","link":"https:\/\/kettukallio-testi.fi\/en\/juhlijoille\/","title":{"rendered":"Celebrations"},"content":{"rendered":"<div class=\"wp-block-cover alignfull\"><img loading=\"lazy\" decoding=\"async\" width=\"937\" height=\"703\" class=\"wp-block-cover__image-background wp-image-1363 size-full\" alt=\"\" src=\"https:\/\/kettukallio-testi.fi\/wp-content\/uploads\/2026\/04\/Hkattaus_Kettukallion_Elmystila_Lohja_625x.jpg\" data-object-fit=\"cover\" srcset=\"https:\/\/kettukallio-testi.fi\/wp-content\/uploads\/2026\/04\/Hkattaus_Kettukallion_Elmystila_Lohja_625x.jpg 937w, https:\/\/kettukallio-testi.fi\/wp-content\/uploads\/2026\/04\/Hkattaus_Kettukallion_Elmystila_Lohja_625x-300x225.jpg 300w, https:\/\/kettukallio-testi.fi\/wp-content\/uploads\/2026\/04\/Hkattaus_Kettukallion_Elmystila_Lohja_625x-768x576.jpg 768w, https:\/\/kettukallio-testi.fi\/wp-content\/uploads\/2026\/04\/Hkattaus_Kettukallion_Elmystila_Lohja_625x-16x12.jpg 16w\" sizes=\"auto, (max-width: 937px) 100vw, 937px\" \/><span aria-hidden=\"true\" class=\"wp-block-cover__background has-background-dim-20 has-background-dim\" style=\"background-color:#877260\"><\/span><div class=\"wp-block-cover__inner-container is-layout-constrained wp-block-cover-is-layout-constrained\">\n<p class=\"has-text-align-center has-large-font-size\"><\/p>\n<\/div><\/div>\n\n\n\n<div class=\"wp-block-group alignfull has-ast-global-color-5-background-color has-background is-nowrap is-layout-flex wp-container-core-group-is-layout-6c531013 wp-block-group-is-layout-flex\">\n<div class=\"wp-block-uagb-container uagb-block-afbf0ef7 alignfull uagb-is-root-container\"><div class=\"uagb-container-inner-blocks-wrap\">\n<h1 class=\"wp-block-heading has-text-align-center\" style=\"border-style:none;border-width:0px\">Juhlapalvelut<\/h1>\n\n\n\n<div class=\"wp-block-columns is-layout-flex wp-container-core-columns-is-layout-28f84493 wp-block-columns-is-layout-flex\">\n<div class=\"wp-block-column is-layout-flow wp-block-column-is-layout-flow\">\n<div class=\"wp-block-uagb-info-box uagb-block-bc830a7f uagb-infobox__content-wrap  uagb-infobox-icon-above-title uagb-infobox-image-valign-top\"><div class=\"uagb-ifb-content\"><div class=\"uagb-ifb-title-wrap\"><h2 class=\"uagb-ifb-title\">Kettukalliolla voit viett\u00e4\u00e4 mm. kes\u00e4juhlat, lasten kaverisyntt\u00e4rit, polttarit ja muut bileet!<\/h2><\/div><\/div><\/div>\n<\/div>\n\n\n\n<div class=\"wp-block-column is-layout-flow wp-block-column-is-layout-flow\">\n<div class=\"wp-block-uagb-info-box uagb-block-9f4be4a3 uagb-infobox__content-wrap  uagb-infobox-icon-above-title uagb-infobox-image-valign-top\"><div class=\"uagb-ifb-content\"><div class=\"uagb-ifb-title-wrap\"><\/div><p class=\"uagb-ifb-desc\">Juhlatilat soveltuvat kes\u00e4aikaan n. 60 vieraalle ja majoitusta tarjoamme 39 y\u00f6pyj\u00e4lle.<br>Ruokapalvelut onnistuvat toiveidenne mukaan. Teemme yhteisty\u00f6t\u00e4 paikallisten pitopalveluiden, kuten Chef\u00b4s Servicen, Bite cateringin ja Hiidenveden Pitomestareiden kanssa. He ovat toimittaneet maukkaita ruokia ja kakkuja asiakkaillemme jo useita vuosia. Halutessanne voitte tuoda juhliinne omat ruoat tai naposteltavat tai k\u00e4ytt\u00e4\u00e4 haluamaanne pitopalvelua. <br>Savusauna ja palju l\u00e4mpenev\u00e4t, jos se sopii teid\u00e4n juhlap\u00e4iv\u00e4\u00e4n. <br>Ohjelmapalveluita toteutamme sek\u00e4 itse ett\u00e4 yhteisty\u00f6kumppaneidemme avustuksella.<\/p><\/div><\/div>\n<\/div>\n<\/div>\n<\/div><\/div>\n<\/div>\n\n\n\n<p><\/p>\n\n\n\n<div class=\"wp-block-uagb-container uagb-block-341ccec3 alignfull uagb-is-root-container\"><div class=\"uagb-container-inner-blocks-wrap\">\n<div class=\"wp-block-group is-layout-constrained wp-block-group-is-layout-constrained\"><\/div>\n<\/div><\/div>\n\n\n\n\n\n<div class=\"inherit-container-width wp-block-group alignfull is-style-ext-preset--group--natural-1--section has-tertiary-background-color has-background is-layout-constrained wp-container-core-group-is-layout-e955bbaf wp-block-group-is-layout-constrained\" id=\"tapahtumat\" style=\"margin-top:0;margin-bottom:0;padding-top:var(--wp--preset--spacing--70);padding-bottom:var(--wp--preset--spacing--70)\">\n<div class=\"wp-block-group alignwide is-layout-constrained wp-container-core-group-is-layout-6eb5b29a wp-block-group-is-layout-constrained\">\n<div class=\"wp-block-media-text alignwide is-stacked-on-mobile is-image-fill-element is-style-ext-preset--media-text--natural-1--card-1 ext-animate--on has-ast-global-color-5-background-color has-background\" style=\"grid-template-columns:35% auto\"><figure class=\"wp-block-media-text__media\"><a href=\"\/en\/juhlijoille\/kesajuhlat\/\"><img loading=\"lazy\" decoding=\"async\" width=\"1024\" height=\"683\" src=\"https:\/\/kettukallio-testi.fi\/wp-content\/uploads\/2026\/03\/ff95dd37161a52e5c9c88591c56f29dbaf2423a8-1024x683.jpg\" alt=\"\" class=\"wp-image-246 size-full\" style=\"object-position:50% 50%\" srcset=\"https:\/\/kettukallio-testi.fi\/wp-content\/uploads\/2026\/03\/ff95dd37161a52e5c9c88591c56f29dbaf2423a8-1024x683.jpg 1024w, https:\/\/kettukallio-testi.fi\/wp-content\/uploads\/2026\/03\/ff95dd37161a52e5c9c88591c56f29dbaf2423a8-300x200.jpg 300w, https:\/\/kettukallio-testi.fi\/wp-content\/uploads\/2026\/03\/ff95dd37161a52e5c9c88591c56f29dbaf2423a8-768x513.jpg 768w, https:\/\/kettukallio-testi.fi\/wp-content\/uploads\/2026\/03\/ff95dd37161a52e5c9c88591c56f29dbaf2423a8-18x12.jpg 18w, https:\/\/kettukallio-testi.fi\/wp-content\/uploads\/2026\/03\/ff95dd37161a52e5c9c88591c56f29dbaf2423a8.jpg 1440w\" sizes=\"auto, (max-width: 1024px) 100vw, 1024px\" \/><\/a><\/figure><div class=\"wp-block-media-text__content\">\n<div class=\"wp-block-group is-style-default is-layout-constrained wp-container-core-group-is-layout-a35945ca wp-block-group-is-layout-constrained\" style=\"padding-top:var(--wp--preset--spacing--30);padding-right:var(--wp--preset--spacing--30);padding-bottom:var(--wp--preset--spacing--30);padding-left:var(--wp--preset--spacing--30)\">\n<h3 class=\"wp-block-heading\" style=\"font-size:24px\">kes\u00e4juhlat<\/h3>\n\n\n\n<p style=\"margin-top:var(--wp--preset--spacing--20)\">Syntym\u00e4p\u00e4iv\u00e4t, sukujuhlat, h\u00e4\u00e4t tai bileet suunnitteilla?<br>Kettukallion El\u00e4mystilalla voit viett\u00e4\u00e4 rennot ja luonnonl\u00e4heiset juhlat omaper\u00e4isess\u00e4 ymp\u00e4rist\u00f6ss\u00e4 mets\u00e4lammen rannalla. Tilat soveltuvat esimerkiksi syntym\u00e4p\u00e4ivien tai kes\u00e4h\u00e4iden viettoon n. 60:lle hengelle.<\/p>\n\n\n      \n\t\t\t<div class=\"uagb-icon-wrapper uagb-block-b376aedd\"\n\t\t\tstyle=\"\" >\n\t\t\t\t\t\t\t\t\t<span class=\"uagb-svg-wrapper\" \n\t\t\t\t\t aria-label=\"circle-arrow-right\"\t\t\t\t\ttabindex=\"0\">\t\t\n\t\t\t\t\t\t\t\t\t\t<a rel=\"noopener noreferrer\" href=\"https:\/\/kettukallio-testi.fi\/en\/juhlijoille\/kesajuhlat\/\" target=\"_self\"><svg xmlns=\"https:\/\/www.w3.org\/2000\/svg\" viewbox= \"0 0 512 512\" role=\"graphics-symbol\" aria-hidden=\"false\" aria-label=\"\"><path d=\"M256 0C114.6 0 0 114.6 0 256c0 141.4 114.6 256 256 256s256-114.6 256-256C512 114.6 397.4 0 256 0zM406.6 278.6l-103.1 103.1c-12.5 12.5-32.75 12.5-45.25 0s-12.5-32.75 0-45.25L306.8 288H128C110.3 288 96 273.7 96 256s14.31-32 32-32h178.8l-49.38-49.38c-12.5-12.5-12.5-32.75 0-45.25s32.75-12.5 45.25 0l103.1 103.1C414.6 241.3 416 251.1 416 256C416 260.9 414.6 270.7 406.6 278.6z\"><\/path><\/svg><\/a>\n\t\t\t\t\t\t\t\t\t<\/span>\n\t\t\t\t\t\t\t<\/div>\n\t\t\t<\/div>\n<\/div><\/div>\n\n\n\n<div class=\"wp-block-media-text alignwide is-stacked-on-mobile is-image-fill-element is-style-ext-preset--media-text--natural-1--card-1 ext-animate--on has-ast-global-color-5-background-color has-background\" style=\"grid-template-columns:35% auto\"><figure class=\"wp-block-media-text__media\"><a href=\"\/en\/juhlijoille\/lasten-kaverisynttarit\/\"><img loading=\"lazy\" decoding=\"async\" width=\"683\" height=\"1024\" src=\"https:\/\/kettukallio-testi.fi\/wp-content\/uploads\/2026\/05\/pexels-photo-10044349-10044349-683x1024.jpg\" alt=\"Two children picking up candy from the grass at an outdoor party.\" class=\"wp-image-1758 size-full\" style=\"object-position:50% 50%\" srcset=\"https:\/\/kettukallio-testi.fi\/wp-content\/uploads\/2026\/05\/pexels-photo-10044349-10044349-683x1024.jpg 683w, https:\/\/kettukallio-testi.fi\/wp-content\/uploads\/2026\/05\/pexels-photo-10044349-10044349-200x300.jpg 200w, https:\/\/kettukallio-testi.fi\/wp-content\/uploads\/2026\/05\/pexels-photo-10044349-10044349-768x1152.jpg 768w, https:\/\/kettukallio-testi.fi\/wp-content\/uploads\/2026\/05\/pexels-photo-10044349-10044349-1024x1536.jpg 1024w, https:\/\/kettukallio-testi.fi\/wp-content\/uploads\/2026\/05\/pexels-photo-10044349-10044349-1365x2048.jpg 1365w, https:\/\/kettukallio-testi.fi\/wp-content\/uploads\/2026\/05\/pexels-photo-10044349-10044349-8x12.jpg 8w, https:\/\/kettukallio-testi.fi\/wp-content\/uploads\/2026\/05\/pexels-photo-10044349-10044349-scaled.jpg 1707w\" sizes=\"auto, (max-width: 683px) 100vw, 683px\" \/><\/a><\/figure><div class=\"wp-block-media-text__content\">\n<div class=\"wp-block-group is-style-default is-layout-constrained wp-container-core-group-is-layout-a35945ca wp-block-group-is-layout-constrained\" style=\"padding-top:var(--wp--preset--spacing--30);padding-right:var(--wp--preset--spacing--30);padding-bottom:var(--wp--preset--spacing--30);padding-left:var(--wp--preset--spacing--30)\">\n<h3 class=\"wp-block-heading\" style=\"font-size:24px\">lasten kaverisyntt\u00e4rit<\/h3>\n\n\n\n<div class=\"wp-block-group is-nowrap is-layout-flex wp-container-core-group-is-layout-6fee25ed wp-block-group-is-layout-flex\" style=\"margin-top:24px;padding-top:0;padding-right:0;padding-bottom:0;padding-left:0\">\n<div class=\"wp-block-group is-nowrap is-layout-flex wp-container-core-group-is-layout-2ca071df wp-block-group-is-layout-flex\" style=\"padding-top:0;padding-right:0;padding-bottom:0;padding-left:0\">\n<p>Kettukallion El\u00e4mystilalla voi viett\u00e4\u00e4 monenlaisia lasten kaverisyntt\u00e4reit\u00e4. Valikoimaa l\u00f6ytyy monenik\u00e4isille sankareille. Kaikki syntt\u00e4rit toteutetaan pitk\u00e4lti raikkaassa ulkoilmassa ja syntt\u00e4reit\u00e4 voi viett\u00e4\u00e4 mihin aikaan vuodesta tahansa.<\/p>\n<\/div>\n<\/div>\n\n\n      \n\t\t\t<div class=\"uagb-icon-wrapper uagb-block-bdba3976\"\n\t\t\tstyle=\"\" >\n\t\t\t\t\t\t\t\t\t<span class=\"uagb-svg-wrapper\" \n\t\t\t\t\t aria-label=\"circle-arrow-right\"\t\t\t\t\ttabindex=\"0\">\t\t\n\t\t\t\t\t\t\t\t\t\t<a rel=\"noopener noreferrer\" href=\"https:\/\/kettukallio-testi.fi\/en\/juhlijoille\/lasten-kaverisynttarit\/\" target=\"_self\"><svg xmlns=\"https:\/\/www.w3.org\/2000\/svg\" viewbox= \"0 0 512 512\" role=\"graphics-symbol\" aria-hidden=\"false\" aria-label=\"\"><path d=\"M256 0C114.6 0 0 114.6 0 256c0 141.4 114.6 256 256 256s256-114.6 256-256C512 114.6 397.4 0 256 0zM406.6 278.6l-103.1 103.1c-12.5 12.5-32.75 12.5-45.25 0s-12.5-32.75 0-45.25L306.8 288H128C110.3 288 96 273.7 96 256s14.31-32 32-32h178.8l-49.38-49.38c-12.5-12.5-12.5-32.75 0-45.25s32.75-12.5 45.25 0l103.1 103.1C414.6 241.3 416 251.1 416 256C416 260.9 414.6 270.7 406.6 278.6z\"><\/path><\/svg><\/a>\n\t\t\t\t\t\t\t\t\t<\/span>\n\t\t\t\t\t\t\t<\/div>\n\t\t\t<\/div>\n<\/div><\/div>\n\n\n\n<div class=\"wp-block-media-text alignwide is-stacked-on-mobile is-image-fill-element is-style-ext-preset--media-text--natural-1--card-1 ext-animate--on has-ast-global-color-5-background-color has-background\" style=\"grid-template-columns:35% auto\"><figure class=\"wp-block-media-text__media\"><a href=\"\/en\/juhlijoille\/ruokapalvelut\/\"><img loading=\"lazy\" decoding=\"async\" width=\"590\" height=\"393\" src=\"https:\/\/kettukallio-testi.fi\/wp-content\/uploads\/2026\/04\/kettukallion-elmystila-stick-buns-over-campfire_35607007555_o_590x.jpg\" alt=\"\" class=\"wp-image-1331 size-full\" style=\"object-position:50% 50%\" srcset=\"https:\/\/kettukallio-testi.fi\/wp-content\/uploads\/2026\/04\/kettukallion-elmystila-stick-buns-over-campfire_35607007555_o_590x.jpg 590w, https:\/\/kettukallio-testi.fi\/wp-content\/uploads\/2026\/04\/kettukallion-elmystila-stick-buns-over-campfire_35607007555_o_590x-300x200.jpg 300w, https:\/\/kettukallio-testi.fi\/wp-content\/uploads\/2026\/04\/kettukallion-elmystila-stick-buns-over-campfire_35607007555_o_590x-18x12.jpg 18w\" sizes=\"auto, (max-width: 590px) 100vw, 590px\" \/><\/a><\/figure><div class=\"wp-block-media-text__content\">\n<div class=\"wp-block-group is-style-default is-layout-constrained wp-container-core-group-is-layout-a35945ca wp-block-group-is-layout-constrained\" style=\"padding-top:var(--wp--preset--spacing--30);padding-right:var(--wp--preset--spacing--30);padding-bottom:var(--wp--preset--spacing--30);padding-left:var(--wp--preset--spacing--30)\">\n<h3 class=\"wp-block-heading\" style=\"font-size:24px\">ruokapalvelut<\/h3>\n\n\n\n<p style=\"margin-top:var(--wp--preset--spacing--20)\">Hoidamme ruokailun aamusta iltaan &#8211; aamiaisesta p\u00e4iv\u00e4lliseen. Pienille ryhmille kokkailemme itse, suuremmille yhteisty\u00f6ss\u00e4 paikallisten pitopalveluiden kanssa. Allergiat ja erityisruokavaliot huomioidaan aina!<\/p>\n\n\n      \n\t\t\t<div class=\"uagb-icon-wrapper uagb-block-a70508e0\"\n\t\t\tstyle=\"\" >\n\t\t\t\t\t\t\t\t\t<span class=\"uagb-svg-wrapper\" \n\t\t\t\t\t aria-label=\"circle-arrow-right\"\t\t\t\t\ttabindex=\"0\">\t\t\n\t\t\t\t\t\t\t\t\t\t<a rel=\"noopener noreferrer\" href=\"https:\/\/kettukallio-testi.fi\/en\/juhlijoille\/ruokapalvelut\/\" target=\"_self\"><svg xmlns=\"https:\/\/www.w3.org\/2000\/svg\" viewbox= \"0 0 512 512\" role=\"graphics-symbol\" aria-hidden=\"false\" aria-label=\"\"><path d=\"M256 0C114.6 0 0 114.6 0 256c0 141.4 114.6 256 256 256s256-114.6 256-256C512 114.6 397.4 0 256 0zM406.6 278.6l-103.1 103.1c-12.5 12.5-32.75 12.5-45.25 0s-12.5-32.75 0-45.25L306.8 288H128C110.3 288 96 273.7 96 256s14.31-32 32-32h178.8l-49.38-49.38c-12.5-12.5-12.5-32.75 0-45.25s32.75-12.5 45.25 0l103.1 103.1C414.6 241.3 416 251.1 416 256C416 260.9 414.6 270.7 406.6 278.6z\"><\/path><\/svg><\/a>\n\t\t\t\t\t\t\t\t\t<\/span>\n\t\t\t\t\t\t\t<\/div>\n\t\t\t<\/div>\n<\/div><\/div>\n\n\n\n<div class=\"wp-block-media-text alignwide is-stacked-on-mobile is-image-fill-element is-style-ext-preset--media-text--natural-1--card-1 ext-animate--on has-ast-global-color-5-background-color has-background\" style=\"grid-template-columns:35% auto\"><figure class=\"wp-block-media-text__media\"><a href=\"\/en\/juhlijoille\/juhlatarvikkeet\/\"><img loading=\"lazy\" decoding=\"async\" width=\"1024\" height=\"683\" src=\"https:\/\/kettukallio-testi.fi\/wp-content\/uploads\/2026\/04\/pexels-photo-35001381-35001381-1024x683.jpg\" alt=\"A woman crafting a beautiful autumn floral arrangement indoors.\" class=\"wp-image-1295 size-full\" style=\"object-position:50% 50%\" srcset=\"https:\/\/kettukallio-testi.fi\/wp-content\/uploads\/2026\/04\/pexels-photo-35001381-35001381-1024x683.jpg 1024w, https:\/\/kettukallio-testi.fi\/wp-content\/uploads\/2026\/04\/pexels-photo-35001381-35001381-300x200.jpg 300w, https:\/\/kettukallio-testi.fi\/wp-content\/uploads\/2026\/04\/pexels-photo-35001381-35001381-768x512.jpg 768w, https:\/\/kettukallio-testi.fi\/wp-content\/uploads\/2026\/04\/pexels-photo-35001381-35001381-1536x1024.jpg 1536w, https:\/\/kettukallio-testi.fi\/wp-content\/uploads\/2026\/04\/pexels-photo-35001381-35001381-2048x1366.jpg 2048w, https:\/\/kettukallio-testi.fi\/wp-content\/uploads\/2026\/04\/pexels-photo-35001381-35001381-18x12.jpg 18w\" sizes=\"auto, (max-width: 1024px) 100vw, 1024px\" \/><\/a><\/figure><div class=\"wp-block-media-text__content\">\n<div class=\"wp-block-group is-style-default is-layout-constrained wp-container-core-group-is-layout-a35945ca wp-block-group-is-layout-constrained\" style=\"padding-top:var(--wp--preset--spacing--30);padding-right:var(--wp--preset--spacing--30);padding-bottom:var(--wp--preset--spacing--30);padding-left:var(--wp--preset--spacing--30)\">\n<h3 class=\"wp-block-heading\" style=\"font-size:24px\">juhlatarvikkeet<\/h3>\n\n\n\n<p style=\"margin-top:var(--wp--preset--spacing--20)\">Kettukalliolla on vietetty paljon juhlia ja aina silloin t\u00e4ll\u00f6in joku asiakas haluaa lahjoittaa jotakin juhliinsa hankkimaa seuraavien asiakkaiden iloksi.\u00a0<br><br><br><\/p>\n<\/div>\n\n\n      \n\t\t\t<div class=\"uagb-icon-wrapper uagb-block-6968a79d\"\n\t\t\tstyle=\"\" >\n\t\t\t\t\t\t\t\t\t<span class=\"uagb-svg-wrapper\" \n\t\t\t\t\t aria-label=\"circle-arrow-right\"\t\t\t\t\ttabindex=\"0\">\t\t\n\t\t\t\t\t\t\t\t\t\t<a rel=\"noopener noreferrer\" href=\"https:\/\/kettukallio-testi.fi\/en\/juhlijoille\/juhlatarvikkeet\/\" target=\"_self\"><svg xmlns=\"https:\/\/www.w3.org\/2000\/svg\" viewbox= \"0 0 512 512\" role=\"graphics-symbol\" aria-hidden=\"false\" aria-label=\"\"><path d=\"M256 0C114.6 0 0 114.6 0 256c0 141.4 114.6 256 256 256s256-114.6 256-256C512 114.6 397.4 0 256 0zM406.6 278.6l-103.1 103.1c-12.5 12.5-32.75 12.5-45.25 0s-12.5-32.75 0-45.25L306.8 288H128C110.3 288 96 273.7 96 256s14.31-32 32-32h178.8l-49.38-49.38c-12.5-12.5-12.5-32.75 0-45.25s32.75-12.5 45.25 0l103.1 103.1C414.6 241.3 416 251.1 416 256C416 260.9 414.6 270.7 406.6 278.6z\"><\/path><\/svg><\/a>\n\t\t\t\t\t\t\t\t\t<\/span>\n\t\t\t\t\t\t\t<\/div>\n\t\t\t<\/div><\/div>\n<\/div>\n<\/div>\n\n\n\n<div style=\"height:100px\" aria-hidden=\"true\" class=\"wp-block-spacer\"><\/div>\n\n\n\n<div class=\"inherit-container-width wp-block-group alignfull is-style-ext-preset--group--natural-1--section has-background-background-color has-background is-layout-constrained wp-container-core-group-is-layout-e96f6837 wp-block-group-is-layout-constrained\" style=\"margin-top:0;margin-bottom:0;padding-top:0;padding-right:0;padding-bottom:0;padding-left:0\">\n<div class=\"wp-block-cover alignfull is-style-ext-preset--cover--natural-1--cover-overlay-1\" style=\"padding-top:var(--wp--preset--spacing--70);padding-right:var(--wp--preset--spacing--30);padding-bottom:var(--wp--preset--spacing--70);padding-left:var(--wp--preset--spacing--30)\"><img loading=\"lazy\" decoding=\"async\" width=\"1024\" height=\"683\" class=\"wp-block-cover__image-background wp-image-1351 size-large\" alt=\"A woman runs on a forest trail surrounded by lush greenery during the day.\" src=\"https:\/\/kettukallio-testi.fi\/wp-content\/uploads\/2026\/04\/pexels-photo-10850014-10850014-1024x683.jpg\" data-object-fit=\"cover\" srcset=\"https:\/\/kettukallio-testi.fi\/wp-content\/uploads\/2026\/04\/pexels-photo-10850014-10850014-1024x683.jpg 1024w, https:\/\/kettukallio-testi.fi\/wp-content\/uploads\/2026\/04\/pexels-photo-10850014-10850014-300x200.jpg 300w, https:\/\/kettukallio-testi.fi\/wp-content\/uploads\/2026\/04\/pexels-photo-10850014-10850014-768x512.jpg 768w, https:\/\/kettukallio-testi.fi\/wp-content\/uploads\/2026\/04\/pexels-photo-10850014-10850014-1536x1024.jpg 1536w, https:\/\/kettukallio-testi.fi\/wp-content\/uploads\/2026\/04\/pexels-photo-10850014-10850014-2048x1365.jpg 2048w, https:\/\/kettukallio-testi.fi\/wp-content\/uploads\/2026\/04\/pexels-photo-10850014-10850014-18x12.jpg 18w\" sizes=\"auto, (max-width: 1024px) 100vw, 1024px\" \/><span aria-hidden=\"true\" class=\"wp-block-cover__background has-background-dim-10 has-background-dim\" style=\"background-color:#010101\"><\/span><div class=\"wp-block-cover__inner-container is-layout-constrained wp-container-core-cover-is-layout-5cffc2c1 wp-block-cover-is-layout-constrained\">\n<div class=\"wp-block-group alignwide is-vertical is-content-justification-center is-layout-flex wp-container-core-group-is-layout-c9ee0c5a wp-block-group-is-layout-flex\">\n<div class=\"wp-block-group is-layout-constrained wp-container-core-group-is-layout-2287c683 wp-block-group-is-layout-constrained\">\n<h2 class=\"wp-block-heading has-text-align-center ext-animate--on has-white-color has-text-color has-link-color has-large-font-size wp-elements-bb8cf93df8629aef5fcd8744afbe55d6\"><strong>Tee juhlista unohtumaton el\u00e4mys luonnon keskell\u00e4!<\/strong><\/h2>\n<\/div>\n\n\n\n<div class=\"wp-block-buttons is-layout-flex wp-block-buttons-is-layout-flex\">\n<div class=\"wp-block-button is-style-ext-preset--button--natural-1--button-1\"><a class=\"wp-block-button__link wp-element-button\" href=\"\/en\/ota-yhteytta\/\">Contact us<\/a><\/div>\n\n\n\n<div class=\"wp-block-button is-style-ext-preset--button--natural-1--button-1\"><a class=\"wp-block-button__link wp-element-button\" href=\"https:\/\/kettukallio.johku.com\/fi_FI\">Webshop<\/a><\/div>\n<\/div>\n<\/div>\n<\/div><\/div>\n<\/div>","protected":false},"excerpt":{"rendered":"<p>Juhlapalvelut kes\u00e4juhlat Syntym\u00e4p\u00e4iv\u00e4t, sukujuhlat, h\u00e4\u00e4t tai bileet suunnitteilla?Kettukallion El\u00e4mystilalla voit viett\u00e4\u00e4 rennot ja luonnonl\u00e4heiset juhlat omaper\u00e4isess\u00e4 ymp\u00e4rist\u00f6ss\u00e4 mets\u00e4lammen rannalla. Tilat [&hellip;]<\/p>\n","protected":false},"author":1,"featured_media":0,"parent":0,"menu_order":0,"comment_status":"closed","ping_status":"closed","template":"","meta":{"_uag_custom_page_level_css":"","_monsterinsights_skip_tracking":false,"_monsterinsights_sitenote_active":false,"_monsterinsights_sitenote_note":"","_monsterinsights_sitenote_category":0,"site-sidebar-layout":"default","site-content-layout":"","ast-site-content-layout":"default","site-content-style":"default","site-sidebar-style":"default","ast-global-header-display":"","ast-banner-title-visibility":"","ast-main-header-display":"","ast-hfb-above-header-display":"","ast-hfb-below-header-display":"","ast-hfb-mobile-header-display":"","site-post-title":"disabled","ast-breadcrumbs-content":"","ast-featured-img":"","footer-sml-layout":"","ast-disable-related-posts":"","theme-transparent-header-meta":"","adv-header-id-meta":"","stick-header-meta":"","header-above-stick-meta":"","header-main-stick-meta":"","header-below-stick-meta":"","astra-migrate-meta-layouts":"set","ast-page-background-enabled":"default","ast-page-background-meta":{"desktop":{"background-color":"var(--ast-global-color-4)","background-image":"","background-repeat":"repeat","background-position":"center center","background-size":"auto","background-attachment":"scroll","background-type":"","background-media":"","overlay-type":"","overlay-color":"","overlay-opacity":"","overlay-gradient":""},"tablet":{"background-color":"","background-image":"","background-repeat":"repeat","background-position":"center center","background-size":"auto","background-attachment":"scroll","background-type":"","background-media":"","overlay-type":"","overlay-color":"","overlay-opacity":"","overlay-gradient":""},"mobile":{"background-color":"","background-image":"","background-repeat":"repeat","background-position":"center center","background-size":"auto","background-attachment":"scroll","background-type":"","background-media":"","overlay-type":"","overlay-color":"","overlay-opacity":"","overlay-gradient":""}},"ast-content-background-meta":{"desktop":{"background-color":"var(--ast-global-color-5)","background-image":"","background-repeat":"repeat","background-position":"center center","background-size":"auto","background-attachment":"scroll","background-type":"","background-media":"","overlay-type":"","overlay-color":"","overlay-opacity":"","overlay-gradient":""},"tablet":{"background-color":"var(--ast-global-color-5)","background-image":"","background-repeat":"repeat","background-position":"center center","background-size":"auto","background-attachment":"scroll","background-type":"","background-media":"","overlay-type":"","overlay-color":"","overlay-opacity":"","overlay-gradient":""},"mobile":{"background-color":"var(--ast-global-color-5)","background-image":"","background-repeat":"repeat","background-position":"center center","background-size":"auto","background-attachment":"scroll","background-type":"","background-media":"","overlay-type":"","overlay-color":"","overlay-opacity":"","overlay-gradient":""}},"footnotes":""},"class_list":["post-228","page","type-page","status-publish","hentry"],"uagb_featured_image_src":{"full":false,"thumbnail":false,"medium":false,"medium_large":false,"large":false,"1536x1536":false,"2048x2048":false,"trp-custom-language-flag":false},"uagb_author_info":{"display_name":"admin","author_link":"https:\/\/kettukallio-testi.fi\/en\/author\/admin\/"},"uagb_comment_info":0,"uagb_excerpt":"Juhlapalvelut kes\u00e4juhlat Syntym\u00e4p\u00e4iv\u00e4t, sukujuhlat, h\u00e4\u00e4t tai bileet suunnitteilla?Kettukallion El\u00e4mystilalla voit viett\u00e4\u00e4 rennot ja luonnonl\u00e4heiset juhlat omaper\u00e4isess\u00e4 ymp\u00e4rist\u00f6ss\u00e4 mets\u00e4lammen rannalla. Tilat [&hellip;]","_links":{"self":[{"href":"https:\/\/kettukallio-testi.fi\/en\/wp-json\/wp\/v2\/pages\/228","targetHints":{"allow":["GET"]}}],"collection":[{"href":"https:\/\/kettukallio-testi.fi\/en\/wp-json\/wp\/v2\/pages"}],"about":[{"href":"https:\/\/kettukallio-testi.fi\/en\/wp-json\/wp\/v2\/types\/page"}],"author":[{"embeddable":true,"href":"https:\/\/kettukallio-testi.fi\/en\/wp-json\/wp\/v2\/users\/1"}],"replies":[{"embeddable":true,"href":"https:\/\/kettukallio-testi.fi\/en\/wp-json\/wp\/v2\/comments?post=228"}],"version-history":[{"count":38,"href":"https:\/\/kettukallio-testi.fi\/en\/wp-json\/wp\/v2\/pages\/228\/revisions"}],"predecessor-version":[{"id":1759,"href":"https:\/\/kettukallio-testi.fi\/en\/wp-json\/wp\/v2\/pages\/228\/revisions\/1759"}],"wp:attachment":[{"href":"https:\/\/kettukallio-testi.fi\/en\/wp-json\/wp\/v2\/media?parent=228"}],"curies":[{"name":"wp","href":"https:\/\/api.w.org\/{rel}","templated":true}]}}