{"id":237,"date":"2026-03-30T16:30:23","date_gmt":"2026-03-30T16:30:23","guid":{"rendered":"https:\/\/kettukallio-testi.fi\/?page_id=237"},"modified":"2026-04-27T19:09:16","modified_gmt":"2026-04-27T19:09:16","slug":"majoitusmokki","status":"publish","type":"page","link":"https:\/\/kettukallio-testi.fi\/en\/majoitus\/majoitusmokki\/","title":{"rendered":"Cabin"},"content":{"rendered":"<div class=\"wp-block-cover alignfull\"><img loading=\"lazy\" decoding=\"async\" width=\"590\" height=\"443\" class=\"wp-block-cover__image-background wp-image-303 size-full\" alt=\"\" src=\"https:\/\/kettukallio-testi.fi\/wp-content\/uploads\/2026\/04\/Majoitusmkki_Kettukallion_Elmystila_2_590x.jpg\" data-object-fit=\"cover\" srcset=\"https:\/\/kettukallio-testi.fi\/wp-content\/uploads\/2026\/04\/Majoitusmkki_Kettukallion_Elmystila_2_590x.jpg 590w, https:\/\/kettukallio-testi.fi\/wp-content\/uploads\/2026\/04\/Majoitusmkki_Kettukallion_Elmystila_2_590x-300x225.jpg 300w, https:\/\/kettukallio-testi.fi\/wp-content\/uploads\/2026\/04\/Majoitusmkki_Kettukallion_Elmystila_2_590x-16x12.jpg 16w\" sizes=\"auto, (max-width: 590px) 100vw, 590px\" \/><span aria-hidden=\"true\" class=\"wp-block-cover__background has-background-dim-0 has-background-dim\" style=\"background-color:#767471\"><\/span><div class=\"wp-block-cover__inner-container is-layout-constrained wp-block-cover-is-layout-constrained\">\n<p class=\"has-text-align-center has-large-font-size\"><\/p>\n<\/div><\/div>\n\n\n\n<div class=\"inherit-container-width wp-block-group alignfull is-style-ext-preset--group--natural-1--section ext-animate--on has-white-background-color has-background is-layout-constrained wp-container-core-group-is-layout-e955bbaf wp-block-group-is-layout-constrained\" style=\"margin-top:0;margin-bottom:0;padding-top:var(--wp--preset--spacing--70);padding-bottom:var(--wp--preset--spacing--70)\">\n<div class=\"wp-block-group alignwide ext-is-logical-start ext-animate--on is-content-justification-left is-layout-constrained wp-container-core-group-is-layout-6729bdbe wp-block-group-is-layout-constrained\">\n<h2 class=\"wp-block-heading ext-animate--on\">Cabin<\/h2>\n\n\n\n<p class=\"has-text-align-left ext-animate--on\"><\/p>\n<\/div>\n\n\n\n<div class=\"wp-block-columns alignwide ext-animate--on is-layout-flex wp-container-core-columns-is-layout-174606dc wp-block-columns-is-layout-flex\">\n<div class=\"wp-block-column is-vertically-aligned-stretch ext-animate--on is-layout-flow wp-container-core-column-is-layout-119bc444 wp-block-column-is-layout-flow\">\n<div class=\"wp-block-cover is-style-ext-preset--image--natural-1--image-1--content-right ext-animate--on\" style=\"padding-top:0;padding-bottom:0;min-height:100%;aspect-ratio:unset;\"><img loading=\"lazy\" decoding=\"async\" width=\"960\" height=\"1440\" class=\"wp-block-cover__image-background wp-image-272\" alt=\"\" src=\"https:\/\/kettukallio-testi.fi\/wp-content\/uploads\/2026\/03\/28c318bc903a1915cf56bf41e42ff56f7bdb1f51.jpg\" data-object-fit=\"cover\" srcset=\"https:\/\/kettukallio-testi.fi\/wp-content\/uploads\/2026\/03\/28c318bc903a1915cf56bf41e42ff56f7bdb1f51.jpg 960w, https:\/\/kettukallio-testi.fi\/wp-content\/uploads\/2026\/03\/28c318bc903a1915cf56bf41e42ff56f7bdb1f51-200x300.jpg 200w, https:\/\/kettukallio-testi.fi\/wp-content\/uploads\/2026\/03\/28c318bc903a1915cf56bf41e42ff56f7bdb1f51-683x1024.jpg 683w, https:\/\/kettukallio-testi.fi\/wp-content\/uploads\/2026\/03\/28c318bc903a1915cf56bf41e42ff56f7bdb1f51-768x1152.jpg 768w, https:\/\/kettukallio-testi.fi\/wp-content\/uploads\/2026\/03\/28c318bc903a1915cf56bf41e42ff56f7bdb1f51-8x12.jpg 8w\" sizes=\"auto, (max-width: 960px) 100vw, 960px\" \/><span aria-hidden=\"true\" class=\"wp-block-cover__background has-background-dim-0 has-background-dim\"><\/span><div class=\"wp-block-cover__inner-container is-layout-flow wp-block-cover-is-layout-flow\">\n<div style=\"height:240px\" aria-hidden=\"true\" class=\"wp-block-spacer ext-animate--on\"><\/div>\n<\/div><\/div>\n<\/div>\n\n\n\n<div class=\"wp-block-column is-vertically-aligned-center ext-animate--on is-layout-flow wp-block-column-is-layout-flow\">\n<div class=\"wp-block-group is-style-ext-preset--group--natural-1--item-card-1--align-start ext-animate--on is-layout-constrained wp-block-group-is-layout-constrained\">\n<div class=\"wp-block-group is-style-default ext-animate--on is-layout-constrained wp-block-group-is-layout-constrained\">\n<div class=\"wp-block-group ext-animate--on is-nowrap is-layout-flex wp-container-core-group-is-layout-64fa2afa wp-block-group-is-layout-flex\" style=\"padding-top:0;padding-right:0;padding-bottom:0;padding-left:0\">\n<figure class=\"wp-block-image size-large ext-aspect-landscape ext-animate--on wp-duotone-varpresetduotoneprimary-foreground-1\"><img decoding=\"async\" src=\"data:image\/svg+xml;base64,PHN2ZyB4bWxucz0iaHR0cDovL3d3dy53My5vcmcvMjAwMC9zdmciIHdpZHRoPSI0OCIgaGVpZ2h0PSI0OCIgZmlsbD0iIzAwMDAwMCIgdmlld0JveD0iMCAwIDI1NiAyNTYiPjxwYXRoIGQ9Ik0xNzIsNzZhNDQsNDQsMCwxLDAtNDQsNDRBNDQuMDUsNDQuMDUsMCwwLDAsMTcyLDc2Wm0tNDQsMjhhMjgsMjgsMCwxLDEsMjgtMjhBMjgsMjgsMCwwLDEsMTI4LDEwNFptNjAsMjRhNDQsNDQsMCwxLDAsNDQsNDRBNDQuMDUsNDQuMDUsMCwwLDAsMTg4LDEyOFptMCw3MmEyOCwyOCwwLDEsMSwyOC0yOEEyOCwyOCwwLDAsMSwxODgsMjAwWk02OCwxMjhhNDQsNDQsMCwxLDAsNDQsNDRBNDQuMDUsNDQuMDUsMCwwLDAsNjgsMTI4Wm0wLDcyYTI4LDI4LDAsMSwxLDI4LTI4QTI4LDI4LDAsMCwxLDY4LDIwMFoiPjwvcGF0aD48L3N2Zz4=\" alt=\"\" style=\"object-fit:cover\"\/><\/figure>\n\n\n\n<div class=\"wp-block-group ext-animate--on wp-container-content-958eb9dc is-layout-constrained wp-container-core-group-is-layout-c06d165c wp-block-group-is-layout-constrained\" style=\"padding-top:0;padding-right:0;padding-bottom:0;padding-left:0\">\n<p><\/p>\n\n\n\n<p class=\"ext-animate--on\">Lammen rannalla sijaitseva, kev\u00e4ttalvella 2023 remontoitu majoitusm\u00f6kki tarjoaa viihtyis\u00e4n majoituksen 8 henkil\u00f6lle. M\u00f6kiss\u00e4 on kerross\u00e4nkyj\u00e4 6:lle sek\u00e4 2 yksitt\u00e4ist\u00e4 s\u00e4nky\u00e4, pieni takka, j\u00e4\u00e4kaappi ja mikro. Keitti\u00f6tilaksi on k\u00e4ytett\u00e4viss\u00e4 savusaunan tupa. M\u00f6kin vieress\u00e4 sijaitsee siisti ja hyvin varusteltu ulkohuussi l\u00e4mpim\u00e4ll\u00e4 vedell\u00e4 ja rampilla liikuntarajoitteisille.<\/p>\n<\/div>\n<\/div>\n<\/div>\n<\/div>\n<\/div>\n<\/div>\n<\/div>\n\n\n\n<div class=\"inherit-container-width wp-block-group alignfull is-style-ext-preset--group--natural-1--section ext-animate--on has-tertiary-background-color has-background is-layout-constrained wp-container-core-group-is-layout-f72f1611 wp-block-group-is-layout-constrained\" style=\"margin-top:0;margin-bottom:0;padding-top:var(--wp--preset--spacing--70);padding-bottom:var(--wp--preset--spacing--70)\">\n<div class=\"wp-block-group alignwide ext-is-logical-start ext-animate--on is-content-justification-left is-layout-constrained wp-container-core-group-is-layout-6729bdbe wp-block-group-is-layout-constrained\">\n<h2 class=\"wp-block-heading ext-animate--on has-large-font-size\">Tutustu majoitukseen<\/h2>\n\n\n\n<p class=\"has-text-align-left ext-animate--on\"><\/p>\n<\/div>\n\n\n\n<div class=\"wp-block-columns alignwide are-vertically-aligned-top ext-animate--on is-layout-flex wp-container-core-columns-is-layout-87beb0d0 wp-block-columns-is-layout-flex\">\n<div class=\"wp-block-column is-vertically-aligned-top ext-animate--on is-layout-flow wp-container-core-column-is-layout-f5bb311e wp-block-column-is-layout-flow\">\n<figure class=\"wp-block-image size-large is-style-ext-preset--image--natural-1--image-1--content-bottom ext-animate--on\"><img loading=\"lazy\" decoding=\"async\" width=\"670\" height=\"1024\" src=\"https:\/\/kettukallio-testi.fi\/wp-content\/uploads\/2026\/04\/b61455330d6cbc4265ba2f4cb4cae1a660e70dd3-670x1024.jpg\" alt=\"\" class=\"wp-image-1446\" style=\"aspect-ratio:1;object-fit:cover\" srcset=\"https:\/\/kettukallio-testi.fi\/wp-content\/uploads\/2026\/04\/b61455330d6cbc4265ba2f4cb4cae1a660e70dd3-670x1024.jpg 670w, https:\/\/kettukallio-testi.fi\/wp-content\/uploads\/2026\/04\/b61455330d6cbc4265ba2f4cb4cae1a660e70dd3-196x300.jpg 196w, https:\/\/kettukallio-testi.fi\/wp-content\/uploads\/2026\/04\/b61455330d6cbc4265ba2f4cb4cae1a660e70dd3-768x1174.jpg 768w, https:\/\/kettukallio-testi.fi\/wp-content\/uploads\/2026\/04\/b61455330d6cbc4265ba2f4cb4cae1a660e70dd3-8x12.jpg 8w, https:\/\/kettukallio-testi.fi\/wp-content\/uploads\/2026\/04\/b61455330d6cbc4265ba2f4cb4cae1a660e70dd3.jpg 942w\" sizes=\"auto, (max-width: 670px) 100vw, 670px\" \/><\/figure>\n\n\n\n<figure class=\"wp-block-image size-full is-style-ext-preset--image--natural-1--image-1--content-bottom ext-animate--on\"><img loading=\"lazy\" decoding=\"async\" width=\"590\" height=\"443\" src=\"https:\/\/kettukallio-testi.fi\/wp-content\/uploads\/2026\/04\/Majoitusmkki_Kettukallion_Elmystila_2_590x.jpg\" alt=\"\" class=\"wp-image-303\" style=\"aspect-ratio:1;object-fit:cover\" srcset=\"https:\/\/kettukallio-testi.fi\/wp-content\/uploads\/2026\/04\/Majoitusmkki_Kettukallion_Elmystila_2_590x.jpg 590w, https:\/\/kettukallio-testi.fi\/wp-content\/uploads\/2026\/04\/Majoitusmkki_Kettukallion_Elmystila_2_590x-300x225.jpg 300w, https:\/\/kettukallio-testi.fi\/wp-content\/uploads\/2026\/04\/Majoitusmkki_Kettukallion_Elmystila_2_590x-16x12.jpg 16w\" sizes=\"auto, (max-width: 590px) 100vw, 590px\" \/><\/figure>\n<\/div>\n\n\n\n<div class=\"wp-block-column is-vertically-aligned-top ext-animate--on is-layout-flow wp-container-core-column-is-layout-f5bb311e wp-block-column-is-layout-flow\">\n<figure class=\"wp-block-image size-full is-style-ext-preset--image--natural-1--image-1--content-bottom ext-animate--on\"><img loading=\"lazy\" decoding=\"async\" width=\"590\" height=\"443\" src=\"https:\/\/kettukallio-testi.fi\/wp-content\/uploads\/2026\/04\/Majoitusmkki_Kettukallion_Elmystila_4_590x-2.jpg\" alt=\"\" class=\"wp-image-1506\" style=\"aspect-ratio:1;object-fit:cover\" srcset=\"https:\/\/kettukallio-testi.fi\/wp-content\/uploads\/2026\/04\/Majoitusmkki_Kettukallion_Elmystila_4_590x-2.jpg 590w, https:\/\/kettukallio-testi.fi\/wp-content\/uploads\/2026\/04\/Majoitusmkki_Kettukallion_Elmystila_4_590x-2-300x225.jpg 300w, https:\/\/kettukallio-testi.fi\/wp-content\/uploads\/2026\/04\/Majoitusmkki_Kettukallion_Elmystila_4_590x-2-16x12.jpg 16w\" sizes=\"auto, (max-width: 590px) 100vw, 590px\" \/><\/figure>\n\n\n\n<figure class=\"wp-block-image is-style-ext-preset--image--natural-1--image-1--content-bottom ext-animate--on\"><img loading=\"lazy\" decoding=\"async\" width=\"960\" height=\"1440\" src=\"https:\/\/kettukallio-testi.fi\/wp-content\/uploads\/2026\/03\/5e680fbefb670ac63b8b75bec0aea730579adb7c.jpg\" alt=\"\" class=\"wp-image-276\" style=\"aspect-ratio:1;object-fit:cover\" srcset=\"https:\/\/kettukallio-testi.fi\/wp-content\/uploads\/2026\/03\/5e680fbefb670ac63b8b75bec0aea730579adb7c.jpg 960w, https:\/\/kettukallio-testi.fi\/wp-content\/uploads\/2026\/03\/5e680fbefb670ac63b8b75bec0aea730579adb7c-200x300.jpg 200w, https:\/\/kettukallio-testi.fi\/wp-content\/uploads\/2026\/03\/5e680fbefb670ac63b8b75bec0aea730579adb7c-683x1024.jpg 683w, https:\/\/kettukallio-testi.fi\/wp-content\/uploads\/2026\/03\/5e680fbefb670ac63b8b75bec0aea730579adb7c-768x1152.jpg 768w, https:\/\/kettukallio-testi.fi\/wp-content\/uploads\/2026\/03\/5e680fbefb670ac63b8b75bec0aea730579adb7c-8x12.jpg 8w\" sizes=\"auto, (max-width: 960px) 100vw, 960px\" \/><\/figure>\n<\/div>\n\n\n\n<div class=\"wp-block-column is-vertically-aligned-top ext-animate--on is-layout-flow wp-container-core-column-is-layout-f5bb311e wp-block-column-is-layout-flow\">\n<figure class=\"wp-block-image is-style-ext-preset--image--natural-1--image-1--content-bottom ext-animate--on\"><img loading=\"lazy\" decoding=\"async\" width=\"1440\" height=\"960\" src=\"https:\/\/kettukallio-testi.fi\/wp-content\/uploads\/2026\/03\/b2b8228ce9b656d9a5ed88490e917711c4b4d6ef.jpg\" alt=\"\" class=\"wp-image-277\" style=\"aspect-ratio:1;object-fit:cover\" srcset=\"https:\/\/kettukallio-testi.fi\/wp-content\/uploads\/2026\/03\/b2b8228ce9b656d9a5ed88490e917711c4b4d6ef.jpg 1440w, https:\/\/kettukallio-testi.fi\/wp-content\/uploads\/2026\/03\/b2b8228ce9b656d9a5ed88490e917711c4b4d6ef-300x200.jpg 300w, https:\/\/kettukallio-testi.fi\/wp-content\/uploads\/2026\/03\/b2b8228ce9b656d9a5ed88490e917711c4b4d6ef-1024x683.jpg 1024w, https:\/\/kettukallio-testi.fi\/wp-content\/uploads\/2026\/03\/b2b8228ce9b656d9a5ed88490e917711c4b4d6ef-768x512.jpg 768w, https:\/\/kettukallio-testi.fi\/wp-content\/uploads\/2026\/03\/b2b8228ce9b656d9a5ed88490e917711c4b4d6ef-18x12.jpg 18w\" sizes=\"auto, (max-width: 1440px) 100vw, 1440px\" \/><\/figure>\n\n\n\n<figure class=\"wp-block-image is-style-ext-preset--image--natural-1--image-1--content-bottom ext-animate--on\"><img loading=\"lazy\" decoding=\"async\" width=\"960\" height=\"1440\" src=\"https:\/\/kettukallio-testi.fi\/wp-content\/uploads\/2026\/03\/3cdfeeb5562c62382d94bca8e17d5f84b69739f1.jpg\" alt=\"\" class=\"wp-image-278\" style=\"aspect-ratio:1;object-fit:cover\" srcset=\"https:\/\/kettukallio-testi.fi\/wp-content\/uploads\/2026\/03\/3cdfeeb5562c62382d94bca8e17d5f84b69739f1.jpg 960w, https:\/\/kettukallio-testi.fi\/wp-content\/uploads\/2026\/03\/3cdfeeb5562c62382d94bca8e17d5f84b69739f1-200x300.jpg 200w, https:\/\/kettukallio-testi.fi\/wp-content\/uploads\/2026\/03\/3cdfeeb5562c62382d94bca8e17d5f84b69739f1-683x1024.jpg 683w, https:\/\/kettukallio-testi.fi\/wp-content\/uploads\/2026\/03\/3cdfeeb5562c62382d94bca8e17d5f84b69739f1-768x1152.jpg 768w, https:\/\/kettukallio-testi.fi\/wp-content\/uploads\/2026\/03\/3cdfeeb5562c62382d94bca8e17d5f84b69739f1-8x12.jpg 8w\" sizes=\"auto, (max-width: 960px) 100vw, 960px\" \/><\/figure>\n<\/div>\n<\/div>\n<\/div>\n\n\n\n<div class=\"inherit-container-width wp-block-group alignfull is-style-ext-preset--group--natural-1--section ext-animate--on has-ast-global-color-5-background-color has-background is-layout-constrained wp-container-core-group-is-layout-e955bbaf wp-block-group-is-layout-constrained\" style=\"margin-top:0;margin-bottom:0;padding-top:var(--wp--preset--spacing--70);padding-bottom:var(--wp--preset--spacing--70)\">\n<h2 class=\"wp-block-heading has-text-align-center ext-animate--on has-large-font-size\">ominaisuudet<\/h2>\n\n\n\n<p class=\"has-text-align-center ext-animate--on\" style=\"margin-top:1.5rem\"><\/p>\n\n\n\n<div class=\"wp-block-columns alignwide ext-animate--on is-layout-flex wp-container-core-columns-is-layout-08c01c1c wp-block-columns-is-layout-flex\">\n<div class=\"wp-block-column is-vertically-aligned-stretch ext-animate--on is-layout-flow wp-container-core-column-is-layout-f5bb311e wp-block-column-is-layout-flow\">\n<div class=\"wp-block-group is-style-ext-preset--group--natural-1--item-card-1--align-center ext-animate--on is-layout-constrained wp-block-group-is-layout-constrained\">\n<div class=\"wp-block-group is-style-default ext-animate--on is-layout-constrained wp-block-group-is-layout-constrained\">\n<h3 class=\"wp-block-heading has-text-align-center ext-animate--on has-large-font-size\">majoitus<\/h3>\n\n\n\n<p class=\"has-text-align-center ext-animate--on\">8 henkil\u00f6\u00e4 <br>Kerross\u00e4nkyj\u00e4 6:lle + 2 yksitt\u00e4ist\u00e4 s\u00e4nky\u00e4 <br>Pieni takka, j\u00e4\u00e4kaappi, mikro Savusaunan tupa keitti\u00f6k\u00e4ytt\u00f6\u00f6n <br>L\u00e4mmin ulkohuussi m\u00f6kin vieress\u00e4<\/p>\n<\/div>\n<\/div>\n<\/div>\n\n\n\n<div class=\"wp-block-column is-vertically-aligned-stretch ext-animate--on is-layout-flow wp-container-core-column-is-layout-f5bb311e wp-block-column-is-layout-flow\">\n<div class=\"wp-block-group is-style-ext-preset--group--natural-1--item-card-1--align-center ext-animate--on is-layout-constrained wp-block-group-is-layout-constrained\">\n<div class=\"wp-block-group is-style-default ext-animate--on is-layout-constrained wp-block-group-is-layout-constrained\">\n<h3 class=\"wp-block-heading has-text-align-center ext-animate--on has-large-font-size\">palvelut<\/h3>\n\n\n\n<p class=\"has-text-align-center ext-animate--on\">S\u00e4hk\u00f6t ja s\u00e4hk\u00f6valaistus Ramppi liikuntarajoitteisille Vauvanhoitop\u00f6yt\u00e4 huussissa Grillipaikkoja piha-alueella Mahdollisuus saunaan ja lammiuintiin<\/p>\n<\/div>\n<\/div>\n<\/div>\n\n\n\n<div class=\"wp-block-column is-vertically-aligned-stretch ext-animate--on is-layout-flow wp-container-core-column-is-layout-f5bb311e wp-block-column-is-layout-flow\">\n<div class=\"wp-block-group is-style-ext-preset--group--natural-1--item-card-1--align-center ext-animate--on is-layout-constrained wp-block-group-is-layout-constrained\">\n<div class=\"wp-block-group is-style-default ext-animate--on is-layout-constrained wp-block-group-is-layout-constrained\">\n<h3 class=\"wp-block-heading has-text-align-center ext-animate--on has-large-font-size\">hinnat<\/h3>\n\n\n\n<p class=\"has-text-align-center ext-animate--on\">B&amp;B-majoitus alkaen 280\u20ac Lakanat ja aamupala sis\u00e4ltyv\u00e4t hintaan Lis\u00e4tilaukset: nuotiolettuset, grillimakkara, nokipannukahvit<\/p>\n<\/div>\n<\/div>\n<\/div>\n<\/div>\n<\/div>\n\n\n\n<div class=\"inherit-container-width wp-block-group alignfull is-style-ext-preset--group--natural-1--section ext-animate--on has-background-background-color has-background is-layout-constrained wp-block-group-is-layout-constrained\" style=\"margin-top:0;margin-bottom:0;padding-top:var(--wp--preset--spacing--70);padding-bottom:var(--wp--preset--spacing--70)\">\n<div class=\"wp-block-columns alignwide are-vertically-aligned-center ext-animate--on is-layout-flex wp-container-core-columns-is-layout-174606dc wp-block-columns-is-layout-flex\">\n<div class=\"wp-block-column is-vertically-aligned-center ext-animate--on is-layout-flow wp-block-column-is-layout-flow\">\n<h2 class=\"wp-block-heading ext-animate--on has-large-font-size\">Tervetuloa rentoutumaan ja nauttimaan luonnon rauhasta<\/h2>\n\n\n\n<p class=\"ext-animate--on\" style=\"margin-top:1.5rem\">Varaa m\u00f6kkisi helposti verkkokaupastamme ja valmistaudu unohtumattomaan kes\u00e4kokemukseen yst\u00e4vien ja perheen kanssa.<\/p>\n\n\n\n<div class=\"wp-block-buttons ext-animate--on is-layout-flex wp-block-buttons-is-layout-flex\">\n<div class=\"wp-block-button is-style-ext-preset--button--natural-1--button-1 ext-animate--on\"><a class=\"wp-block-button__link wp-element-button\" href=\"#\">Webshop<\/a><\/div>\n\n\n\n<div class=\"wp-block-button is-style-ext-preset--button--natural-1--button-1 ext-animate--on\"><a class=\"wp-block-button__link wp-element-button\" href=\"#\">varauskalenteri<\/a><\/div>\n\n\n\n<div class=\"wp-block-button is-style-ext-preset--button--natural-1--button-1 ext-animate--on\"><a class=\"wp-block-button__link wp-element-button\" href=\"#\">Contact us<\/a><\/div>\n<\/div>\n<\/div>\n\n\n\n<div class=\"wp-block-column is-vertically-aligned-center ext-animate--on is-layout-flow wp-block-column-is-layout-flow\">\n<figure class=\"wp-block-image is-style-ext-preset--image--natural-1--image-1--content-right ext-animate--on\"><img loading=\"lazy\" decoding=\"async\" width=\"1440\" height=\"1440\" src=\"https:\/\/kettukallio-testi.fi\/wp-content\/uploads\/2026\/03\/a915c6be5df4d859208c5de6553c9458df3fda4a.jpg\" alt=\"\" class=\"wp-image-279\" style=\"aspect-ratio:4\/3;object-fit:cover\" srcset=\"https:\/\/kettukallio-testi.fi\/wp-content\/uploads\/2026\/03\/a915c6be5df4d859208c5de6553c9458df3fda4a.jpg 1440w, https:\/\/kettukallio-testi.fi\/wp-content\/uploads\/2026\/03\/a915c6be5df4d859208c5de6553c9458df3fda4a-300x300.jpg 300w, https:\/\/kettukallio-testi.fi\/wp-content\/uploads\/2026\/03\/a915c6be5df4d859208c5de6553c9458df3fda4a-1024x1024.jpg 1024w, https:\/\/kettukallio-testi.fi\/wp-content\/uploads\/2026\/03\/a915c6be5df4d859208c5de6553c9458df3fda4a-150x150.jpg 150w, https:\/\/kettukallio-testi.fi\/wp-content\/uploads\/2026\/03\/a915c6be5df4d859208c5de6553c9458df3fda4a-768x768.jpg 768w, https:\/\/kettukallio-testi.fi\/wp-content\/uploads\/2026\/03\/a915c6be5df4d859208c5de6553c9458df3fda4a-12x12.jpg 12w\" sizes=\"auto, (max-width: 1440px) 100vw, 1440px\" \/><\/figure>\n<\/div>\n<\/div>\n<\/div>","protected":false},"excerpt":{"rendered":"<p>Majoitusm\u00f6kki Lammen rannalla sijaitseva, kev\u00e4ttalvella 2023 remontoitu majoitusm\u00f6kki tarjoaa viihtyis\u00e4n majoituksen 8 henkil\u00f6lle. M\u00f6kiss\u00e4 on kerross\u00e4nkyj\u00e4 6:lle sek\u00e4 2 yksitt\u00e4ist\u00e4 [&hellip;]<\/p>\n","protected":false},"author":1,"featured_media":0,"parent":190,"menu_order":0,"comment_status":"closed","ping_status":"closed","template":"","meta":{"_uag_custom_page_level_css":"","_monsterinsights_skip_tracking":false,"_monsterinsights_sitenote_active":false,"_monsterinsights_sitenote_note":"","_monsterinsights_sitenote_category":0,"site-sidebar-layout":"default","site-content-layout":"","ast-site-content-layout":"default","site-content-style":"default","site-sidebar-style":"default","ast-global-header-display":"","ast-banner-title-visibility":"","ast-main-header-display":"","ast-hfb-above-header-display":"","ast-hfb-below-header-display":"","ast-hfb-mobile-header-display":"","site-post-title":"disabled","ast-breadcrumbs-content":"","ast-featured-img":"","footer-sml-layout":"","ast-disable-related-posts":"","theme-transparent-header-meta":"","adv-header-id-meta":"","stick-header-meta":"","header-above-stick-meta":"","header-main-stick-meta":"","header-below-stick-meta":"","astra-migrate-meta-layouts":"set","ast-page-background-enabled":"default","ast-page-background-meta":{"desktop":{"background-color":"var(--ast-global-color-4)","background-image":"","background-repeat":"repeat","background-position":"center center","background-size":"auto","background-attachment":"scroll","background-type":"","background-media":"","overlay-type":"","overlay-color":"","overlay-opacity":"","overlay-gradient":""},"tablet":{"background-color":"","background-image":"","background-repeat":"repeat","background-position":"center center","background-size":"auto","background-attachment":"scroll","background-type":"","background-media":"","overlay-type":"","overlay-color":"","overlay-opacity":"","overlay-gradient":""},"mobile":{"background-color":"","background-image":"","background-repeat":"repeat","background-position":"center center","background-size":"auto","background-attachment":"scroll","background-type":"","background-media":"","overlay-type":"","overlay-color":"","overlay-opacity":"","overlay-gradient":""}},"ast-content-background-meta":{"desktop":{"background-color":"var(--ast-global-color-5)","background-image":"","background-repeat":"repeat","background-position":"center center","background-size":"auto","background-attachment":"scroll","background-type":"","background-media":"","overlay-type":"","overlay-color":"","overlay-opacity":"","overlay-gradient":""},"tablet":{"background-color":"var(--ast-global-color-5)","background-image":"","background-repeat":"repeat","background-position":"center center","background-size":"auto","background-attachment":"scroll","background-type":"","background-media":"","overlay-type":"","overlay-color":"","overlay-opacity":"","overlay-gradient":""},"mobile":{"background-color":"var(--ast-global-color-5)","background-image":"","background-repeat":"repeat","background-position":"center center","background-size":"auto","background-attachment":"scroll","background-type":"","background-media":"","overlay-type":"","overlay-color":"","overlay-opacity":"","overlay-gradient":""}},"footnotes":""},"class_list":["post-237","page","type-page","status-publish","hentry"],"uagb_featured_image_src":{"full":false,"thumbnail":false,"medium":false,"medium_large":false,"large":false,"1536x1536":false,"2048x2048":false,"trp-custom-language-flag":false},"uagb_author_info":{"display_name":"admin","author_link":"https:\/\/kettukallio-testi.fi\/en\/author\/admin\/"},"uagb_comment_info":0,"uagb_excerpt":"Majoitusm\u00f6kki Lammen rannalla sijaitseva, kev\u00e4ttalvella 2023 remontoitu majoitusm\u00f6kki tarjoaa viihtyis\u00e4n majoituksen 8 henkil\u00f6lle. M\u00f6kiss\u00e4 on kerross\u00e4nkyj\u00e4 6:lle sek\u00e4 2 yksitt\u00e4ist\u00e4 [&hellip;]","_links":{"self":[{"href":"https:\/\/kettukallio-testi.fi\/en\/wp-json\/wp\/v2\/pages\/237","targetHints":{"allow":["GET"]}}],"collection":[{"href":"https:\/\/kettukallio-testi.fi\/en\/wp-json\/wp\/v2\/pages"}],"about":[{"href":"https:\/\/kettukallio-testi.fi\/en\/wp-json\/wp\/v2\/types\/page"}],"author":[{"embeddable":true,"href":"https:\/\/kettukallio-testi.fi\/en\/wp-json\/wp\/v2\/users\/1"}],"replies":[{"embeddable":true,"href":"https:\/\/kettukallio-testi.fi\/en\/wp-json\/wp\/v2\/comments?post=237"}],"version-history":[{"count":5,"href":"https:\/\/kettukallio-testi.fi\/en\/wp-json\/wp\/v2\/pages\/237\/revisions"}],"predecessor-version":[{"id":1509,"href":"https:\/\/kettukallio-testi.fi\/en\/wp-json\/wp\/v2\/pages\/237\/revisions\/1509"}],"up":[{"embeddable":true,"href":"https:\/\/kettukallio-testi.fi\/en\/wp-json\/wp\/v2\/pages\/190"}],"wp:attachment":[{"href":"https:\/\/kettukallio-testi.fi\/en\/wp-json\/wp\/v2\/media?parent=237"}],"curies":[{"name":"wp","href":"https:\/\/api.w.org\/{rel}","templated":true}]}}