{"id":996,"date":"2026-04-10T19:20:47","date_gmt":"2026-04-10T19:20:47","guid":{"rendered":"https:\/\/kettukallio-testi.fi\/about\/"},"modified":"2026-05-13T22:22:49","modified_gmt":"2026-05-13T20:22:49","slug":"usein-kysyttya","status":"publish","type":"page","link":"https:\/\/kettukallio-testi.fi\/en\/usein-kysyttya\/","title":{"rendered":"Usein kysytty\u00e4"},"content":{"rendered":"<div class=\"wp-block-cover alignfull is-light\"><img loading=\"lazy\" decoding=\"async\" width=\"1024\" height=\"768\" class=\"wp-block-cover__image-background wp-image-282 size-large\" alt=\"\" src=\"https:\/\/kettukallio-testi.fi\/wp-content\/uploads\/2026\/03\/e04aee2becb956ec848e33bbce3d4b089c4c319b-1024x768.jpg\" data-object-fit=\"cover\" srcset=\"https:\/\/kettukallio-testi.fi\/wp-content\/uploads\/2026\/03\/e04aee2becb956ec848e33bbce3d4b089c4c319b-1024x768.jpg 1024w, https:\/\/kettukallio-testi.fi\/wp-content\/uploads\/2026\/03\/e04aee2becb956ec848e33bbce3d4b089c4c319b-300x225.jpg 300w, https:\/\/kettukallio-testi.fi\/wp-content\/uploads\/2026\/03\/e04aee2becb956ec848e33bbce3d4b089c4c319b-768x576.jpg 768w, https:\/\/kettukallio-testi.fi\/wp-content\/uploads\/2026\/03\/e04aee2becb956ec848e33bbce3d4b089c4c319b-16x12.jpg 16w, https:\/\/kettukallio-testi.fi\/wp-content\/uploads\/2026\/03\/e04aee2becb956ec848e33bbce3d4b089c4c319b.jpg 1440w\" sizes=\"auto, (max-width: 1024px) 100vw, 1024px\" \/><span aria-hidden=\"true\" class=\"wp-block-cover__background has-background-dim-20 has-background-dim\" style=\"background-color:#b9beaa\"><\/span><div class=\"wp-block-cover__inner-container is-layout-constrained wp-block-cover-is-layout-constrained\">\n<p class=\"has-text-align-center has-large-font-size\"><\/p>\n<\/div><\/div>\n\n\n\n<div class=\"inherit-container-width wp-block-group alignfull is-style-ext-preset--group--natural-1--section has-ast-global-color-5-background-color has-background is-layout-constrained wp-container-core-group-is-layout-e97d0c45 wp-block-group-is-layout-constrained\" style=\"margin-top:0;margin-bottom:0;padding-top:min(7rem, 10vw);padding-bottom:min(7rem, 10vw)\">\n<div class=\"wp-block-group alignwide ext-is-logical-start is-content-justification-center is-layout-constrained wp-container-core-group-is-layout-bf562fbc wp-block-group-is-layout-constrained\">\n<h1 class=\"wp-block-heading has-text-align-center\">Usein kysyttyj\u00e4 kysymyksi\u00e4<\/h1>\n\n\n\n<hr class=\"wp-block-separator has-text-color has-ast-global-color-1-color has-alpha-channel-opacity has-ast-global-color-1-background-color has-background is-style-wide\"\/>\n\n\n\n<h3 class=\"wp-block-heading ext-animate--on\"><strong>Kuinka paljon vieraita mahtuu yht\u00e4 aikaa sy\u00f6m\u00e4\u00e4n?<\/strong><\/h3>\n\n\n\n<p>Vieraita mahtuu samanaikaisesti ruokailemaan juhlakatokseen hyvin n. 60 henkil\u00f6\u00e4, maksimissaan noin 70. Tila on k\u00e4yt\u00f6ss\u00e4 p\u00e4\u00e4asiassa kes\u00e4aikaan.<\/p>\n\n\n\n<p>Tanssilavalle mahtuu ruokailemaan n. 30-45 henkil\u00f6\u00e4. Tila on puolil\u00e4mmin, sit\u00e4 l\u00e4mmitet\u00e4\u00e4n terassil\u00e4mmittimin.&nbsp;<\/p>\n\n\n\n<p class=\"ext-animate--on\">L\u00e4mpim\u00e4\u00e4n savusaunan tupaan mahtuu enint\u00e4\u00e4n 15 henkil\u00f6\u00e4.<\/p>\n\n\n\n<p><\/p>\n<\/div>\n\n\n\n<div class=\"wp-block-columns alignwide is-layout-flex wp-container-core-columns-is-layout-2b10cb7c wp-block-columns-is-layout-flex\">\n<div class=\"wp-block-column ext-animate--on is-layout-flow wp-block-column-is-layout-flow\">\n<div class=\"wp-block-group is-style-ext-preset--group--natural-1--item-card-1--align-start is-layout-constrained wp-block-group-is-layout-constrained\">\n<div class=\"wp-block-group is-style-default is-layout-constrained wp-block-group-is-layout-constrained\">\n<h3 class=\"wp-block-heading\"><strong>Voiko juhliin tuoda omat alkoholijuomat?<\/strong><\/h3>\n\n\n\n<p>Kyll\u00e4 voi. Meill\u00e4 ei ole anniskeluoikeuksia, joten emme voi myyd\u00e4 tai v\u00e4litt\u00e4\u00e4 alkoholijuomia.<\/p>\n<\/div>\n<\/div>\n<\/div>\n\n\n\n<div class=\"wp-block-column ext-animate--on is-layout-flow wp-block-column-is-layout-flow\">\n<div class=\"wp-block-group is-style-ext-preset--group--natural-1--item-card-1--align-start is-layout-constrained wp-block-group-is-layout-constrained\">\n<div class=\"wp-block-group is-style-default is-layout-constrained wp-block-group-is-layout-constrained\">\n<h3 class=\"wp-block-heading\"><strong>Onko jotain aikarajaa, mihin menness\u00e4 esimerkiksi musiikin soitto t\u00e4ytyy lopettaa?<\/strong><\/h3>\n\n\n\n<p>Ei ole. L\u00e4hialueella ei ole h\u00e4iriintyvi\u00e4 naapureita, eik\u00e4 melu juuri El\u00e4mystilan notkosta kauas kantaudukaan. Jos torpalla on jokin toinen asiakasryhm\u00e4, heid\u00e4t olisi mukava huomioida.<\/p>\n<\/div>\n<\/div>\n<\/div>\n<\/div>\n\n\n\n<div class=\"wp-block-columns alignwide is-layout-flex wp-container-core-columns-is-layout-4acd941e wp-block-columns-is-layout-flex\" style=\"margin-top:min(3rem, 6vw)\">\n<div class=\"wp-block-column ext-animate--on is-layout-flow wp-block-column-is-layout-flow\">\n<div class=\"wp-block-group is-style-ext-preset--group--natural-1--item-card-1--align-start is-layout-constrained wp-block-group-is-layout-constrained\">\n<div class=\"wp-block-group is-style-default is-layout-constrained wp-block-group-is-layout-constrained\">\n<h3 class=\"wp-block-heading\"><strong>Onko paikan p\u00e4\u00e4ll\u00e4 kuinka paljon kylm\u00e4tiloja?<\/strong><\/h3>\n\n\n\n<p>J\u00e4\u00e4kaappeja el\u00e4mystilalla on yhteens\u00e4 6. Savusaunan tuvassa on 2 t\u00e4yskorkeaa j\u00e4\u00e4viile\u00e4kaappia, juhlakatoksessa yksi j\u00e4\u00e4kaappi pienell\u00e4 pakastelokerolla, tanssilavalla on yksi pieni j\u00e4\u00e4kaappi, majoitusm\u00f6kiss\u00e4 on yksi j\u00e4\u00e4kaappi ja pieni pakastelokero. Tanssilavalta l\u00f6ytyy pieni arkkupakastin, jossa voi esim. viilent\u00e4\u00e4 juomia. Lis\u00e4ksi torpalla on t\u00e4yskorkea j\u00e4\u00e4viile\u00e4kaappi.<br>Lis\u00e4ksi isoina coolereina toimivat vanhat kylpyammeet ja kottik\u00e4rryt.&nbsp;<\/p>\n<\/div>\n<\/div>\n<\/div>\n\n\n\n<div class=\"wp-block-column ext-animate--on is-layout-flow wp-block-column-is-layout-flow\">\n<div class=\"wp-block-group is-style-ext-preset--group--natural-1--item-card-1--align-start is-layout-constrained wp-block-group-is-layout-constrained\">\n<div class=\"wp-block-group is-style-default is-layout-constrained wp-block-group-is-layout-constrained\">\n<h3 class=\"wp-block-heading\"><strong>L\u00f6ytyyk\u00f6 paikan p\u00e4\u00e4lt\u00e4 astioita?<\/strong><\/h3>\n\n\n\n<p>Savusaunan tuvassa\/ keitti\u00f6ss\u00e4 on monipuoliset astiat 30:lle: lautasia, laseja, aterimia, kahvikuppeja sek\u00e4 viini-, konjakki-, snapsi- ja kuohuviinilaseja. Lis\u00e4ksi on paljon erilaisia tarjoiluastioita, ottimia, vesikannuja ym. Kattiloita ja uunivuokia l\u00f6ytyy jonkin verran. Lainaksi saatavilla isot 10 ja 15 litran kattilat (pyyd\u00e4th\u00e4n kattilat erikseen, sill\u00e4 ne s\u00e4ilytet\u00e4\u00e4n muualla).&nbsp;<\/p>\n\n\n\n<p>Isoille ryhmille (yli 30 hl\u00f6) suosittelemme astioiden lainaamista jostakin pitopalvelusta tai astiavuokraamosta mm. ihan tavallisen kotik\u00e4ytt\u00f6isen tiskikoneen ja rajallisen vesim\u00e4\u00e4r\u00e4n (tulee kaivosta) takia.<\/p>\n<\/div>\n<\/div>\n<\/div>\n<\/div>\n\n\n\n<div class=\"wp-block-columns alignwide is-layout-flex wp-container-core-columns-is-layout-4acd941e wp-block-columns-is-layout-flex\" style=\"margin-top:min(3rem, 6vw)\">\n<div class=\"wp-block-column ext-animate--on is-layout-flow wp-block-column-is-layout-flow\">\n<div class=\"wp-block-group is-style-ext-preset--group--natural-1--item-card-1--align-start is-layout-constrained wp-block-group-is-layout-constrained\">\n<div class=\"wp-block-group is-style-default is-layout-constrained wp-block-group-is-layout-constrained\">\n<h3 class=\"wp-block-heading\"><strong>Onko paikan p\u00e4\u00e4ll\u00e4 kuinka paljon kylm\u00e4tiloja?<\/strong><\/h3>\n\n\n\n<p>J\u00e4\u00e4kaappeja el\u00e4mystilalla on yhteens\u00e4 6. Savusaunan tuvassa on 2 t\u00e4yskorkeaa j\u00e4\u00e4viile\u00e4kaappia, juhlakatoksessa yksi j\u00e4\u00e4kaappi pienell\u00e4 pakastelokerolla, tanssilavalla on yksi pieni j\u00e4\u00e4kaappi, majoitusm\u00f6kiss\u00e4 on yksi j\u00e4\u00e4kaappi ja pieni pakastelokero. Tanssilavalta l\u00f6ytyy pieni arkkupakastin, jossa voi esim. viilent\u00e4\u00e4 juomia. Lis\u00e4ksi torpalla on t\u00e4yskorkea j\u00e4\u00e4viile\u00e4kaappi.<br>Lis\u00e4ksi isoina coolereina toimivat vanhat kylpyammeet ja kottik\u00e4rryt.&nbsp;<\/p>\n<\/div>\n<\/div>\n<\/div>\n\n\n\n<div class=\"wp-block-column ext-animate--on is-layout-flow wp-block-column-is-layout-flow\">\n<div class=\"wp-block-group is-style-ext-preset--group--natural-1--item-card-1--align-start is-layout-constrained wp-block-group-is-layout-constrained\">\n<div class=\"wp-block-group is-style-default is-layout-constrained wp-block-group-is-layout-constrained\">\n<h3 class=\"wp-block-heading\"><strong>L\u00f6ytyyk\u00f6 paikan p\u00e4\u00e4lt\u00e4 astioita?<\/strong><\/h3>\n\n\n\n<p>Savusaunan tuvassa\/ keitti\u00f6ss\u00e4 on monipuoliset astiat 30:lle: lautasia, laseja, aterimia, kahvikuppeja sek\u00e4 viini-, konjakki-, snapsi- ja kuohuviinilaseja. Lis\u00e4ksi on paljon erilaisia tarjoiluastioita, ottimia, vesikannuja ym. Kattiloita ja uunivuokia l\u00f6ytyy jonkin verran. Lainaksi saatavilla isot 10 ja 15 litran kattilat (pyyd\u00e4th\u00e4n kattilat erikseen, sill\u00e4 ne s\u00e4ilytet\u00e4\u00e4n muualla).&nbsp;<\/p>\n\n\n\n<p>Isoille ryhmille (yli 30 hl\u00f6) suosittelemme astioiden lainaamista jostakin pitopalvelusta tai astiavuokraamosta mm. ihan tavallisen kotik\u00e4ytt\u00f6isen tiskikoneen ja rajallisen vesim\u00e4\u00e4r\u00e4n (tulee kaivosta) takia.<\/p>\n<\/div>\n<\/div>\n<\/div>\n<\/div>\n\n\n\n<div class=\"wp-block-columns alignwide is-layout-flex wp-container-core-columns-is-layout-4acd941e wp-block-columns-is-layout-flex\" style=\"margin-top:min(3rem, 6vw)\">\n<div class=\"wp-block-column ext-animate--on is-layout-flow wp-block-column-is-layout-flow\">\n<div class=\"wp-block-group is-style-ext-preset--group--natural-1--item-card-1--align-start is-layout-constrained wp-block-group-is-layout-constrained\">\n<div class=\"wp-block-group is-style-default is-layout-constrained wp-block-group-is-layout-constrained\">\n<h3 class=\"wp-block-heading\"><strong>kysymys<\/strong><\/h3>\n\n\n\n<p>vastaus<\/p>\n<\/div>\n<\/div>\n<\/div>\n\n\n\n<div class=\"wp-block-column ext-animate--on is-layout-flow wp-block-column-is-layout-flow\">\n<div class=\"wp-block-group is-style-ext-preset--group--natural-1--item-card-1--align-start is-layout-constrained wp-block-group-is-layout-constrained\">\n<div class=\"wp-block-group is-style-default is-layout-constrained wp-block-group-is-layout-constrained\">\n<h3 class=\"wp-block-heading\"><strong>kysymys<\/strong><\/h3>\n\n\n\n<p>vastaus<\/p>\n<\/div>\n<\/div>\n<\/div>\n<\/div>\n\n\n\n<div class=\"wp-block-columns alignwide is-layout-flex wp-container-core-columns-is-layout-4acd941e wp-block-columns-is-layout-flex\" style=\"margin-top:min(3rem, 6vw)\">\n<div class=\"wp-block-column ext-animate--on is-layout-flow wp-block-column-is-layout-flow\">\n<div class=\"wp-block-group is-style-ext-preset--group--natural-1--item-card-1--align-start is-layout-constrained wp-block-group-is-layout-constrained\">\n<div class=\"wp-block-group is-style-default is-layout-constrained wp-block-group-is-layout-constrained\">\n<h3 class=\"wp-block-heading\"><strong>kysymys<\/strong><\/h3>\n\n\n\n<p>vastaus<\/p>\n<\/div>\n<\/div>\n<\/div>\n\n\n\n<div class=\"wp-block-column ext-animate--on is-layout-flow wp-block-column-is-layout-flow\">\n<div class=\"wp-block-group is-style-ext-preset--group--natural-1--item-card-1--align-start is-layout-constrained wp-block-group-is-layout-constrained\">\n<div class=\"wp-block-group is-style-default is-layout-constrained wp-block-group-is-layout-constrained\">\n<h3 class=\"wp-block-heading\"><strong>kysymys<\/strong><\/h3>\n\n\n\n<p>vastaus<\/p>\n<\/div>\n<\/div>\n<\/div>\n<\/div>\n\n\n\n<div class=\"wp-block-columns alignwide is-layout-flex wp-container-core-columns-is-layout-4acd941e wp-block-columns-is-layout-flex\" style=\"margin-top:min(3rem, 6vw)\">\n<div class=\"wp-block-column ext-animate--on is-layout-flow wp-block-column-is-layout-flow\">\n<div class=\"wp-block-group is-style-ext-preset--group--natural-1--item-card-1--align-start is-layout-constrained wp-block-group-is-layout-constrained\">\n<div class=\"wp-block-group is-style-default is-layout-constrained wp-block-group-is-layout-constrained\">\n<h3 class=\"wp-block-heading\">kysymys<\/h3>\n\n\n\n<p>Yes, we provide ample parking space for visitors at our location.<\/p>\n<\/div>\n<\/div>\n<\/div>\n\n\n\n<div class=\"wp-block-column ext-animate--on is-layout-flow wp-block-column-is-layout-flow\">\n<div class=\"wp-block-group is-style-ext-preset--group--natural-1--item-card-1--align-start is-layout-constrained wp-block-group-is-layout-constrained\">\n<div class=\"wp-block-group is-style-default is-layout-constrained wp-block-group-is-layout-constrained\">\n<h3 class=\"wp-block-heading\">kysymys<\/h3>\n\n\n\n<p>Absolutely! We welcome private gatherings and can tailor experiences to your needs.<\/p>\n<\/div>\n<\/div>\n<\/div>\n<\/div>\n\n\n\n<div class=\"wp-block-columns alignwide is-layout-flex wp-container-core-columns-is-layout-4acd941e wp-block-columns-is-layout-flex\" style=\"margin-top:min(3rem, 6vw)\">\n<div class=\"wp-block-column ext-animate--on is-layout-flow wp-block-column-is-layout-flow\">\n<div class=\"wp-block-group is-style-ext-preset--group--natural-1--item-card-1--align-start is-layout-constrained wp-block-group-is-layout-constrained\">\n<div class=\"wp-block-group is-style-default is-layout-constrained wp-block-group-is-layout-constrained\">\n<h3 class=\"wp-block-heading\">kysymys<\/h3>\n\n\n\n<p>Yes, we provide ample parking space for visitors at our location.<\/p>\n<\/div>\n<\/div>\n<\/div>\n\n\n\n<div class=\"wp-block-column ext-animate--on is-layout-flow wp-block-column-is-layout-flow\">\n<div class=\"wp-block-group is-style-ext-preset--group--natural-1--item-card-1--align-start is-layout-constrained wp-block-group-is-layout-constrained\">\n<div class=\"wp-block-group is-style-default is-layout-constrained wp-block-group-is-layout-constrained\">\n<h3 class=\"wp-block-heading\">kysymys<\/h3>\n\n\n\n<p>Absolutely! We welcome private gatherings and can tailor experiences to your needs.<\/p>\n<\/div>\n<\/div>\n<\/div>\n<\/div>\n\n\n\n<div class=\"wp-block-columns alignwide is-layout-flex wp-container-core-columns-is-layout-4acd941e wp-block-columns-is-layout-flex\" style=\"margin-top:min(3rem, 6vw)\">\n<div class=\"wp-block-column ext-animate--on is-layout-flow wp-block-column-is-layout-flow\">\n<div class=\"wp-block-group is-style-ext-preset--group--natural-1--item-card-1--align-start is-layout-constrained wp-block-group-is-layout-constrained\">\n<div class=\"wp-block-group is-style-default is-layout-constrained wp-block-group-is-layout-constrained\">\n<h3 class=\"wp-block-heading\">kysymys<\/h3>\n\n\n\n<p>Yes, we provide ample parking space for visitors at our location.<\/p>\n<\/div>\n<\/div>\n<\/div>\n\n\n\n<div class=\"wp-block-column ext-animate--on is-layout-flow wp-block-column-is-layout-flow\">\n<div class=\"wp-block-group is-style-ext-preset--group--natural-1--item-card-1--align-start is-layout-constrained wp-block-group-is-layout-constrained\">\n<div class=\"wp-block-group is-style-default is-layout-constrained wp-block-group-is-layout-constrained\">\n<h3 class=\"wp-block-heading\">kysymys<\/h3>\n\n\n\n<p>Absolutely! We welcome private gatherings and can tailor experiences to your needs.<\/p>\n<\/div>\n<\/div>\n<\/div>\n<\/div>\n<\/div>\n\n\n\n<div class=\"inherit-container-width wp-block-group alignfull is-style-ext-preset--group--natural-1--section has-ast-global-color-5-background-color has-background is-layout-constrained wp-container-core-group-is-layout-935ae5d3 wp-block-group-is-layout-constrained\" style=\"margin-top:0;margin-bottom:0;padding-top:min(7rem, 10vw);padding-bottom:min(7rem, 10vw)\">\n<h2 class=\"wp-block-heading has-text-align-center ext-animate--on\">tervetuloa kettukallion el\u00e4mystilalle<\/h2>\n\n\n\n<p class=\"has-text-align-center ext-animate--on\" style=\"margin-top:1.5rem\">Find clear answers about our commitment to creating memorable nature experiences, reflecting the values that shape every event and adventure we offer.<\/p>\n\n\n\n<div class=\"wp-block-columns alignwide is-layout-flex wp-container-core-columns-is-layout-28f84493 wp-block-columns-is-layout-flex\">\n<div class=\"wp-block-column ext-animate--on is-layout-flow wp-block-column-is-layout-flow\">\n<figure class=\"wp-block-image is-style-ext-preset-image-natural-1-image-1--content-bottom is-style-ext-preset--image--natural-1--image-1--content-bottom\"><img loading=\"lazy\" decoding=\"async\" width=\"1440\" height=\"960\" class=\"wp-image-1782\" src=\"https:\/\/kettukallio-testi.fi\/wp-content\/uploads\/2026\/05\/31588cfcca78eb71c77b5197105e11f5adef1960.jpg\" alt=\"\" style=\"aspect-ratio:3\/4;object-fit:cover\" srcset=\"https:\/\/kettukallio-testi.fi\/wp-content\/uploads\/2026\/05\/31588cfcca78eb71c77b5197105e11f5adef1960.jpg 1440w, https:\/\/kettukallio-testi.fi\/wp-content\/uploads\/2026\/05\/31588cfcca78eb71c77b5197105e11f5adef1960-300x200.jpg 300w, https:\/\/kettukallio-testi.fi\/wp-content\/uploads\/2026\/05\/31588cfcca78eb71c77b5197105e11f5adef1960-1024x683.jpg 1024w, https:\/\/kettukallio-testi.fi\/wp-content\/uploads\/2026\/05\/31588cfcca78eb71c77b5197105e11f5adef1960-768x512.jpg 768w, https:\/\/kettukallio-testi.fi\/wp-content\/uploads\/2026\/05\/31588cfcca78eb71c77b5197105e11f5adef1960-18x12.jpg 18w\" sizes=\"auto, (max-width: 1440px) 100vw, 1440px\" \/><\/figure>\n<\/div>\n\n\n\n<div class=\"wp-block-column ext-animate--on is-layout-flow wp-block-column-is-layout-flow\">\n<figure class=\"wp-block-image is-style-ext-preset-image-natural-1-image-1--content-bottom is-style-ext-preset--image--natural-1--image-1--content-bottom\"><img loading=\"lazy\" decoding=\"async\" width=\"1440\" height=\"960\" class=\"wp-image-1783\" src=\"https:\/\/kettukallio-testi.fi\/wp-content\/uploads\/2026\/05\/72b56a168ef0cbaefa2e11b4b55f663a5982f8e3.jpg\" alt=\"\" style=\"aspect-ratio:3\/4;object-fit:cover\" srcset=\"https:\/\/kettukallio-testi.fi\/wp-content\/uploads\/2026\/05\/72b56a168ef0cbaefa2e11b4b55f663a5982f8e3.jpg 1440w, https:\/\/kettukallio-testi.fi\/wp-content\/uploads\/2026\/05\/72b56a168ef0cbaefa2e11b4b55f663a5982f8e3-300x200.jpg 300w, https:\/\/kettukallio-testi.fi\/wp-content\/uploads\/2026\/05\/72b56a168ef0cbaefa2e11b4b55f663a5982f8e3-1024x683.jpg 1024w, https:\/\/kettukallio-testi.fi\/wp-content\/uploads\/2026\/05\/72b56a168ef0cbaefa2e11b4b55f663a5982f8e3-768x512.jpg 768w, https:\/\/kettukallio-testi.fi\/wp-content\/uploads\/2026\/05\/72b56a168ef0cbaefa2e11b4b55f663a5982f8e3-18x12.jpg 18w\" sizes=\"auto, (max-width: 1440px) 100vw, 1440px\" \/><\/figure>\n<\/div>\n\n\n\n<div class=\"wp-block-column ext-animate--on is-layout-flow wp-block-column-is-layout-flow\">\n<figure class=\"wp-block-image is-style-ext-preset-image-natural-1-image-1--content-bottom is-style-ext-preset--image--natural-1--image-1--content-bottom\"><img loading=\"lazy\" decoding=\"async\" width=\"1440\" height=\"1080\" class=\"wp-image-1784\" src=\"https:\/\/kettukallio-testi.fi\/wp-content\/uploads\/2026\/05\/e74a417e0947973ab1142ac9eccaa9b2b8207d73.jpg\" alt=\"\" style=\"aspect-ratio:3\/4;object-fit:cover\" srcset=\"https:\/\/kettukallio-testi.fi\/wp-content\/uploads\/2026\/05\/e74a417e0947973ab1142ac9eccaa9b2b8207d73.jpg 1440w, https:\/\/kettukallio-testi.fi\/wp-content\/uploads\/2026\/05\/e74a417e0947973ab1142ac9eccaa9b2b8207d73-300x225.jpg 300w, https:\/\/kettukallio-testi.fi\/wp-content\/uploads\/2026\/05\/e74a417e0947973ab1142ac9eccaa9b2b8207d73-1024x768.jpg 1024w, https:\/\/kettukallio-testi.fi\/wp-content\/uploads\/2026\/05\/e74a417e0947973ab1142ac9eccaa9b2b8207d73-768x576.jpg 768w, https:\/\/kettukallio-testi.fi\/wp-content\/uploads\/2026\/05\/e74a417e0947973ab1142ac9eccaa9b2b8207d73-16x12.jpg 16w\" sizes=\"auto, (max-width: 1440px) 100vw, 1440px\" \/><\/figure>\n<\/div>\n<\/div>\n<\/div>","protected":false},"excerpt":{"rendered":"<p>Usein kysyttyj\u00e4 kysymyksi\u00e4 Kuinka paljon vieraita mahtuu yht\u00e4 aikaa sy\u00f6m\u00e4\u00e4n? Vieraita mahtuu samanaikaisesti ruokailemaan juhlakatokseen hyvin n. 60 henkil\u00f6\u00e4, maksimissaan [&hellip;]<\/p>\n","protected":false},"author":1,"featured_media":0,"parent":0,"menu_order":0,"comment_status":"closed","ping_status":"closed","template":"","meta":{"_uag_custom_page_level_css":"","_monsterinsights_skip_tracking":false,"_monsterinsights_sitenote_active":false,"_monsterinsights_sitenote_note":"","_monsterinsights_sitenote_category":0,"site-sidebar-layout":"no-sidebar","site-content-layout":"page-builder","ast-site-content-layout":"full-width-container","site-content-style":"unboxed","site-sidebar-style":"unboxed","ast-global-header-display":"","ast-banner-title-visibility":"","ast-main-header-display":"","ast-hfb-above-header-display":"","ast-hfb-below-header-display":"","ast-hfb-mobile-header-display":"","site-post-title":"disabled","ast-breadcrumbs-content":"","ast-featured-img":"","footer-sml-layout":"","ast-disable-related-posts":"","theme-transparent-header-meta":"enabled","adv-header-id-meta":"","stick-header-meta":"","header-above-stick-meta":"","header-main-stick-meta":"","header-below-stick-meta":"","astra-migrate-meta-layouts":"set","ast-page-background-enabled":"default","ast-page-background-meta":{"desktop":{"background-color":"var(--ast-global-color-4)","background-image":"","background-repeat":"repeat","background-position":"center center","background-size":"auto","background-attachment":"scroll","background-type":"","background-media":"","overlay-type":"","overlay-color":"","overlay-opacity":"","overlay-gradient":""},"tablet":{"background-color":"","background-image":"","background-repeat":"repeat","background-position":"center center","background-size":"auto","background-attachment":"scroll","background-type":"","background-media":"","overlay-type":"","overlay-color":"","overlay-opacity":"","overlay-gradient":""},"mobile":{"background-color":"","background-image":"","background-repeat":"repeat","background-position":"center center","background-size":"auto","background-attachment":"scroll","background-type":"","background-media":"","overlay-type":"","overlay-color":"","overlay-opacity":"","overlay-gradient":""}},"ast-content-background-meta":{"desktop":{"background-color":"var(--ast-global-color-5)","background-image":"","background-repeat":"repeat","background-position":"center center","background-size":"auto","background-attachment":"scroll","background-type":"","background-media":"","overlay-type":"","overlay-color":"","overlay-opacity":"","overlay-gradient":""},"tablet":{"background-color":"var(--ast-global-color-5)","background-image":"","background-repeat":"repeat","background-position":"center center","background-size":"auto","background-attachment":"scroll","background-type":"","background-media":"","overlay-type":"","overlay-color":"","overlay-opacity":"","overlay-gradient":""},"mobile":{"background-color":"var(--ast-global-color-5)","background-image":"","background-repeat":"repeat","background-position":"center center","background-size":"auto","background-attachment":"scroll","background-type":"","background-media":"","overlay-type":"","overlay-color":"","overlay-opacity":"","overlay-gradient":""}},"footnotes":""},"class_list":["post-996","page","type-page","status-publish","hentry"],"uagb_featured_image_src":{"full":false,"thumbnail":false,"medium":false,"medium_large":false,"large":false,"1536x1536":false,"2048x2048":false,"trp-custom-language-flag":false},"uagb_author_info":{"display_name":"admin","author_link":"https:\/\/kettukallio-testi.fi\/en\/author\/admin\/"},"uagb_comment_info":0,"uagb_excerpt":"Usein kysyttyj\u00e4 kysymyksi\u00e4 Kuinka paljon vieraita mahtuu yht\u00e4 aikaa sy\u00f6m\u00e4\u00e4n? Vieraita mahtuu samanaikaisesti ruokailemaan juhlakatokseen hyvin n. 60 henkil\u00f6\u00e4, maksimissaan [&hellip;]","_links":{"self":[{"href":"https:\/\/kettukallio-testi.fi\/en\/wp-json\/wp\/v2\/pages\/996","targetHints":{"allow":["GET"]}}],"collection":[{"href":"https:\/\/kettukallio-testi.fi\/en\/wp-json\/wp\/v2\/pages"}],"about":[{"href":"https:\/\/kettukallio-testi.fi\/en\/wp-json\/wp\/v2\/types\/page"}],"author":[{"embeddable":true,"href":"https:\/\/kettukallio-testi.fi\/en\/wp-json\/wp\/v2\/users\/1"}],"replies":[{"embeddable":true,"href":"https:\/\/kettukallio-testi.fi\/en\/wp-json\/wp\/v2\/comments?post=996"}],"version-history":[{"count":10,"href":"https:\/\/kettukallio-testi.fi\/en\/wp-json\/wp\/v2\/pages\/996\/revisions"}],"predecessor-version":[{"id":1785,"href":"https:\/\/kettukallio-testi.fi\/en\/wp-json\/wp\/v2\/pages\/996\/revisions\/1785"}],"wp:attachment":[{"href":"https:\/\/kettukallio-testi.fi\/en\/wp-json\/wp\/v2\/media?parent=996"}],"curies":[{"name":"wp","href":"https:\/\/api.w.org\/{rel}","templated":true}]}}